{"id":7232,"date":"2021-10-11T11:54:15","date_gmt":"2021-10-11T10:54:15","guid":{"rendered":"https:\/\/www.csnd-rdc.net\/?page_id=7232"},"modified":"2021-11-21T22:01:03","modified_gmt":"2021-11-21T21:01:03","slug":"agroalimentaire","status":"publish","type":"page","link":"https:\/\/csnd-rdc.net\/zh\/agroalimentaire\/","title":{"rendered":"\u98df\u54c1\u5de5\u4e1a"},"content":{"rendered":"<p style=\"text-align: justify;\"><img fetchpriority=\"high\" decoding=\"async\" class=\"size-medium wp-image-7234 alignleft\" src=\"https:\/\/csnd-rdc.net\/wp-content\/uploads\/2021\/10\/Ferme-de-FUTUKA-300x225.jpg\" alt=\"\" width=\"300\" height=\"225\" srcset=\"https:\/\/csnd-rdc.net\/wp-content\/uploads\/2021\/10\/Ferme-de-FUTUKA-300x225.jpg 300w, https:\/\/csnd-rdc.net\/wp-content\/uploads\/2021\/10\/Ferme-de-FUTUKA-768x576.jpg 768w, https:\/\/csnd-rdc.net\/wp-content\/uploads\/2021\/10\/Ferme-de-FUTUKA-600x450.jpg 600w, https:\/\/csnd-rdc.net\/wp-content\/uploads\/2021\/10\/Ferme-de-FUTUKA.jpg 960w\" sizes=\"(max-width: 300px) 100vw, 300px\" \/>Le\u00a0<b>\u519c\u7cae\u90e8\u95e8<\/b>\u00a0\u6216\u00a0<b>\u98df\u54c1\u5de5\u4e1a<\/b><sup id=\"cite_ref-1\" class=\"reference\"><a href=\"https:\/\/fr.wikipedia.org\/wiki\/Secteur_agroalimentaire#cite_note-1\">1<\/a><\/sup>\u00a0\u751a\u81f3\u00a0<b>\u519c\u5de5\u7efc\u5408\u4f53<\/b>\u00a0\u662f\u4e00\u4e2a\u6d3b\u52a8\u90e8\u95e8\uff0c\u5bf9\u5e94\u4e8e\u7b2c\u4e00\u4ea7\u4e1a\u7684\u6240\u6709\u516c\u53f8\uff08\u5373\u00a0<a title=\"\u519c\u4e1a\" href=\"https:\/\/fr.wikipedia.org\/wiki\/Exploitation_agricole\">\u519c\u573a<\/a>) \uff0c\u4ea7\u751f\u00a0<a class=\"mw-redirect\" title=\"\u98df\u54c1\" href=\"https:\/\/fr.wikipedia.org\/wiki\/Produit_alimentaire\">\u98df\u7269<\/a>\u00a0\u548c\u4e8c\u7ea7<a title=\"\u98df\u54c1\u5de5\u4e1a\" href=\"https:\/\/fr.wikipedia.org\/wiki\/Industrie_agroalimentaire\">\u98df\u54c1\u5de5\u4e1a<\/a>)\uff0c\u5c06\u5b83\u4eec\u8f6c\u5316\u4e3a\u00a0<a title=\"\u5de5\u4e1a\u98df\u54c1\" href=\"https:\/\/fr.wikipedia.org\/wiki\/Aliment_industriel\">\u5de5\u4e1a\u98df\u54c1<\/a>.<\/p>\n<p style=\"text-align: justify;\">\u5b83\u5305\u62ec\u4e24\u7c7b\u4eba\uff08\u4e0d\u5305\u62ec\u7531\u519c\u4e1a\u751f\u4ea7\u8005\u53ca\u5176\u65e0\u6570\u5c0f\u6279\u91cf\u519c\u4ea7\u54c1\u548c\u5728\u5e02\u573a\u4e0a\u9500\u552e\u7684\u519c\u4ea7\u54c1\u52a0\u5de5\u54c1\u7ec4\u6210\u7684\u519c\u4e1a\u90e8\u95e8\u7684\u4e00\u90e8\u5206\uff09\uff1a\u4e00\u7c7b\u662f\u519c\u4e1a\u751f\u4ea7\u8005\uff0c\u53e6\u4e00\u7c7b\u662f\u5728\u5e02\u573a\u4e0a\u9500\u552e\u7684\u5c0f\u6279\u91cf\u519c\u4ea7\u54c1\u548c\u519c\u4ea7\u54c1\u52a0\u5de5\u54c1\u3002\u00a0<a title=\"\u76f4\u63a5\u9500\u552e\" href=\"https:\/\/fr.wikipedia.org\/wiki\/Vente_directe\">\u76f4\u9500<\/a>)\u00a0:<\/p>\n<ul style=\"text-align: justify;\">\n<li>\u7684\u00a0<a title=\"\u519c\u6c11\" href=\"https:\/\/fr.wikipedia.org\/wiki\/Agriculteur\">\u519c\u4e1a\u90e8\u95e8<\/a>\u5176\u4e2d\u00a0<a title=\"\u80b2\u79cd\" href=\"https:\/\/fr.wikipedia.org\/wiki\/%C3%89levage\">\u5b66\u751f<\/a>\u00a0\u7684\u00a0<a title=\"\u7272\u755c\" href=\"https:\/\/fr.wikipedia.org\/wiki\/B%C3%A9tail\">\u755c\u7267\u4e1a<\/a>\u00a0(\u5927\u4e2d\u578b\u755c\u7fa4\uff09\u3001\u79cd\u690d\u519c\u4f5c\u7269\uff08\u8015\u5730\uff09\u5e76\u9500\u552e\u5176\u4ea7\u54c1\u3002\u00a0<a class=\"mw-redirect\" title=\"\u519c\u4ea7\u54c1\" href=\"https:\/\/fr.wikipedia.org\/wiki\/Produit_agricole\">\u519c\u4ea7\u54c1<\/a>\u00a0\u4ece\u519c\u4e1a\u98df\u54c1\u884c\u4e1a\u83b7\u5f97\uff1b<\/li>\n<li>l'<a title=\"\u98df\u54c1\u5de5\u4e1a\" href=\"https:\/\/fr.wikipedia.org\/wiki\/Industrie_agroalimentaire\">\u98df\u54c1\u5de5\u4e1a<\/a>\u5c06\u7272\u755c\u548c\u683d\u57f9\u690d\u7269\u8f6c\u5316\u4e3a\u5de5\u4e1a\u98df\u54c1\u3002<\/li>\n<\/ul>\n<p style=\"text-align: justify;\">\u8fd9\u4e00\u6d3b\u52a8\u90e8\u95e8\u6709\u81ea\u5df1\u7684\u7ecf\u6d4e\uff0c\u6c47\u96c6\u4e86\u4ee5\u4e0b\u90e8\u95e8\u7684\u6d3b\u52a8\u00a0<a title=\"\u52a0\u5de5\u4e1a\" href=\"https:\/\/fr.wikipedia.org\/wiki\/Industrie_de_transformation\">\u53d8\u9769<\/a>\u00a0\u548c\u00a0<a class=\"mw-redirect\" title=\"\u5e02\u573a\u8425\u9500\" href=\"https:\/\/fr.wikipedia.org\/wiki\/Commercialisation\">\u5e02\u573a\u8425\u9500<\/a>\u00a0\u519c\u4e1a\u98df\u54c1\u4ea7\u54c1\uff0c\u5982\u00a0<a title=\"\u4e73\u5236\u54c1\" href=\"https:\/\/fr.wikipedia.org\/wiki\/Produit_laitier\">\u4e73\u5236\u54c1<\/a>\u00a0\u5b9e\u4e1a\u5bb6<\/p>\n<p style=\"text-align: justify;\">\u6587\u5316<a title=\"\u519c\u4e1a\u8d44\u6e90\" href=\"https:\/\/fr.wikipedia.org\/wiki\/Agroressource\">\u519c\u4e1a\u8d44\u6e90<\/a>\u00a0\u975e\u98df\u54c1\u7528\u9014\uff08\u5236\u836f\u3001\u5316\u5de5\u3001\u7eba\u7ec7\u3001\u80fd\u6e90\uff09\uff0c\u5c3d\u7ba1\u5b83\u4eec\u4e0e\u98df\u54c1\u5de5\u4e1a\u7b49\u90e8\u95e8\u6709\u5173\u3002\u00a0<a title=\"\u519c\u4ea7\u54c1\u52a0\u5de5\u4e1a\" href=\"https:\/\/fr.wikipedia.org\/wiki\/Agro-industrie\">\u519c\u5de5<\/a>\u00a0\u4ecd\u5c5e\u4e8e\u8be5\u4e00\u822c\u4e1a\u52a1\u8303\u56f4\u3002<\/p>\n<p style=\"text-align: justify;\">\u6216\u8005\u628a\u519c\u4ea7\u54c1\u52a0\u5de5\u6210\u5373\u98df\u98df\u54c1\u7684\u5de5\u5382\u3002<\/p>\n<p><strong>\u5bcc\u56fe\u5361\u519c\u573a<\/strong><\/p>\n<p><iframe title=\"\u83ab\u4f0a\u5179-\u5361\u901a\u6bd4\u5728\u5bcc\u56fe\u5361\u519c\u573a\u63a5\u5f85\u745e\u5178\u548c\u52a0\u62ff\u5927\u5916\u4ea4\u5b98\" width=\"800\" height=\"450\" src=\"https:\/\/www.youtube.com\/embed\/9Ed3r0Vct7Q?feature=oembed\" frameborder=\"0\" allow=\"accelerometer; autoplay; clipboard-write; encrypted-media; gyroscope; picture-in-picture\" allowfullscreen><\/iframe><\/p>\n<h1>FUTUKA \u519c\u573a<\/h1>\n<p style=\"text-align: justify;\"><a href=\"http:\/\/www.katanga-tourisme.org\/files\/2013\/03\/030052012170121000000JA2681p071_01.jpg\"><img decoding=\"async\" class=\"size-medium wp-image-1371 alignleft\" src=\"https:\/\/csnd-rdc.net\/wp-content\/uploads\/2021\/11\/030052012170121000000ja2681p071_01-300x171.jpg\" sizes=\"(max-width: 257px) 100vw, 257px\" srcset=\"https:\/\/www.katanga-tourisme.org\/files\/2013\/03\/030052012170121000000JA2681p071_01-300x171.jpg 300w, https:\/\/www.katanga-tourisme.org\/files\/2013\/03\/030052012170121000000JA2681p071_01.jpg 350w\" alt=\"030052012170121000000JA2681p071_01\" width=\"257\" height=\"146\" \/><\/a><span class=\"dropcap2 black\">L<\/span>\u5bcc\u56fe\u5361\u519c\u573a\u8ddd\u79bb\u00a0<a href=\"http:\/\/www.katanga-tourisme.org\/index.php\/lubumbashi\/\" target=\"_blank\" rel=\"noopener\">\u5362\u672c\u5df4\u5e0c\u00a0<\/a>\u5728\u901a\u5f80\u00a0<strong>\u5361\u68ee\u52a0<\/strong>\u00a0\u8fd9\u662f\u7701\u957f\u7684\u804c\u6743\u8303\u56f4\u3001\u00a0<a href=\"http:\/\/fr.wikipedia.org\/wiki\/Mo%C3%AFse_Katumbi_Chapwe\" target=\"_blank\" rel=\"noopener\">\u83ab\u4f0a\u585e-\u5361\u56fe\u59c6\u6bd4<\/a>.\u96c6\u56e2\u6253\u7b97\u4ee5\u8eab\u4f5c\u5219\uff0c\u6295\u8d44\u4e8e\u00a0<strong>\u57fa\u7840\u8bbe\u65bd<\/strong>\u00a0<strong>\u519c\u4e1a<\/strong>\u00a0\u63d0\u9ad8\u4ea7\u91cf\u548c\u5730\u65b9\u751f\u4ea7\u89c4\u6a21\u00a0<strong>\u7701<\/strong>\u4f5c\u4e3a\u65b0\u7684\u00a0<strong>\u519c\u4e1a\u4e49\u52a1<\/strong>.<\/p>\n<p style=\"text-align: justify;\">\u8fd9\u6837\uff0c\u957f\u671f\u76ee\u6807\u662f\u5728\u786e\u4fdd\u6700\u4f4e\u5b89\u5168\u6c34\u5e73\u7684\u540c\u65f6\u51cf\u5c11\u8fdb\u53e3\u3002<strong>\u81ea\u7ed9\u81ea\u8db3<\/strong>\u00a0<strong>\u98df\u7269<\/strong>\u00a0\u5728\u8fd9\u4e2a\u56fd\u5bb6\u7279\u522b\u7e41\u8363\u7684\u5730\u533a\u3002<\/p>\n<p style=\"text-align: justify;\"><span class=\"dropcap2 black\">C<\/span>\u4ed6\u7684\u9886\u57df\u662f\u4e00\u79cd\u00a0<strong>\u8bd5\u70b9\u9879\u76ee<\/strong>\u00a0\u5728\u00a0<strong>\u751f\u6001\u65c5\u6e38<\/strong>\u00a0\u548c\u00a0<strong>\u53ef\u6301\u7eed\u53d1\u5c55<\/strong>\u00a0(\u7684\u5fae\u578b\u7535\u7ad9\uff0c\u4e0d\u4e45\u8fd8\u5c06\u6709\u4e00\u4e2a<strong>\u00a0\u5730\u65b9\u536b\u751f<\/strong>\u00a0\u9644\u8fd1\uff1b\u592a\u9633\u80fd\u7535\u6c60\u677f\u4e95......\uff09\u3002<\/p>\n<p style=\"text-align: justify;\">\u8be5\u666f\u70b9\u4f4d\u4e8e\u5361\u7ecd\u5e03\u97e6\u6cb3\u7554\uff0c\u5bf9\u6e38\u5ba2\u5f00\u653e\u3002\u60a8\u53ef\u4ee5\u5782\u9493\u3001\u9732\u8425\u751a\u81f3\u9493\u9c7c\u3002\u00a0<strong>\u5f69\u5f39\u5c04\u51fb<\/strong>.\u8fd8\u53ef\u4ee5\u770b\u5230\u52a8\u7269\uff08\u7f9a\u7f8a\u7b49\uff09\u3002<\/p>","protected":false},"excerpt":{"rendered":"<p>Le\u00a0secteur agroalimentaire\u00a0ou\u00a0secteur agro-alimentaire1\u00a0ou encore\u00a0complexe agro-industriel\u00a0est un secteur d&rsquo;activit\u00e9 correspondant \u00e0 l&rsquo;ensemble des entreprises des secteurs primaire (les\u00a0exploitations agricoles) qui produisent des\u00a0aliments\u00a0et secondaire (l&rsquo;industrie agroalimentaire) qui transforment ceux-ci en\u00a0aliments industriels. Il regroupe deux ensembles (n&rsquo;est pas comptabilis\u00e9 la part de secteur agricole compos\u00e9 des producteurs fermiers et leurs innombrables productions et transformations fermi\u00e8res de faibles volumes [&hellip;]<\/p>","protected":false},"author":1,"featured_media":0,"parent":0,"menu_order":0,"comment_status":"closed","ping_status":"closed","template":"","meta":{"give_campaign_id":0,"inline_featured_image":false,"footnotes":""},"class_list":["post-7232","page","type-page","status-publish","hentry"],"yoast_head":"<!-- This site is optimized with the Yoast SEO plugin v26.1 - https:\/\/yoast.com\/wordpress\/plugins\/seo\/ -->\n<title>Agroalimentaire - Conseil Strat\u00e9gique National pour le D\u00e9veloppement<\/title>\n<meta name=\"description\" content=\"Le secteur agroalimentaire ou secteur agro-alimentaire ou encore complexe agro-industriel est un secteur d&#039;activit\u00e9 correspondant \u00e0 l&#039;ense...\" \/>\n<meta name=\"robots\" content=\"index, follow, max-snippet:-1, max-image-preview:large, max-video-preview:-1\" \/>\n<link rel=\"canonical\" href=\"https:\/\/csnd-rdc.net\/zh\/agroalimentaire\/\" \/>\n<meta property=\"og:locale\" content=\"zh_CN\" \/>\n<meta property=\"og:type\" content=\"article\" \/>\n<meta property=\"og:title\" content=\"Agroalimentaire - Conseil Strat\u00e9gique National pour le D\u00e9veloppement\" \/>\n<meta property=\"og:description\" content=\"Le secteur agroalimentaire ou secteur agro-alimentaire ou encore complexe agro-industriel est un secteur d&#039;activit\u00e9 correspondant \u00e0 l&#039;ense...\" \/>\n<meta property=\"og:url\" content=\"https:\/\/csnd-rdc.net\/zh\/agroalimentaire\/\" \/>\n<meta property=\"og:site_name\" content=\"Conseil Strat\u00e9gique National pour le D\u00e9veloppement\" \/>\n<meta property=\"article:modified_time\" content=\"2021-11-21T21:01:03+00:00\" \/>\n<meta property=\"og:image\" content=\"https:\/\/csnd-rdc.net\/wp-content\/uploads\/2021\/10\/Ferme-de-FUTUKA-300x225.jpg\" \/>\n<meta name=\"twitter:card\" content=\"summary_large_image\" \/>\n<meta name=\"twitter:label1\" content=\"\u9884\u8ba1\u9605\u8bfb\u65f6\u95f4\" \/>\n\t<meta name=\"twitter:data1\" content=\"2 \u5206\" \/>\n<script type=\"application\/ld+json\" class=\"yoast-schema-graph\">{\"@context\":\"https:\/\/schema.org\",\"@graph\":[{\"@type\":\"WebPage\",\"@id\":\"https:\/\/csnd-rdc.net\/agroalimentaire\/\",\"url\":\"https:\/\/csnd-rdc.net\/agroalimentaire\/\",\"name\":\"Agroalimentaire - Conseil Strat\u00e9gique National pour le D\u00e9veloppement\",\"isPartOf\":{\"@id\":\"https:\/\/csnd-rdc.net\/#website\"},\"primaryImageOfPage\":{\"@id\":\"https:\/\/csnd-rdc.net\/agroalimentaire\/#primaryimage\"},\"image\":{\"@id\":\"https:\/\/csnd-rdc.net\/agroalimentaire\/#primaryimage\"},\"thumbnailUrl\":\"https:\/\/csnd-rdc.net\/wp-content\/uploads\/2021\/10\/Ferme-de-FUTUKA-300x225.jpg\",\"datePublished\":\"2021-10-11T10:54:15+00:00\",\"dateModified\":\"2021-11-21T21:01:03+00:00\",\"description\":\"Le secteur agroalimentaire ou secteur agro-alimentaire ou encore complexe agro-industriel est un secteur d'activit\u00e9 correspondant \u00e0 l'ense...\",\"breadcrumb\":{\"@id\":\"https:\/\/csnd-rdc.net\/agroalimentaire\/#breadcrumb\"},\"inLanguage\":\"zh-Hans\",\"potentialAction\":[{\"@type\":\"ReadAction\",\"target\":[\"https:\/\/csnd-rdc.net\/agroalimentaire\/\"]}]},{\"@type\":\"ImageObject\",\"inLanguage\":\"zh-Hans\",\"@id\":\"https:\/\/csnd-rdc.net\/agroalimentaire\/#primaryimage\",\"url\":\"https:\/\/csnd-rdc.net\/wp-content\/uploads\/2021\/10\/Ferme-de-FUTUKA-300x225.jpg\",\"contentUrl\":\"https:\/\/csnd-rdc.net\/wp-content\/uploads\/2021\/10\/Ferme-de-FUTUKA-300x225.jpg\"},{\"@type\":\"BreadcrumbList\",\"@id\":\"https:\/\/csnd-rdc.net\/agroalimentaire\/#breadcrumb\",\"itemListElement\":[{\"@type\":\"ListItem\",\"position\":1,\"name\":\"Accueil\",\"item\":\"https:\/\/csnd-rdc.net\/\"},{\"@type\":\"ListItem\",\"position\":2,\"name\":\"Agroalimentaire\"}]},{\"@type\":\"WebSite\",\"@id\":\"https:\/\/csnd-rdc.net\/#website\",\"url\":\"https:\/\/csnd-rdc.net\/\",\"name\":\"Conseil Strat\u00e9gique National pour le D\u00e9veloppement\",\"description\":\"Site Web Officiel - D\u00e9velopp\u00e9 par E-Business Afrika Sarl\",\"potentialAction\":[{\"@type\":\"SearchAction\",\"target\":{\"@type\":\"EntryPoint\",\"urlTemplate\":\"https:\/\/csnd-rdc.net\/?s={search_term_string}\"},\"query-input\":{\"@type\":\"PropertyValueSpecification\",\"valueRequired\":true,\"valueName\":\"search_term_string\"}}],\"inLanguage\":\"zh-Hans\"}]}<\/script>\n<!-- \/ Yoast SEO plugin. -->","yoast_head_json":{"title":"\u519c\u4e1a\u98df\u54c1 - \u56fd\u5bb6\u53d1\u5c55\u6218\u7565\u59d4\u5458\u4f1a","description":"\u519c\u4e1a\u98df\u54c1\u90e8\u95e8\u3001\u519c\u4e1a\u98df\u54c1\u884c\u4e1a\u6216\u519c\u4e1a\u5de5\u4e1a\u7efc\u5408\u4f53\u662f\u4e0e\u98df\u54c1\u5de5\u4e1a\u76f8\u5bf9\u5e94\u7684\u6d3b\u52a8\u90e8\u95e8\u3002","robots":{"index":"index","follow":"follow","max-snippet":"max-snippet:-1","max-image-preview":"max-image-preview:large","max-video-preview":"max-video-preview:-1"},"canonical":"https:\/\/csnd-rdc.net\/zh\/agroalimentaire\/","og_locale":"zh_CN","og_type":"article","og_title":"Agroalimentaire - Conseil Strat\u00e9gique National pour le D\u00e9veloppement","og_description":"Le secteur agroalimentaire ou secteur agro-alimentaire ou encore complexe agro-industriel est un secteur d'activit\u00e9 correspondant \u00e0 l'ense...","og_url":"https:\/\/csnd-rdc.net\/zh\/agroalimentaire\/","og_site_name":"Conseil Strat\u00e9gique National pour le D\u00e9veloppement","article_modified_time":"2021-11-21T21:01:03+00:00","og_image":[{"url":"https:\/\/csnd-rdc.net\/wp-content\/uploads\/2021\/10\/Ferme-de-FUTUKA-300x225.jpg","type":"","width":"","height":""}],"twitter_card":"summary_large_image","twitter_misc":{"\u9884\u8ba1\u9605\u8bfb\u65f6\u95f4":"2 \u5206"},"schema":{"@context":"https:\/\/schema.org","@graph":[{"@type":"WebPage","@id":"https:\/\/csnd-rdc.net\/agroalimentaire\/","url":"https:\/\/csnd-rdc.net\/agroalimentaire\/","name":"\u519c\u4e1a\u98df\u54c1 - \u56fd\u5bb6\u53d1\u5c55\u6218\u7565\u59d4\u5458\u4f1a","isPartOf":{"@id":"https:\/\/csnd-rdc.net\/#website"},"primaryImageOfPage":{"@id":"https:\/\/csnd-rdc.net\/agroalimentaire\/#primaryimage"},"image":{"@id":"https:\/\/csnd-rdc.net\/agroalimentaire\/#primaryimage"},"thumbnailUrl":"https:\/\/csnd-rdc.net\/wp-content\/uploads\/2021\/10\/Ferme-de-FUTUKA-300x225.jpg","datePublished":"2021-10-11T10:54:15+00:00","dateModified":"2021-11-21T21:01:03+00:00","description":"\u519c\u4e1a\u98df\u54c1\u90e8\u95e8\u3001\u519c\u4e1a\u98df\u54c1\u884c\u4e1a\u6216\u519c\u4e1a\u5de5\u4e1a\u7efc\u5408\u4f53\u662f\u4e0e\u98df\u54c1\u5de5\u4e1a\u76f8\u5bf9\u5e94\u7684\u6d3b\u52a8\u90e8\u95e8\u3002","breadcrumb":{"@id":"https:\/\/csnd-rdc.net\/agroalimentaire\/#breadcrumb"},"inLanguage":"zh-Hans","potentialAction":[{"@type":"ReadAction","target":["https:\/\/csnd-rdc.net\/agroalimentaire\/"]}]},{"@type":"ImageObject","inLanguage":"zh-Hans","@id":"https:\/\/csnd-rdc.net\/agroalimentaire\/#primaryimage","url":"https:\/\/csnd-rdc.net\/wp-content\/uploads\/2021\/10\/Ferme-de-FUTUKA-300x225.jpg","contentUrl":"https:\/\/csnd-rdc.net\/wp-content\/uploads\/2021\/10\/Ferme-de-FUTUKA-300x225.jpg"},{"@type":"BreadcrumbList","@id":"https:\/\/csnd-rdc.net\/agroalimentaire\/#breadcrumb","itemListElement":[{"@type":"ListItem","position":1,"name":"Accueil","item":"https:\/\/csnd-rdc.net\/"},{"@type":"ListItem","position":2,"name":"Agroalimentaire"}]},{"@type":"WebSite","@id":"https:\/\/csnd-rdc.net\/#website","url":"https:\/\/csnd-rdc.net\/","name":"\u56fd\u5bb6\u53d1\u5c55\u6218\u7565\u59d4\u5458\u4f1a","description":"\u5b98\u65b9\u7f51\u7ad9 - \u7531 E-Business Afrika Sarl \u5f00\u53d1","potentialAction":[{"@type":"SearchAction","target":{"@type":"EntryPoint","urlTemplate":"https:\/\/csnd-rdc.net\/?s={search_term_string}"},"query-input":{"@type":"PropertyValueSpecification","valueRequired":true,"valueName":"search_term_string"}}],"inLanguage":"zh-Hans"}]}},"campaignId":"","_links":{"self":[{"href":"https:\/\/csnd-rdc.net\/zh\/wp-json\/wp\/v2\/pages\/7232","targetHints":{"allow":["GET"]}}],"collection":[{"href":"https:\/\/csnd-rdc.net\/zh\/wp-json\/wp\/v2\/pages"}],"about":[{"href":"https:\/\/csnd-rdc.net\/zh\/wp-json\/wp\/v2\/types\/page"}],"author":[{"embeddable":true,"href":"https:\/\/csnd-rdc.net\/zh\/wp-json\/wp\/v2\/users\/1"}],"replies":[{"embeddable":true,"href":"https:\/\/csnd-rdc.net\/zh\/wp-json\/wp\/v2\/comments?post=7232"}],"version-history":[{"count":0,"href":"https:\/\/csnd-rdc.net\/zh\/wp-json\/wp\/v2\/pages\/7232\/revisions"}],"wp:attachment":[{"href":"https:\/\/csnd-rdc.net\/zh\/wp-json\/wp\/v2\/media?parent=7232"}],"curies":[{"name":"wp","href":"https:\/\/api.w.org\/{rel}","templated":true}]}}