{"id":6467,"date":"2021-09-06T12:11:56","date_gmt":"2021-09-06T11:11:56","guid":{"rendered":"https:\/\/www.csnd-rdc.net\/?page_id=6467"},"modified":"2021-09-06T12:11:56","modified_gmt":"2021-09-06T11:11:56","slug":"le-secteur-minier-en-rdc-congo","status":"publish","type":"page","link":"https:\/\/csnd-rdc.net\/zh\/le-secteur-minier-en-rdc-congo\/","title":{"rendered":"\u521a\u679c\uff08\u91d1\uff09\u7684\u91c7\u77ff\u4e1a"},"content":{"rendered":"<table border=\"3\">\n<tbody>\n<tr>\n<td><em>\u521a\u679c\u6c11\u4e3b\u5171\u548c\u56fd\u62e5\u6709\u4e30\u5bcc\u591a\u6837\u7684\u77ff\u4ea7\u8d44\u6e90\uff08\u94dc\u3001\u94b4\u3001\u94b6\u94bd\u94c1\u77ff\u77f3\u3001\u91d1\u548c\u94bb\u77f3\uff09\uff0c\u582a\u79f0 \"\u5730\u8d28\u4e11\u95fb\"\u3002\u94b4\u662f\u6c7d\u8f66\u5de5\u4e1a\u7684\u6218\u7565\u539f\u6750\u6599\uff0c\u662f\u4e16\u754c\u4e0a\u6700\u4e3b\u8981\u7684\u94b4\u751f\u4ea7\u56fd\uff0c\u521a\u679c\uff08\u91d1\uff09\u4e5f\u662f\u94dc\uff08\u975e\u6d32\u7b2c\u4e00\u5927\u751f\u4ea7\u56fd\uff09\u548c\u9ec4\u91d1\u7684\u4e3b\u8981\u751f\u4ea7\u56fd\u3002<\/em><\/td>\n<\/tr>\n<\/tbody>\n<\/table>\n<p style=\"text-align: justify;\"><strong>\u91c7\u77ff\u4e1a\u4ecd\u662f\u521a\u679c\u7ecf\u6d4e\u7684\u6838\u5fc3<\/strong><\/p>\n<div>\n<p style=\"text-align: justify;\">2002 \u5e74\u7684\u300a\u91c7\u77ff\u6cd5\u300b\u53d7\u5230\u4e16\u754c\u94f6\u884c\u7684\u542f\u53d1\uff0c\u65e8\u5728\u5438\u5f15\u5916\u56fd\u6295\u8d44\uff0c\u4fc3\u8fdb\u4e86\u91c7\u77ff\u4e1a\u7684\u5d1b\u8d77\u3002\u5728\u8fc7\u53bb 10 \u5e74\u4e2d\uff0c\u521a\u679c\u6c11\u4e3b\u5171\u548c\u56fd\u7684\u91c7\u77ff\u4e1a\u4e00\u76f4\u662f\u6492\u54c8\u62c9\u4ee5\u5357\u975e\u6d32\u6700\u5177\u6d3b\u529b\u7684\u884c\u4e1a\u4e4b\u4e00\u3002\u5c3d\u7ba1\u7ecf\u8425\u73af\u5883\u6076\u52a3\uff08\u6c34\u7535\u4f9b\u5e94\u56f0\u96be\uff0c\u77ff\u77f3\u8fd0\u8f93\u57fa\u7840\u8bbe\u65bd\u6027\u80fd\u4e0d\u4f73\uff09\uff0c\u4f46\u4e30\u5bcc\u7684\u77ff\u4ea7\u8d44\u6e90\u5728\u5f88\u5927\u7a0b\u5ea6\u4e0a\u9020\u5c31\u4e86\u8be5\u884c\u4e1a\u7684\u826f\u597d\u4e1a\u7ee9\u3002<a title=\"\" href=\"https:\/\/espace.dgtresor.gouv.fr\/service\/fih\/commun\/commun\/INTERNET%20DG%20TRESOR\/Articles\/2020\/Le%20secteur%20minier%20en%20RD%20Congo%20rev%202.docx#_ftn1\"><sup>[1]<\/sup><\/a>\u00a0\u8be5\u90e8\u95e8\u7684\u51fa\u53e3\u6536\u5165\u5360\u5168\u56fd\u51fa\u53e3\u6536\u5165\u7684 80% \u4ee5\u4e0a\u3002<\/p>\n<p style=\"text-align: justify;\">\u5927\u5b97\u5546\u54c1\u5468\u671f\u7684\u9006\u8f6c\u4ee5\u53ca\u968f\u540e 2017 \u5e74\u4e16\u754c\u4ef7\u683c\u7684\u53cd\u5f39\uff08\u94dc\uff1a+60% \u81f3 7100 $\/\u5428\uff0c\u94b4 \uff1a+125.98 % \u81f3 71000 $\/\u5428\uff0c\u9ec4\u91d1 +20% \u81f3 1300 $\/\u76ce\u53f8\uff09\uff0c\u4fc3\u8fdb\u4e86\u4ea7\u91cf\u7684\u589e\u957f\uff08\u94dc +9.3 %\uff0c\u94b4 +18% \uff0c\u94bb\u77f3 +13.3 %\uff0c\u9ec4\u91d1 +5.7 %\uff09\u3002\u53ea\u6709\u77f3\u6cb9\u4ea7\u91cf\u4ecd\u5448\u4e0b\u964d\u8d8b\u52bf\uff08-4.8 %\uff09\u30022018 \u5e74\u7b2c\u4e00\u5b63\u5ea6\uff0c\u94dc\u4ef7\u4fdd\u6301\u9ad8\u4f4d\uff0c\u4f46\u7565\u6709\u4e0b\u964d\uff08-3% \u6216 6990 $\/T\uff09\u3002\u540c\u671f\uff0c\u7535\u52a8\u6c7d\u8f66\u7535\u6c60\u884c\u4e1a\u7684\u6218\u7565\u539f\u6750\u6599\u94b4\u7684\u4ef7\u683c\u7ee7\u7eed\u5927\u5e45\u4e0a\u6da8\uff08+39%\uff0c\u4ece 71000 $\/T \u5347\u81f3 97000 $\/T\uff09\u3002\u521a\u679c\uff08\u91d1\uff09\u662f\u8fd9\u79cd\u77ff\u4ea7\u7684\u5168\u7403\u4e3b\u8981\u751f\u4ea7\u56fd\uff08\u5360\u5168\u7403\u4f9b\u5e94\u91cf\u7684 60%\uff09\uff0c\u5168\u7403\u5bf9\u8fd9\u79cd\u77ff\u4ea7\u7684\u9700\u6c42\u975e\u5e38\u5f3a\u52b2\uff0c\u800c\u4e14\u4ece\u957f\u8fdc\u6765\u770b\u8fd8\u5c06\u4e0a\u5347\uff0c\u56e0\u4e3a\u6c7d\u8f66\u884c\u4e1a\u7684\u9700\u6c42\u5230 2025 \u5e74\u5c06\u4ece\u6bcf\u5e74 90,000 \u5428\u4e0a\u5347\u5230\u6bcf\u5e74 122,000 \u5428\u3002<\/p>\n<p style=\"text-align: justify;\"><strong>2019 \u5e74\u7684\u7ecf\u6d4e\u8870\u9000<\/strong><\/p>\n<p style=\"text-align: justify;\"><strong>2019 \u5e74\u94dc\u94b4\u4ef7\u683c\u4e0b\u8dcc<a title=\"\" href=\"https:\/\/espace.dgtresor.gouv.fr\/service\/fih\/commun\/commun\/INTERNET%20DG%20TRESOR\/Articles\/2020\/Le%20secteur%20minier%20en%20RD%20Congo%20rev%202.docx#_ftn2\">[2]<\/a>.\u00a0<\/strong>\u94b4\u4ef7\u5728 2019 \u5e74\u5168\u5e74\u6301\u7eed\u4e0b\u8dcc\uff0c\u4ece 2018 \u5e74 3 \u6708\u8fbe\u5230\u7684\u5cf0\u503c\uff0895,000 $\/t\uff09\u5230\u76ee\u524d\u7684\u4ef7\u683c\uff0832,000 $\/t\uff09\uff0c\u8dcc\u5e45\u8fbe\u5230 3 \u500d\u3002 \u94dc\u4ef7\u4e5f\u51fa\u73b0\u9636\u6bb5\u6027\u4e0b\u8dcc\uff0c\u4ece 2 \u6708\u4efd\u7684 6,500 $\/t\u8dcc\u81f3\u590f\u521d\u7684\u8c61\u5f81\u6027 6,000 $\/t\u300212 \u6708\u5e95\uff0c\u4e16\u754c\u94dc\u4ef7\u4e3a 62 001 $\/\u5428\u3002<\/p>\n<p style=\"text-align: justify;\"><strong>\u5c31\u4ea7\u91cf\u800c\u8a00\uff0c\u4eca\u5e74\u524d 6 \u4e2a\u6708\u7684\u4ea7\u91cf\u7ee7\u7eed\u4e0a\u5347\uff08\u94b4\u4ea7\u91cf\u589e\u52a0 3%\uff0c\u94dc\u4ea7\u91cf\u589e\u52a0 11%\uff09\u3002<\/strong> \u751f\u4ea7\u524d\u666f\u559c\u5fe7\u53c2\u534a\u3002\u51e0\u4e2a\u5927\u578b\u91c7\u77ff\u9879\u76ee\u76ee\u524d\u6b63\u5728\u5f00\u53d1\u4e2d\uff08\u827e\u82ac\u8c6a\u516c\u53f8\u7684\u5361\u83ab\u963f-\u5361\u5e93\u62c9\u9879\u76ee\uff09\uff0c\u963f\u5c14\u6cd5\u660e\u516c\u53f8\u7684\u9521\u77ff\u9879\u76ee\u4e5f\u662f\u5982\u6b64\u3002\u76f8\u53cd\uff0c\u4e00\u4e9b\u5927\u578b\u77ff\u5c71\u5df2\u8868\u793a\u6b63\u5728\u8003\u8651\u7f29\u51cf\u4e1a\u52a1\u6216\u5904\u4e8e\u4e8f\u635f\u72b6\u6001\uff08Tenke Fungurum\u00e9\u77ff\uff09\u3002Glencore \u5ba3\u5e03\u6682\u505c\u5176\u00a0<strong>\u7a46\u5766\u8fbe\u77ff\u573a<\/strong>.\u6682\u65f6\u505c\u4ea7\u7684\u539f\u56e0\u662f\u6c27\u5316\u77ff\u77f3\u5f00\u91c7\u6b86\u5c3d\uff0c\u8f6c\u800c\u5f00\u91c7\u786b\u5316\u77ff\u77f3\uff0c\u8fd9\u9700\u8981\u4e0d\u540c\u7684\u52a0\u5de5\u6280\u672f\u548c\u5927\u7ea6 5 \u4ebf\u6b27\u5143\u7684\u6295\u8d44$\u3002\u4e16\u754c\u6700\u5927\u94b4\u77ff\uff08\u7a46\u5766\u8fbe\u77ff\uff09\u7684\u505c\u4ea7\u6b63\u503c\u4e3b\u8981\u77ff\u4e1a\u8fd0\u8425\u5546\u4e0e\u653f\u5e9c\u5173\u7cfb\u7d27\u5f20\u4e4b\u9645\u3002\u9884\u8ba1\u8fd9\u5c06\u5728\u672a\u6765\u51e0\u4e2a\u6708\u5185\u5bf9\u653f\u5e9c\u6536\u5165\u4ea7\u751f\u76f4\u63a5\u5f71\u54cd\u3002\u636e\u4e16\u754c\u94f6\u884c\u4f30\u8ba1\uff0c\u8be5\u77ff\u7684\u5173\u95ed\u5c06\u4f7f\u56fd\u9645\u6536\u652f\u81ea\u52a8\u6076\u5316\u4e24\u4e2a\u767e\u5206\u70b9\u7684\u56fd\u5185\u751f\u4ea7\u603b\u503c\u3002\u4e3b\u8981\u91d1\u77ff\u4e4b\u4e00\u7684\u73ed\u7f57\u96c6\u56e2\uff08BANRO Group\uff09\u5df2\u51b3\u5b9a\u6682\u505c\u5728\u5357\u57fa\u4f0d\u7701\u548c\u9a6c\u6d85\u9a6c\u7701\u7684\u751f\u4ea7\uff0c\u539f\u56e0\u662f\u53db\u519b\u88ad\u51fb\u4e86\u8be5\u96c6\u56e2\u7684\u51e0\u4e2a\u77ff\u533a\uff0c\u5bfc\u81f4\u5b89\u5168\u5c40\u52bf\u6076\u5316\u3002<\/p>\n<p style=\"text-align: justify;\"><strong>\u77ff\u4e1a\u6536\u5165\u4e5f\u53d7\u5230\u4e86\u7ecf\u6d4e\u653e\u7f13\u7684\u5f71\u54cd\u3002\u00a0<\/strong>\u9002\u7528\u4e8e\u91c7\u77ff\u4e1a\u7684\u7a0e\u5236\u89c4\u5b9a\uff0c\u5e94\u6839\u636e 2018 \u5e74\u7684\u6536\u5165\u5206\u671f\u7f34\u7eb3 2019 \u5e74\u7684\u7a0e\u6b3e\u3002\u56e0\u6b64\uff0c\u6309\u7167\u76ee\u524d\u7684\u94b4\u4ef7\uff0c\u77ff\u5de5\u4ee5\u9884\u4ed8\u6b3e\u5f62\u5f0f\u652f\u4ed8\u7684\u7a0e\u6b3e\u5e94\u4f4e\u5f97\u591a\uff0c\u4ece\u800c\u5bfc\u81f4\u7a0e\u6536\u62b5\u514d\uff0c\u5373\u56fd\u5bb6\u5728 2020 \u5e74\u7684\u7a0e\u6536\u6536\u5165\u5e94\u5c11\u5f97\u591a\u30022018 \u5e74\uff0c\u77ff\u4e1a\u7a0e\u6536\u5360\u653f\u5e9c\u6536\u5165\u7684 37%\uff0c\u5373 1.6 Mds$\u3002\u8fd9\u4e9b\u6536\u5165\u9ad8\u5ea6\u4f9d\u8d56\u4e8e\u77ff\u4e1a\u90e8\u95e8\u7684\u8868\u73b0\uff0c\u5c3d\u7ba1\u5927\u578b\u77ff\u4e1a\u516c\u53f8\u7ed9\u4e88\u7684\u7a0e\u6536\u9884\u4ed8\u6b3e\u5df2\u7ecf\u8017\u5c3d\u4e86\u56fd\u5bb6\u7684\u5927\u90e8\u5206\u56de\u65cb\u4f59\u5730\uff0c\u5916\u6c47\u50a8\u5907\u4ecd\u7136\u5f88\u4f4e\uff08\u76f8\u5f53\u4e8e 1 \u5468\u7684\u8fdb\u53e3\u989d\uff09\uff0c\u4f46\u8fd9\u4e9b\u6536\u5165\u4ecd\u5c06\u673a\u68b0\u5730\u4e0b\u964d\u3002\u7531\u4e8e\u4ef7\u683c\u4e0b\u8dcc\uff0c\u77ff\u4e1a\u751f\u4ea7\u589e\u957f\u4e86 4.5%\uff0c\u4f4e\u4e8e 2018 \u5e74\uff08+ 5.8%\uff09\u3002<\/p>\n<p style=\"text-align: justify;\"><strong>\u00a0<\/strong><\/p>\n<p style=\"text-align: justify;\"><strong>2018 \u5e74\u300a\u91c7\u77ff\u5b88\u5219<\/strong><\/p>\n<p style=\"text-align: justify;\"><strong>2002 \u5e74\u7684\u300a\u91c7\u77ff\u6cd5\u300b\u88ab\u8ba4\u4e3a\u5bf9\u91c7\u77ff\u4e1a\u975e\u5e38\u6709\u5229\u3002<\/strong>\u00a02018 \u5e74 3 \u6708\u9881\u5e03\u7684\u65b0\u300a\u91c7\u77ff\u6cd5\u300b\u5219\u4e0d\u592a\u4e00\u6837\u3002\u5728\u521a\u679c\u6c11\u4e3b\u5171\u548c\u56fd\u8bbe\u7acb\u7684\u4e3b\u8981\u5916\u56fd\u516c\u53f8<a title=\"\" href=\"https:\/\/espace.dgtresor.gouv.fr\/service\/fih\/commun\/commun\/INTERNET%20DG%20TRESOR\/Articles\/2020\/Le%20secteur%20minier%20en%20RD%20Congo%20rev%202.docx#_ftn3\"><sup>[3]<\/sup><\/a>\u00a0\u8bd5\u56fe\u53cd\u5bf9\u6240\u91c7\u53d6\u7684\u67d0\u4e9b\u63aa\u65bd\uff0c\u7279\u522b\u662f\u53d6\u6d88 \"\u7a33\u5b9a\u6761\u6b3e\"\u3002\u8be5\u6761\u6b3e\u89c4\u5b9a\u5728 10 \u5e74\u5185\u5c06\u7a0e\u6536\u7ef4\u6301\u5728\u521d\u59cb\u6c34\u5e73\u3002\u5bf9\u8be5\u884c\u4e1a\u6765\u8bf4\uff0c\u8fd9\u4e00\u6761\u6b3e\u7684\u5408\u7406\u6027\u5728\u4e8e\u5bf9\u8be5\u884c\u4e1a\u7684\u5de8\u989d\u6295\u8d44\uff08\u636e\u8be5\u884c\u4e1a\u79f0\u4e3a 100 \u4ebf $ \uff09\u8fdb\u884c\u4e86\u644a\u9500\u3002\u53d6\u6d88\u8fd9\u4e00\u6761\u6b3e\u5c06\u9020\u6210\u7a0e\u6536\u4e0d\u7a33\u5b9a\uff0c\u4e0d\u5229\u4e8e\u8be5\u884c\u4e1a\u672a\u6765\u7684\u6295\u8d44\u73af\u5883\u3002<\/p>\n<p style=\"text-align: justify;\">\n<p style=\"text-align: justify;\"><strong>\u65b0\u6cd5\u5178\u4ee5\u5b9e\u65bd\u6761\u4f8b\u4f5c\u4e3a\u8865\u5145\uff0c\u7279\u522b\u89c4\u5b9a\u4e86......\uff1a<\/strong><\/p>\n<p style=\"text-align: justify;\">\n<ul style=\"text-align: justify;\">\n<li>\u53d6\u6d88 10 \u5e74\u7a33\u5b9a\u6761\u6b3e\uff0c\u73b0\u5728\u4ec5\u9650\u4e8e 5 \u5e74\uff1b<\/li>\n<li>\u589e\u52a0\u521a\u679c\u56fd\u5bb6\u5728\u8fd0\u8425\u516c\u53f8\u4e2d\u7684\u80a1\u4efd\uff0c\u4ece 5 \u589e\u81f3 10%\uff1b<\/li>\n<li>\u91cd\u65b0\u8ba1\u7b97\u7279\u8bb8\u6743\u4f7f\u7528\u8d39\uff0c\u5c06\u77ff\u77f3\u7684\u7279\u8bb8\u6743\u4f7f\u7528\u8d39\u4ece 2.5TP3T \u63d0\u9ad8\u5230 3.5%\uff0c\u94b4\u7b49\u6218\u7565\u77ff\u77f3\u7684\u7279\u8bb8\u6743\u4f7f\u7528\u8d39\u6700\u9ad8\u53ef\u8fbe 10%\uff1b<\/li>\n<li>\u4e0e\u53ef\u884c\u6027\u7814\u7a76\u7684\u9884\u6d4b\u76f8\u6bd4\uff0c\u5f53\u5546\u54c1\u4ef7\u683c\u4e0a\u6da8\u8d85\u8fc7 25% \u65f6\uff0c\u5bf9\u8d85\u989d\u5229\u6da6\u5f81\u6536 50% \u7a0e\uff1b<\/li>\n<li>\u8f83\u4f4e\u7684\u7a0e\u6536\u5f85\u9047\uff0c\u589e\u52a0\u6c47\u56de\u672c\u56fd\u8d27\u5e01\u7684\u4e49\u52a1\u3001<\/li>\n<li>\u5206\u5305\u673a\u4f1a\u4ec5\u9650\u4e8e\u53d7\u521a\u679c\u6cd5\u5f8b\u7ba1\u8f96\u3001\u62e5\u6709\u521a\u679c\u8d44\u672c\u7684\u6cd5\u5f8b\u5b9e\u4f53\u3002<\/li>\n<\/ul>\n<p style=\"text-align: justify;\"><strong>\u00a0<\/strong><\/p>\n<p style=\"text-align: justify;\"><strong>\u5f53\u5730\u542b\u91cf\u548c\u5206\u5305\u6cd5<\/strong><\/p>\n<p style=\"text-align: justify;\">\u5f53\u5c40\u5e0c\u671b\u9f13\u52b1\u5728\u5f53\u5730\u52a0\u5de5\u56de\u6536\u77ff\u7269\u3002\u5230\u76ee\u524d\u4e3a\u6b62\uff0c\u65b0\u91c7\u77ff\u6cd5\u7684\u4e3b\u8981\u4f5c\u7528\u662f\u5c06\u4e3b\u8981\u8fd0\u8425\u5546\u7684\u4e0d\u6ee1\u60c5\u7eea\u5177\u4f53\u5316\u3002\u4eca\u540e\uff0c\u4ed6\u4eec\u5fc5\u987b\u9075\u5b88\u65b0\u7684\u6e38\u620f\u89c4\u5219\uff0c\u4f8b\u5982 <strong>\u751f\u4ea7\u5171\u4eab<\/strong>\u00a0\u77f3\u6cb9\u884c\u4e1a\u5c31\u662f\u5982\u6b64\u3002<\/p>\n<p style=\"text-align: justify;\">\u4e3a\u4e86\u4fc3\u8fdb\u5f53\u5730\u7684\u77ff\u7269\u52a0\u5de5\uff0c2017 \u5e74\uff0c\u653f\u5e9c\u8fd8\u901a\u8fc7\u4e86\u4e00\u9879 <strong>\u5206\u5305\u6cd5<\/strong>\u76d1\u7ba1\u5c40\u4e8e 2019 \u5e74 10 \u6708\u6b63\u5f0f\u6210\u7acb\u3002\u8be5\u6cd5\u7b2c 6 \u6761\u89c4\u5b9a\u00a0<em>\"\u5206\u5305\u5408\u540c\u53ea\u4fdd\u7559\u7ed9\u521a\u679c\u4eba\u62e5\u6709\u5e76\u7531\u521a\u679c\u4eba\u63a8\u52a8\u7684\u516c\u53f8\"\u3002 <\/em>\u5176\u76ee\u7684\u662f\u5728\u4e00\u4e2a\u5305\u5bb9\u6027\u4ecd\u7136\u4e0d\u5f3a\u7684\u90e8\u95e8\u4e3a\u521a\u679c\u516c\u53f8\u63d0\u4f9b\u66f4\u591a\u7a7a\u95f4\u3002<\/p>\n<p style=\"text-align: justify;\"><strong>\u00a0\u00a0\u00a0\u00a0\u00a0\u00a0\u00a0\u00a0\u00a0\u00a0\u00a0\u00a0\u00a0\u00a0\u00a0\u00a0\u00a0\u00a0\u00a0\u00a0\u00a0\u00a0\u00a0\u00a0\u00a0\u00a0\u00a0\u00a0<\/strong><\/p>\n<p style=\"text-align: justify;\"><strong>\u9644\u5f55<\/strong><\/p>\n<p style=\"text-align: justify;\"><strong>\u00a0<\/strong><img decoding=\"async\" src=\"https:\/\/www.tresor.economie.gouv.fr\/Pays\/Pages\/c4657524-6a6d-4cf3-8391-9d70556e302b\/images\/b2e0167a-5c13-4013-9c2f-a7ab347a3e61\" alt=\"\u94b4\u4ef7\" \/><\/p>\n<p style=\"text-align: justify;\"><strong>\u94b4\u4ef7\uff0c2018 \u5e74 3 \u6708\u81f3 2019 \u5386\u5e74<\/strong><\/p>\n<p style=\"text-align: justify;\"><em>\u8d44\u6599\u6765\u6e90\uff1a\u4f26\u6566\u91d1\u5c5e\u4ea4\u6613\u6240\uff08LME\uff09<\/em><\/p>\n<p style=\"text-align: justify;\"><img decoding=\"async\" src=\"https:\/\/www.tresor.economie.gouv.fr\/Pays\/Pages\/c4657524-6a6d-4cf3-8391-9d70556e302b\/images\/d3b94cb3-388c-4701-aaa8-b6059bdede83\" alt=\"\u94dc\u4ef7\" \/><\/p>\n<div style=\"text-align: justify;\">\n<p><strong>\u94dc\u4ef7\uff0c2019 \u5386\u5e74<\/strong><\/p>\n<p><em>\u8d44\u6599\u6765\u6e90\uff1a\u4f26\u6566\u91d1\u5c5e\u4ea4\u6613\u6240\uff08LME\uff09<\/em><\/p>\n<\/div>\n<div style=\"text-align: justify;\"><\/div>\n<div style=\"text-align: justify;\"><img fetchpriority=\"high\" decoding=\"async\" src=\"https:\/\/www.tresor.economie.gouv.fr\/Pays\/Pages\/c4657524-6a6d-4cf3-8391-9d70556e302b\/images\/0628457e-b807-48b9-8648-a4b55c922b42\" alt=\"\u6700\u5927\u7684\u94dc\u77ff\" width=\"509\" height=\"381\" \/><\/div>\n<div style=\"text-align: justify;\">\n<p><em>\u8d44\u6599\u6765\u6e90\uff1a\u56fd\u9645\u94dc\u7814\u7a76\u5c0f\u7ec4\uff1b\u4f0d\u5fb7\u9ea6\u80af\u5179<\/em><\/p>\n<\/div>\n<div style=\"text-align: justify;\"><\/div>\n<div style=\"text-align: justify;\"><img decoding=\"async\" src=\"https:\/\/www.tresor.economie.gouv.fr\/Pays\/Pages\/c4657524-6a6d-4cf3-8391-9d70556e302b\/images\/e5da0e12-15c8-4756-9da2-8557444b0ead\" alt=\"\u77ff\u533a\u5730\u56fe\" \/><\/div>\n<div style=\"text-align: justify;\"><em>\u6765\u6e90\uff1aCongoVox \u5728\u7ebf\u62a5\u7eb8<\/em><br clear=\"all\" \/><\/p>\n<hr align=\"left\" size=\"1\" width=\"33%\" \/>\n<\/div>\n<div>\n<div style=\"text-align: justify;\">\n<p><span style=\"font-size: 8pt;\"><a title=\"\" href=\"https:\/\/espace.dgtresor.gouv.fr\/service\/fih\/commun\/commun\/INTERNET%20DG%20TRESOR\/Articles\/2020\/Le%20secteur%20minier%20en%20RD%20Congo%20rev%202.docx#_ftnref1\">[1]<\/a>\u00a0\u636e\u4f30\u8ba1\uff0c\u521a\u679c\u6c11\u4e3b\u5171\u548c\u56fd\u672a\u5f00\u53d1\u7684\u77ff\u4ea7\u8d44\u6e90\u6f5c\u529b\u8fbe 240 \u4ebf\u54281TP4\u3002<\/span><\/p>\n<\/div>\n<div style=\"text-align: justify;\">\n<p><span style=\"font-size: 8pt;\"><a title=\"\" href=\"https:\/\/espace.dgtresor.gouv.fr\/service\/fih\/commun\/commun\/INTERNET%20DG%20TRESOR\/Articles\/2020\/Le%20secteur%20minier%20en%20RD%20Congo%20rev%202.docx#_ftnref2\">[2]<\/a>\u00a0\u89c1\u9644\u4ef6 1 \u548c 2<\/span><\/p>\n<\/div>\n<div>\n<p style=\"text-align: justify;\"><span style=\"font-size: 8pt;\"><a title=\"\" href=\"https:\/\/espace.dgtresor.gouv.fr\/service\/fih\/commun\/commun\/INTERNET%20DG%20TRESOR\/Articles\/2020\/Le%20secteur%20minier%20en%20RD%20Congo%20rev%202.docx#_ftnref3\">[3]<\/a>\u00a0\u5176\u4e2d\u5305\u62ec\u4e2d\u56fd\u94bc\u4e1a\u3001\u5609\u80fd\u53ef\uff08\u745e\u58eb\uff09\u3001\u76ce\u683c\u9c81\u9ec4\u91d1\u963f\u6563\u8482\uff08\u5357\u975e\uff09\u3001\u5170\u5fb7\u9ec4\u91d1\uff08\u5357\u975e\/\u82f1\u56fd\uff09\u548c MMG\uff08\u6fb3\u5927\u5229\u4e9a\/\u4e2d\u56fd\uff09\u3002<\/span><\/p>\n<\/div>\n<\/div>\n<\/div>","protected":false},"excerpt":{"rendered":"<p>La RDC est \u00ab un scandale g\u00e9ologique \u00bb tant ses ressources mini\u00e8res sont importantes et diverses (Cuivre, cobalt, coltan, or, diamants). Premier producteur mondial de cobalt, une mati\u00e8re premi\u00e8re strat\u00e9gique pour l\u2019industrie automobile, la RDC est \u00e9galement un important acteur pour le cuivre (1\u00b0 producteur africain) et l\u2019or. Le secteur minier reste le c\u0153ur de [&hellip;]<\/p>","protected":false},"author":1,"featured_media":0,"parent":0,"menu_order":0,"comment_status":"closed","ping_status":"closed","template":"","meta":{"give_campaign_id":0,"inline_featured_image":false,"footnotes":""},"class_list":["post-6467","page","type-page","status-publish","hentry"],"yoast_head":"<!-- This site is optimized with the Yoast SEO plugin v26.1 - https:\/\/yoast.com\/wordpress\/plugins\/seo\/ -->\n<title>Le secteur minier en RDC Congo - Conseil Strat\u00e9gique National pour le D\u00e9veloppement<\/title>\n<meta name=\"description\" content=\"La RDC est \u00ab un scandale g\u00e9ologique \u00bb tant ses ressources mini\u00e8res sont importantes et diverses (Cuivre, cobalt, coltan, or, diamants).\" \/>\n<meta name=\"robots\" content=\"index, follow, max-snippet:-1, max-image-preview:large, max-video-preview:-1\" \/>\n<link rel=\"canonical\" href=\"https:\/\/csnd-rdc.net\/zh\/le-secteur-minier-en-rdc-congo\/\" \/>\n<meta property=\"og:locale\" content=\"zh_CN\" \/>\n<meta property=\"og:type\" content=\"article\" \/>\n<meta property=\"og:title\" content=\"Le secteur minier en RDC Congo - Conseil Strat\u00e9gique National pour le D\u00e9veloppement\" \/>\n<meta property=\"og:description\" content=\"La RDC est \u00ab un scandale g\u00e9ologique \u00bb tant ses ressources mini\u00e8res sont importantes et diverses (Cuivre, cobalt, coltan, or, diamants).\" \/>\n<meta property=\"og:url\" content=\"https:\/\/csnd-rdc.net\/zh\/le-secteur-minier-en-rdc-congo\/\" \/>\n<meta property=\"og:site_name\" content=\"Conseil Strat\u00e9gique National pour le D\u00e9veloppement\" \/>\n<meta property=\"og:image\" content=\"https:\/\/www.tresor.economie.gouv.fr\/Pays\/Pages\/c4657524-6a6d-4cf3-8391-9d70556e302b\/images\/b2e0167a-5c13-4013-9c2f-a7ab347a3e61\" \/>\n<meta name=\"twitter:card\" content=\"summary_large_image\" \/>\n<meta name=\"twitter:label1\" content=\"\u9884\u8ba1\u9605\u8bfb\u65f6\u95f4\" \/>\n\t<meta name=\"twitter:data1\" content=\"7 \u5206\" \/>\n<script type=\"application\/ld+json\" class=\"yoast-schema-graph\">{\"@context\":\"https:\/\/schema.org\",\"@graph\":[{\"@type\":\"WebPage\",\"@id\":\"https:\/\/csnd-rdc.net\/le-secteur-minier-en-rdc-congo\/\",\"url\":\"https:\/\/csnd-rdc.net\/le-secteur-minier-en-rdc-congo\/\",\"name\":\"Le secteur minier en RDC Congo - Conseil Strat\u00e9gique National pour le D\u00e9veloppement\",\"isPartOf\":{\"@id\":\"https:\/\/csnd-rdc.net\/#website\"},\"primaryImageOfPage\":{\"@id\":\"https:\/\/csnd-rdc.net\/le-secteur-minier-en-rdc-congo\/#primaryimage\"},\"image\":{\"@id\":\"https:\/\/csnd-rdc.net\/le-secteur-minier-en-rdc-congo\/#primaryimage\"},\"thumbnailUrl\":\"https:\/\/www.tresor.economie.gouv.fr\/Pays\/Pages\/c4657524-6a6d-4cf3-8391-9d70556e302b\/images\/b2e0167a-5c13-4013-9c2f-a7ab347a3e61\",\"datePublished\":\"2021-09-06T11:11:56+00:00\",\"description\":\"La RDC est \u00ab un scandale g\u00e9ologique \u00bb tant ses ressources mini\u00e8res sont importantes et diverses (Cuivre, cobalt, coltan, or, diamants).\",\"breadcrumb\":{\"@id\":\"https:\/\/csnd-rdc.net\/le-secteur-minier-en-rdc-congo\/#breadcrumb\"},\"inLanguage\":\"zh-Hans\",\"potentialAction\":[{\"@type\":\"ReadAction\",\"target\":[\"https:\/\/csnd-rdc.net\/le-secteur-minier-en-rdc-congo\/\"]}]},{\"@type\":\"ImageObject\",\"inLanguage\":\"zh-Hans\",\"@id\":\"https:\/\/csnd-rdc.net\/le-secteur-minier-en-rdc-congo\/#primaryimage\",\"url\":\"https:\/\/www.tresor.economie.gouv.fr\/Pays\/Pages\/c4657524-6a6d-4cf3-8391-9d70556e302b\/images\/b2e0167a-5c13-4013-9c2f-a7ab347a3e61\",\"contentUrl\":\"https:\/\/www.tresor.economie.gouv.fr\/Pays\/Pages\/c4657524-6a6d-4cf3-8391-9d70556e302b\/images\/b2e0167a-5c13-4013-9c2f-a7ab347a3e61\"},{\"@type\":\"BreadcrumbList\",\"@id\":\"https:\/\/csnd-rdc.net\/le-secteur-minier-en-rdc-congo\/#breadcrumb\",\"itemListElement\":[{\"@type\":\"ListItem\",\"position\":1,\"name\":\"Accueil\",\"item\":\"https:\/\/csnd-rdc.net\/\"},{\"@type\":\"ListItem\",\"position\":2,\"name\":\"Le secteur minier en RDC Congo\"}]},{\"@type\":\"WebSite\",\"@id\":\"https:\/\/csnd-rdc.net\/#website\",\"url\":\"https:\/\/csnd-rdc.net\/\",\"name\":\"Conseil Strat\u00e9gique National pour le D\u00e9veloppement\",\"description\":\"Site Web Officiel - D\u00e9velopp\u00e9 par E-Business Afrika Sarl\",\"potentialAction\":[{\"@type\":\"SearchAction\",\"target\":{\"@type\":\"EntryPoint\",\"urlTemplate\":\"https:\/\/csnd-rdc.net\/?s={search_term_string}\"},\"query-input\":{\"@type\":\"PropertyValueSpecification\",\"valueRequired\":true,\"valueName\":\"search_term_string\"}}],\"inLanguage\":\"zh-Hans\"}]}<\/script>\n<!-- \/ Yoast SEO plugin. -->","yoast_head_json":{"title":"\u521a\u679c\uff08\u91d1\uff09\u7684\u91c7\u77ff\u4e1a - \u56fd\u5bb6\u53d1\u5c55\u6218\u7565\u59d4\u5458\u4f1a","description":"\u521a\u679c\uff08\u91d1\uff09\u56e0\u5176\u4e30\u5bcc\u591a\u6837\u7684\u77ff\u4ea7\u8d44\u6e90\uff08\u94dc\u3001\u94b4\u3001\u94b6\u94bd\u94c1\u77ff\u77f3\u3001\u9ec4\u91d1\u548c\u94bb\u77f3\uff09\u800c\u6210\u4e3a \"\u5730\u8d28\u4e11\u95fb\"\u3002","robots":{"index":"index","follow":"follow","max-snippet":"max-snippet:-1","max-image-preview":"max-image-preview:large","max-video-preview":"max-video-preview:-1"},"canonical":"https:\/\/csnd-rdc.net\/zh\/le-secteur-minier-en-rdc-congo\/","og_locale":"zh_CN","og_type":"article","og_title":"Le secteur minier en RDC Congo - Conseil Strat\u00e9gique National pour le D\u00e9veloppement","og_description":"La RDC est \u00ab un scandale g\u00e9ologique \u00bb tant ses ressources mini\u00e8res sont importantes et diverses (Cuivre, cobalt, coltan, or, diamants).","og_url":"https:\/\/csnd-rdc.net\/zh\/le-secteur-minier-en-rdc-congo\/","og_site_name":"Conseil Strat\u00e9gique National pour le D\u00e9veloppement","og_image":[{"url":"https:\/\/www.tresor.economie.gouv.fr\/Pays\/Pages\/c4657524-6a6d-4cf3-8391-9d70556e302b\/images\/b2e0167a-5c13-4013-9c2f-a7ab347a3e61","type":"","width":"","height":""}],"twitter_card":"summary_large_image","twitter_misc":{"\u9884\u8ba1\u9605\u8bfb\u65f6\u95f4":"7 \u5206"},"schema":{"@context":"https:\/\/schema.org","@graph":[{"@type":"WebPage","@id":"https:\/\/csnd-rdc.net\/le-secteur-minier-en-rdc-congo\/","url":"https:\/\/csnd-rdc.net\/le-secteur-minier-en-rdc-congo\/","name":"\u521a\u679c\uff08\u91d1\uff09\u7684\u91c7\u77ff\u4e1a - \u56fd\u5bb6\u53d1\u5c55\u6218\u7565\u59d4\u5458\u4f1a","isPartOf":{"@id":"https:\/\/csnd-rdc.net\/#website"},"primaryImageOfPage":{"@id":"https:\/\/csnd-rdc.net\/le-secteur-minier-en-rdc-congo\/#primaryimage"},"image":{"@id":"https:\/\/csnd-rdc.net\/le-secteur-minier-en-rdc-congo\/#primaryimage"},"thumbnailUrl":"https:\/\/www.tresor.economie.gouv.fr\/Pays\/Pages\/c4657524-6a6d-4cf3-8391-9d70556e302b\/images\/b2e0167a-5c13-4013-9c2f-a7ab347a3e61","datePublished":"2021-09-06T11:11:56+00:00","description":"\u521a\u679c\uff08\u91d1\uff09\u56e0\u5176\u4e30\u5bcc\u591a\u6837\u7684\u77ff\u4ea7\u8d44\u6e90\uff08\u94dc\u3001\u94b4\u3001\u94b6\u94bd\u94c1\u77ff\u77f3\u3001\u9ec4\u91d1\u548c\u94bb\u77f3\uff09\u800c\u6210\u4e3a \"\u5730\u8d28\u4e11\u95fb\"\u3002","breadcrumb":{"@id":"https:\/\/csnd-rdc.net\/le-secteur-minier-en-rdc-congo\/#breadcrumb"},"inLanguage":"zh-Hans","potentialAction":[{"@type":"ReadAction","target":["https:\/\/csnd-rdc.net\/le-secteur-minier-en-rdc-congo\/"]}]},{"@type":"ImageObject","inLanguage":"zh-Hans","@id":"https:\/\/csnd-rdc.net\/le-secteur-minier-en-rdc-congo\/#primaryimage","url":"https:\/\/www.tresor.economie.gouv.fr\/Pays\/Pages\/c4657524-6a6d-4cf3-8391-9d70556e302b\/images\/b2e0167a-5c13-4013-9c2f-a7ab347a3e61","contentUrl":"https:\/\/www.tresor.economie.gouv.fr\/Pays\/Pages\/c4657524-6a6d-4cf3-8391-9d70556e302b\/images\/b2e0167a-5c13-4013-9c2f-a7ab347a3e61"},{"@type":"BreadcrumbList","@id":"https:\/\/csnd-rdc.net\/le-secteur-minier-en-rdc-congo\/#breadcrumb","itemListElement":[{"@type":"ListItem","position":1,"name":"Accueil","item":"https:\/\/csnd-rdc.net\/"},{"@type":"ListItem","position":2,"name":"Le secteur minier en RDC Congo"}]},{"@type":"WebSite","@id":"https:\/\/csnd-rdc.net\/#website","url":"https:\/\/csnd-rdc.net\/","name":"\u56fd\u5bb6\u53d1\u5c55\u6218\u7565\u59d4\u5458\u4f1a","description":"\u5b98\u65b9\u7f51\u7ad9 - \u7531 E-Business Afrika Sarl \u5f00\u53d1","potentialAction":[{"@type":"SearchAction","target":{"@type":"EntryPoint","urlTemplate":"https:\/\/csnd-rdc.net\/?s={search_term_string}"},"query-input":{"@type":"PropertyValueSpecification","valueRequired":true,"valueName":"search_term_string"}}],"inLanguage":"zh-Hans"}]}},"campaignId":"","_links":{"self":[{"href":"https:\/\/csnd-rdc.net\/zh\/wp-json\/wp\/v2\/pages\/6467","targetHints":{"allow":["GET"]}}],"collection":[{"href":"https:\/\/csnd-rdc.net\/zh\/wp-json\/wp\/v2\/pages"}],"about":[{"href":"https:\/\/csnd-rdc.net\/zh\/wp-json\/wp\/v2\/types\/page"}],"author":[{"embeddable":true,"href":"https:\/\/csnd-rdc.net\/zh\/wp-json\/wp\/v2\/users\/1"}],"replies":[{"embeddable":true,"href":"https:\/\/csnd-rdc.net\/zh\/wp-json\/wp\/v2\/comments?post=6467"}],"version-history":[{"count":0,"href":"https:\/\/csnd-rdc.net\/zh\/wp-json\/wp\/v2\/pages\/6467\/revisions"}],"wp:attachment":[{"href":"https:\/\/csnd-rdc.net\/zh\/wp-json\/wp\/v2\/media?parent=6467"}],"curies":[{"name":"wp","href":"https:\/\/api.w.org\/{rel}","templated":true}]}}