{"id":6383,"date":"2021-08-27T11:01:59","date_gmt":"2021-08-27T10:01:59","guid":{"rendered":"https:\/\/www.csnd-rdc.net\/?page_id=6383"},"modified":"2021-08-27T11:13:47","modified_gmt":"2021-08-27T10:13:47","slug":"les-investissements-surs","status":"publish","type":"page","link":"https:\/\/csnd-rdc.net\/zh\/les-investissements-surs\/","title":{"rendered":"\u5b89\u5168\u6295\u8d44"},"content":{"rendered":"<section id=\"s1n2\" class=\"section section1\">\n<p id=\"pa4\" class=\"para\" style=\"text-align: justify;\">\u975e\u6d32\u5546\u6cd5\u7edf\u4e00\u7ec4\u7ec7\u6210\u5458\u56fd\u4e3a\u6295\u8d44\u8005\u63d0\u4f9b\u6cd5\u5f8b\u548c\u53f8\u6cd5\u4fdd\u969c\u3002\u4ece\u6cd5\u5f8b\u89d2\u5ea6\u770b\uff0c\u5171\u540c\u4f53\u7acb\u6cd5\u8005\u89c4\u5b9a\u4e86\u9002\u7528\u4e8e\u516c\u53f8\u4ece\u521b\u5efa\u5230\u7834\u4ea7\u7684\u73b0\u4ee3\u89c4\u5219\u3002<\/p>\n<p id=\"pa5\" class=\"para\" style=\"text-align: justify;\">\u5728\u73b0\u884c\u7684\u300a\u7edf\u4e00\u6cd5\u300b\u4e2d\uff0c\u6709\u4e09\u90e8\u5c24\u4e3a\u91cd\u8981\u3002\u9996\u5148\uff0c\u300a\u5546\u4e1a\u516c\u53f8\u548c\u7ecf\u6d4e\u5229\u76ca\u96c6\u56e2\u6cd5\u7edf\u4e00\u6cd5\u300b\u89c4\u5b9a\u4e86\u7ecf\u6d4e\u6d3b\u52a8\u7684\u6846\u67b6\u3002\u5b83\u4e3a\u7ecf\u8425\u8005\u63d0\u4f9b\u4e86\u5404\u79cd\u5f62\u5f0f\u7684\u516c\u53f8\uff0c\u4ece\u5408\u4f19\u516c\u53f8\u5230\u80a1\u4efd\u516c\u53f8\u3002\u975e\u6d32\u5546\u6cd5\u7edf\u4e00\u7ec4\u7ec7\u7684\u7acb\u6cd5\u8005\u8fd8\u6388\u6743\u4ee5 SARL \u6216 SA \u7684\u5f62\u5f0f\u521b\u5efa\u5355\u4eba\u516c\u53f8\u3002\u5176\u6b21\uff0c\u4e3a\u786e\u4fdd\u53ca\u65f6\u5c65\u884c\u627f\u8bfa\uff0c\u6295\u8d44\u8005\u53ef\u6839\u636e\u300a\u7edf\u4e00\u8bc1\u5238\u6cd5\u300b\u63d0\u4f9b\u5b9e\u9645\u6216\u4e2a\u4eba\u62c5\u4fdd\u3002\u6700\u540e\uff0c\u7b2c\u4e09\u9879\u91cd\u8981\u7684\u300a\u7edf\u4e00\u6cd5\u300b\u6d89\u53ca\u7b80\u5316\u8ffd\u507f\u7a0b\u5e8f\u548c\u6267\u884c\u63aa\u65bd\u7684\u7ec4\u7ec7\uff0c\u800c\u5176\u4ed6\u300a\u7edf\u4e00\u6cd5\u300b\u7684\u6548\u529b\u4e5f\u53d6\u51b3\u4e8e\u6b64\u3002\u8be5\u6cd5\u7684\u5b9e\u65bd\u5e94\u80fd\u8fc5\u901f\u6536\u56de\u503a\u52a1\u5e76\u6709\u6548\u6267\u884c\u5224\u51b3\uff08De Saba, 2005\uff09\u3002<\/p>\n<p id=\"pa6\" class=\"para\" style=\"text-align: justify;\">\u901a\u8fc7\u7684\u6240\u6709\u300a\u7edf\u4e00\u6cd5\u6848\u300b\u90fd\u5177\u6709\u660e\u663e\u7684\u5f3a\u5236\u6027\u4f18\u52bf\uff0c\u53ef\u76f4\u63a5\u9002\u7528\u4e8e\u975e\u6d32\u5546\u6cd5\u7edf\u4e00\u7ec4\u7ec7\u6210\u5458\u56fd\u7684\u5185\u90e8\u6cd5\u5f8b\u79e9\u5e8f\u3002\u56e0\u6b64\uff0c\u4e0e\u300a\u7edf\u4e00\u6cd5\u300b\u5177\u6709\u76f8\u540c\u76ee\u7684\u7684\u4efb\u4f55\u56fd\u5bb6\u7acb\u6cd5\u6216\u7ba1\u7406\u89c4\u5b9a\u90fd\u5c06\u88ab\u5e9f\u9664\u3002<\/p>\n<p id=\"pa7\" class=\"para\" style=\"text-align: justify;\">\u65b0\u5546\u4e1a\u6cd5\u6240\u521b\u9020\u7684\u73af\u5883\u4f7f\u6295\u8d44\u8005\u80fd\u591f\u6e05\u695a\u5730\u4e86\u89e3\u9002\u7528\u4e8e\u5176\u4e1a\u52a1\u7684\u6cd5\u5f8b\u3002\u56e0\u6b64\uff0c\u4ed6\u4eec\u53ef\u4ee5\u9884\u89c1\u5176\u6d3b\u52a8\u4e2d\u56fa\u6709\u7684\u98ce\u9669\u3002\u56e0\u6b64\uff0c\u975e\u6d32\u5546\u6cd5\u7edf\u4e00\u7ec4\u7ec7\u7684\u6cd5\u5f8b\u5728\u89e3\u51b3\u4e89\u7aef\u65b9\u9762\u4fdd\u8bc1\u4e86\u4e00\u5b9a\u7a0b\u5ea6\u7684\u53ef\u9884\u89c1\u6027\uff0c\u800c\u8fd9\u662f\u4ee5\u524d\u6240\u7f3a\u4e4f\u7684\u3002<\/p>\n<p id=\"pa8\" class=\"para\" style=\"text-align: justify;\">\u975e\u6d32\u5546\u6cd5\u7edf\u4e00\u7ec4\u7ec7\u7684\u6574\u4f53\u7acb\u6cd5\u5de5\u4f5c\u6700\u7ec8\u662f\u4e3a\u4e86\u8ba9\u6295\u8d44\u8005\u653e\u5fc3\u3002\u51fa\u4e8e\u540c\u6837\u7684\u76ee\u7684\uff0c\u65b0\u5546\u6cd5\u7684\u63a8\u52a8\u8005\u5e76\u4e0d\u5c40\u9650\u4e8e\u8d77\u8349\u6cd5\u5f8b\u6807\u51c6\u3002\u4ed6\u4eec\u8fd8\u5173\u6ce8\u4e3a\u8fd9\u4e9b\u6807\u51c6\u7684\u9002\u7528\u63d0\u4f9b\u53f8\u6cd5\u4fdd\u969c\u3002<\/p>\n<p class=\"para\" style=\"text-align: justify;\">\u5982\u679c\u975e\u6d32\u5546\u6cd5\u7edf\u4e00\u7ec4\u7ec7\u9881\u5e03\u7684\u6807\u51c6\u5728\u5404\u6210\u5458\u56fd\u7684\u9002\u7528\u548c\u89e3\u91ca\u4e0d\u5c3d\u76f8\u540c\uff0c\u90a3\u4e48\u8be5\u7ec4\u7ec7\u542f\u52a8\u7684\u6cd5\u5f8b\u6807\u51c6\u5316\u4ecd\u5c06\u505c\u7559\u5728\u7406\u8bba\u5c42\u9762\u3002\u5728\u5b9e\u73b0\u6cd5\u5f8b\u7edf\u4e00\u7684\u540c\u65f6\uff0c\u8fd8\u5fc5\u987b\u5b9e\u73b0\u53f8\u6cd5\u7edf\u4e00\uff0c\u4ee5\u4fdd\u8bc1\u7ecf\u6d4e\u4ece\u4e1a\u8005\u4eab\u6709\u5e73\u7b49\u5f85\u9047\u7684\u539f\u5219\u3002\u56e0\u6b64\uff0c\u8bbe\u7acb\u4e86\u4eab\u6709\u5916\u4ea4\u7279\u6743\u548c\u8c41\u514d\u6743\u7684\u5171\u540c\u53f8\u6cd5\u548c\u4ef2\u88c1\u6cd5\u9662\uff08CCJA\uff09\u3002\u5b9e\u9645\u4e0a\uff0c\u4e0e\u9002\u7528\u300a\u7edf\u4e00\u6cd5\u300b\u6709\u5173\u7684\u4e89\u7aef\u7684\u521d\u5ba1\u548c\u4e0a\u8bc9\u5747\u7531\u7f14\u7ea6\u56fd\u6cd5\u9662\u89e3\u51b3\u3002\u5c31\u6cd5\u5f8b\u95ee\u9898\u63d0\u51fa\u7684\u4e0a\u8bc9\u5c5e\u4e8e\u603b\u90e8\u8bbe\u5728\u963f\u6bd4\u8ba9\uff08\u79d1\u7279\u8fea\u74e6\u5171\u548c\u56fd\uff09\u7684\u534f\u8c03\u548c\u53f8\u6cd5\u59d4\u5458\u4f1a\u7684\u4e13\u6709\u9886\u57df\u3002<\/p>\n<\/section>","protected":false},"excerpt":{"rendered":"<p>Les \u00c9tats de l\u2019OHADA offrent aux investisseurs des garanties d\u2019ordre normatif et judiciaire. D\u2019un point de vue normatif, le l\u00e9gislateur communautaire a pr\u00e9vu des r\u00e8gles modernes applicables aux soci\u00e9t\u00e9s, depuis leur cr\u00e9ation jusqu\u2019\u00e0 leur faillite. Parmi les Actes uniformes en vigueur, trois sont particuli\u00e8rement importants. Premi\u00e8rement, l\u2019Acte uniforme relatif au droit des soci\u00e9t\u00e9s commerciales et [&hellip;]<\/p>","protected":false},"author":1,"featured_media":0,"parent":0,"menu_order":0,"comment_status":"closed","ping_status":"closed","template":"","meta":{"give_campaign_id":0,"inline_featured_image":false,"footnotes":""},"class_list":["post-6383","page","type-page","status-publish","hentry"],"yoast_head":"<!-- This site is optimized with the Yoast SEO plugin v26.1 - https:\/\/yoast.com\/wordpress\/plugins\/seo\/ -->\n<title>Les investissements s\u00fbrs - CSND Site Web Officiel<\/title>\n<meta name=\"description\" content=\"La capacit\u00e9 du continent africain \u00e0 mobiliser les fonds n\u00e9cessaires \u00e0 son d\u00e9veloppement est en dessous de z\u00e9ro en d\u00e9pit de ses atouts ...\" \/>\n<meta name=\"robots\" content=\"index, follow, max-snippet:-1, max-image-preview:large, max-video-preview:-1\" \/>\n<link rel=\"canonical\" href=\"https:\/\/csnd-rdc.net\/zh\/les-investissements-surs\/\" \/>\n<meta property=\"og:locale\" content=\"zh_CN\" \/>\n<meta property=\"og:type\" content=\"article\" \/>\n<meta property=\"og:title\" content=\"Les investissements s\u00fbrs - CSND Site Web Officiel\" \/>\n<meta property=\"og:description\" content=\"La capacit\u00e9 du continent africain \u00e0 mobiliser les fonds n\u00e9cessaires \u00e0 son d\u00e9veloppement est en dessous de z\u00e9ro en d\u00e9pit de ses atouts ...\" \/>\n<meta property=\"og:url\" content=\"https:\/\/csnd-rdc.net\/zh\/les-investissements-surs\/\" \/>\n<meta property=\"og:site_name\" content=\"Conseil Strat\u00e9gique National pour le D\u00e9veloppement\" \/>\n<meta property=\"article:modified_time\" content=\"2021-08-27T10:13:47+00:00\" \/>\n<meta name=\"twitter:card\" content=\"summary_large_image\" \/>\n<meta name=\"twitter:label1\" content=\"\u9884\u8ba1\u9605\u8bfb\u65f6\u95f4\" \/>\n\t<meta name=\"twitter:data1\" content=\"2 \u5206\" \/>\n<script type=\"application\/ld+json\" class=\"yoast-schema-graph\">{\"@context\":\"https:\/\/schema.org\",\"@graph\":[{\"@type\":\"WebPage\",\"@id\":\"https:\/\/csnd-rdc.net\/les-investissements-surs\/\",\"url\":\"https:\/\/csnd-rdc.net\/les-investissements-surs\/\",\"name\":\"Les investissements s\u00fbrs - CSND Site Web Officiel\",\"isPartOf\":{\"@id\":\"https:\/\/csnd-rdc.net\/#website\"},\"datePublished\":\"2021-08-27T10:01:59+00:00\",\"dateModified\":\"2021-08-27T10:13:47+00:00\",\"description\":\"La capacit\u00e9 du continent africain \u00e0 mobiliser les fonds n\u00e9cessaires \u00e0 son d\u00e9veloppement est en dessous de z\u00e9ro en d\u00e9pit de ses atouts ...\",\"breadcrumb\":{\"@id\":\"https:\/\/csnd-rdc.net\/les-investissements-surs\/#breadcrumb\"},\"inLanguage\":\"zh-Hans\",\"potentialAction\":[{\"@type\":\"ReadAction\",\"target\":[\"https:\/\/csnd-rdc.net\/les-investissements-surs\/\"]}]},{\"@type\":\"BreadcrumbList\",\"@id\":\"https:\/\/csnd-rdc.net\/les-investissements-surs\/#breadcrumb\",\"itemListElement\":[{\"@type\":\"ListItem\",\"position\":1,\"name\":\"Accueil\",\"item\":\"https:\/\/csnd-rdc.net\/\"},{\"@type\":\"ListItem\",\"position\":2,\"name\":\"Les investissements s\u00fbrs\"}]},{\"@type\":\"WebSite\",\"@id\":\"https:\/\/csnd-rdc.net\/#website\",\"url\":\"https:\/\/csnd-rdc.net\/\",\"name\":\"Conseil Strat\u00e9gique National pour le D\u00e9veloppement\",\"description\":\"Site Web Officiel - D\u00e9velopp\u00e9 par E-Business Afrika Sarl\",\"potentialAction\":[{\"@type\":\"SearchAction\",\"target\":{\"@type\":\"EntryPoint\",\"urlTemplate\":\"https:\/\/csnd-rdc.net\/?s={search_term_string}\"},\"query-input\":{\"@type\":\"PropertyValueSpecification\",\"valueRequired\":true,\"valueName\":\"search_term_string\"}}],\"inLanguage\":\"zh-Hans\"}]}<\/script>\n<!-- \/ Yoast SEO plugin. -->","yoast_head_json":{"title":"\u5b89\u5168\u6295\u8d44 - CSND \u5b98\u65b9\u7f51\u7ad9","description":"\u975e\u6d32\u5927\u9646\u7b79\u96c6\u53d1\u5c55\u6240\u9700\u8d44\u91d1\u7684\u80fd\u529b\u4f4e\u4e8e\u96f6\uff0c\u5c3d\u7ba1\u5b83\u6709\u5f88\u591a\u4f18\u52bf......","robots":{"index":"index","follow":"follow","max-snippet":"max-snippet:-1","max-image-preview":"max-image-preview:large","max-video-preview":"max-video-preview:-1"},"canonical":"https:\/\/csnd-rdc.net\/zh\/les-investissements-surs\/","og_locale":"zh_CN","og_type":"article","og_title":"Les investissements s\u00fbrs - CSND Site Web Officiel","og_description":"La capacit\u00e9 du continent africain \u00e0 mobiliser les fonds n\u00e9cessaires \u00e0 son d\u00e9veloppement est en dessous de z\u00e9ro en d\u00e9pit de ses atouts ...","og_url":"https:\/\/csnd-rdc.net\/zh\/les-investissements-surs\/","og_site_name":"Conseil Strat\u00e9gique National pour le D\u00e9veloppement","article_modified_time":"2021-08-27T10:13:47+00:00","twitter_card":"summary_large_image","twitter_misc":{"\u9884\u8ba1\u9605\u8bfb\u65f6\u95f4":"2 \u5206"},"schema":{"@context":"https:\/\/schema.org","@graph":[{"@type":"WebPage","@id":"https:\/\/csnd-rdc.net\/les-investissements-surs\/","url":"https:\/\/csnd-rdc.net\/les-investissements-surs\/","name":"\u5b89\u5168\u6295\u8d44 - CSND \u5b98\u65b9\u7f51\u7ad9","isPartOf":{"@id":"https:\/\/csnd-rdc.net\/#website"},"datePublished":"2021-08-27T10:01:59+00:00","dateModified":"2021-08-27T10:13:47+00:00","description":"\u975e\u6d32\u5927\u9646\u7b79\u96c6\u53d1\u5c55\u6240\u9700\u8d44\u91d1\u7684\u80fd\u529b\u4f4e\u4e8e\u96f6\uff0c\u5c3d\u7ba1\u5b83\u6709\u5f88\u591a\u4f18\u52bf......","breadcrumb":{"@id":"https:\/\/csnd-rdc.net\/les-investissements-surs\/#breadcrumb"},"inLanguage":"zh-Hans","potentialAction":[{"@type":"ReadAction","target":["https:\/\/csnd-rdc.net\/les-investissements-surs\/"]}]},{"@type":"BreadcrumbList","@id":"https:\/\/csnd-rdc.net\/les-investissements-surs\/#breadcrumb","itemListElement":[{"@type":"ListItem","position":1,"name":"Accueil","item":"https:\/\/csnd-rdc.net\/"},{"@type":"ListItem","position":2,"name":"Les investissements s\u00fbrs"}]},{"@type":"WebSite","@id":"https:\/\/csnd-rdc.net\/#website","url":"https:\/\/csnd-rdc.net\/","name":"\u56fd\u5bb6\u53d1\u5c55\u6218\u7565\u59d4\u5458\u4f1a","description":"\u5b98\u65b9\u7f51\u7ad9 - \u7531 E-Business Afrika Sarl \u5f00\u53d1","potentialAction":[{"@type":"SearchAction","target":{"@type":"EntryPoint","urlTemplate":"https:\/\/csnd-rdc.net\/?s={search_term_string}"},"query-input":{"@type":"PropertyValueSpecification","valueRequired":true,"valueName":"search_term_string"}}],"inLanguage":"zh-Hans"}]}},"campaignId":"","_links":{"self":[{"href":"https:\/\/csnd-rdc.net\/zh\/wp-json\/wp\/v2\/pages\/6383","targetHints":{"allow":["GET"]}}],"collection":[{"href":"https:\/\/csnd-rdc.net\/zh\/wp-json\/wp\/v2\/pages"}],"about":[{"href":"https:\/\/csnd-rdc.net\/zh\/wp-json\/wp\/v2\/types\/page"}],"author":[{"embeddable":true,"href":"https:\/\/csnd-rdc.net\/zh\/wp-json\/wp\/v2\/users\/1"}],"replies":[{"embeddable":true,"href":"https:\/\/csnd-rdc.net\/zh\/wp-json\/wp\/v2\/comments?post=6383"}],"version-history":[{"count":0,"href":"https:\/\/csnd-rdc.net\/zh\/wp-json\/wp\/v2\/pages\/6383\/revisions"}],"wp:attachment":[{"href":"https:\/\/csnd-rdc.net\/zh\/wp-json\/wp\/v2\/media?parent=6383"}],"curies":[{"name":"wp","href":"https:\/\/api.w.org\/{rel}","templated":true}]}}