{"id":7232,"date":"2021-10-11T11:54:15","date_gmt":"2021-10-11T10:54:15","guid":{"rendered":"https:\/\/www.csnd-rdc.net\/?page_id=7232"},"modified":"2021-11-21T22:01:03","modified_gmt":"2021-11-21T21:01:03","slug":"agroalimentaire","status":"publish","type":"page","link":"https:\/\/csnd-rdc.net\/pt\/agroalimentaire\/","title":{"rendered":"Ind\u00fastria alimentar"},"content":{"rendered":"<p style=\"text-align: justify;\"><img fetchpriority=\"high\" decoding=\"async\" class=\"size-medium wp-image-7234 alignleft\" src=\"https:\/\/csnd-rdc.net\/wp-content\/uploads\/2021\/10\/Ferme-de-FUTUKA-300x225.jpg\" alt=\"\" width=\"300\" height=\"225\" srcset=\"https:\/\/csnd-rdc.net\/wp-content\/uploads\/2021\/10\/Ferme-de-FUTUKA-300x225.jpg 300w, https:\/\/csnd-rdc.net\/wp-content\/uploads\/2021\/10\/Ferme-de-FUTUKA-768x576.jpg 768w, https:\/\/csnd-rdc.net\/wp-content\/uploads\/2021\/10\/Ferme-de-FUTUKA-600x450.jpg 600w, https:\/\/csnd-rdc.net\/wp-content\/uploads\/2021\/10\/Ferme-de-FUTUKA.jpg 960w\" sizes=\"(max-width: 300px) 100vw, 300px\" \/>Le\u00a0<b>sector agroalimentar<\/b>\u00a0ou\u00a0<b>ind\u00fastria alimentar<\/b><sup id=\"cite_ref-1\" class=\"reference\"><a href=\"https:\/\/fr.wikipedia.org\/wiki\/Secteur_agroalimentaire#cite_note-1\">1<\/a><\/sup>\u00a0ou mesmo\u00a0<b>complexo agroindustrial<\/b>\u00a0\u00e9 um sector de atividade correspondente a todas as empresas do sector prim\u00e1rio (o\u00a0<a title=\"Agricultura\" href=\"https:\/\/fr.wikipedia.org\/wiki\/Exploitation_agricole\">quintas<\/a>) que produzem\u00a0<a class=\"mw-redirect\" title=\"Produtos alimentares\" href=\"https:\/\/fr.wikipedia.org\/wiki\/Produit_alimentaire\">alimentos<\/a>\u00a0e secund\u00e1rio (o<a title=\"Ind\u00fastria alimentar\" href=\"https:\/\/fr.wikipedia.org\/wiki\/Industrie_agroalimentaire\">ind\u00fastria alimentar<\/a>) que os transformam em\u00a0<a title=\"Alimentos industriais\" href=\"https:\/\/fr.wikipedia.org\/wiki\/Aliment_industriel\">alimentos industriais<\/a>.<\/p>\n<p style=\"text-align: justify;\">Inclui dois grupos (n\u00e3o est\u00e1 inclu\u00edda a parte do sector agr\u00edcola constitu\u00edda pelos produtores agr\u00edcolas e os seus in\u00fameros produtos agr\u00edcolas de pequeno volume e transforma\u00e7\u00f5es que s\u00e3o comercializados em\u00a0<a title=\"Vendas directas\" href=\"https:\/\/fr.wikipedia.org\/wiki\/Vente_directe\">venda direta<\/a>)\u00a0:<\/p>\n<ul style=\"text-align: justify;\">\n<li>a\u00a0<a title=\"Agricultor\" href=\"https:\/\/fr.wikipedia.org\/wiki\/Agriculteur\">sector agr\u00edcola<\/a>que\u00a0<a title=\"Reprodu\u00e7\u00e3o\" href=\"https:\/\/fr.wikipedia.org\/wiki\/%C3%89levage\">estudante<\/a>\u00a0a\u00a0<a title=\"Pecu\u00e1ria\" href=\"https:\/\/fr.wikipedia.org\/wiki\/B%C3%A9tail\">pecu\u00e1ria<\/a>\u00a0(rebanhos m\u00e9dios e grandes), cultiva (agricultura arvense) e vende os produtos da\u00a0<a class=\"mw-redirect\" title=\"Produto agr\u00edcola\" href=\"https:\/\/fr.wikipedia.org\/wiki\/Produit_agricole\">produtos agr\u00edcolas<\/a>\u00a0obtidos na ind\u00fastria agroalimentar;<\/li>\n<li>l'<a title=\"Ind\u00fastria alimentar\" href=\"https:\/\/fr.wikipedia.org\/wiki\/Industrie_agroalimentaire\">ind\u00fastria alimentar<\/a>que transforma o gado e as plantas cultivadas em produtos alimentares industriais.<\/li>\n<\/ul>\n<p style=\"text-align: justify;\">Este sector de atividade tem a sua pr\u00f3pria economia, reunindo as actividades de\u00a0<a title=\"Ind\u00fastria transformadora\" href=\"https:\/\/fr.wikipedia.org\/wiki\/Industrie_de_transformation\">transforma\u00e7\u00e3o<\/a>\u00a0e\u00a0<a class=\"mw-redirect\" title=\"Marketing\" href=\"https:\/\/fr.wikipedia.org\/wiki\/Commercialisation\">marketing<\/a>\u00a0produtos agro-alimentares, tais como\u00a0<a title=\"Produtos l\u00e1cteos\" href=\"https:\/\/fr.wikipedia.org\/wiki\/Produit_laitier\">produtos l\u00e1cteos<\/a>\u00a0industriais.<\/p>\n<p style=\"text-align: justify;\">Culturas de<a title=\"Agroressource\" href=\"https:\/\/fr.wikipedia.org\/wiki\/Agroressource\">recursos agr\u00edcolas<\/a>\u00a0para fins n\u00e3o alimentares (produtos farmac\u00eauticos, qu\u00edmicos, t\u00eaxteis, energia), embora estejam ligados a sectores como a ind\u00fastria alimentar.\u00a0<a title=\"Agroind\u00fastria\" href=\"https:\/\/fr.wikipedia.org\/wiki\/Agro-industrie\">agroindustrial<\/a>\u00a0continuam a fazer parte deste ramo de atividade geral.<\/p>\n<p style=\"text-align: justify;\">Ou f\u00e1bricas que transformam produtos agr\u00edcolas em alimentos prontos a consumir.<\/p>\n<p><strong>EXPLORA\u00c7\u00c3O AGR\u00cdCOLA DE FUTUKA<\/strong><\/p>\n<p><iframe title=\"MOISE KATUMBI RECEBE DIPLOMATAS SUECOS E CANADIANOS NA SUA QUINTA EM FUTUKA\" width=\"800\" height=\"450\" src=\"https:\/\/www.youtube.com\/embed\/9Ed3r0Vct7Q?feature=oembed\" frameborder=\"0\" allow=\"accelerometer; autoplay; clipboard-write; encrypted-media; gyroscope; picture-in-picture\" allowfullscreen><\/iframe><\/p>\n<h1>A quinta FUTUKA<\/h1>\n<p style=\"text-align: justify;\"><a href=\"http:\/\/www.katanga-tourisme.org\/files\/2013\/03\/030052012170121000000JA2681p071_01.jpg\"><img decoding=\"async\" class=\"size-medium wp-image-1371 alignleft\" src=\"https:\/\/csnd-rdc.net\/wp-content\/uploads\/2021\/11\/030052012170121000000ja2681p071_01-300x171.jpg\" sizes=\"(max-width: 257px) 100vw, 257px\" srcset=\"https:\/\/www.katanga-tourisme.org\/files\/2013\/03\/030052012170121000000JA2681p071_01-300x171.jpg 300w, https:\/\/www.katanga-tourisme.org\/files\/2013\/03\/030052012170121000000JA2681p071_01.jpg 350w\" alt=\"030052012170121000000JA2681p071_01\" width=\"257\" height=\"146\" \/><\/a><span class=\"dropcap2 black\">L<\/span>A quinta Futuka est\u00e1 situada a 70 km de\u00a0<a href=\"http:\/\/www.katanga-tourisme.org\/index.php\/lubumbashi\/\" target=\"_blank\" rel=\"noopener\">Lubumbashi\u00a0<\/a>a caminho de\u00a0<strong>Kasenga.<\/strong>\u00a0Este \u00e9 o dom\u00ednio do governador da prov\u00edncia,\u00a0<a href=\"http:\/\/fr.wikipedia.org\/wiki\/Mo%C3%AFse_Katumbi_Chapwe\" target=\"_blank\" rel=\"noopener\">Mo\u00efse Katumbi<\/a>. Pretende dar o exemplo, investindo em\u00a0<strong>infra-estruturas<\/strong>\u00a0<strong>agr\u00edcola<\/strong>\u00a0para aumentar os rendimentos e a produ\u00e7\u00e3o local \u00e0 escala da\u00a0<strong>prov\u00edncia<\/strong>como parte do novo\u00a0<strong>obriga\u00e7\u00e3o agr\u00edcola<\/strong>.<\/p>\n<p style=\"text-align: justify;\">Deste modo, o objetivo a longo prazo \u00e9 reduzir as importa\u00e7\u00f5es, assegurando simultaneamente um n\u00edvel m\u00ednimo de seguran\u00e7a.<strong>autossufici\u00eancia<\/strong>\u00a0<strong>alimentos<\/strong>\u00a0nesta regi\u00e3o particularmente pr\u00f3spera do pa\u00eds.<\/p>\n<p style=\"text-align: justify;\"><span class=\"dropcap2 black\">C<\/span>o seu dom\u00ednio \u00e9 uma esp\u00e9cie de\u00a0<strong>projeto-piloto<\/strong>\u00a0ao n\u00edvel de\u00a0<strong>ecoturismo<\/strong>\u00a0e\u00a0<strong>desenvolvimento sustent\u00e1vel<\/strong>\u00a0(microcentral el\u00e9ctrica que abastece o local e, em breve, uma<strong>\u00a0sa\u00fade local<\/strong>\u00a0nas proximidades; po\u00e7os de pain\u00e9is solares...).<\/p>\n<p style=\"text-align: justify;\">O s\u00edtio est\u00e1 localizado ao longo do rio Kashobwe e est\u00e1 aberto aos visitantes. Pode pescar, acampar e at\u00e9 mesmo ir \u00e0 pesca.\u00a0<strong>paintball<\/strong>. Tamb\u00e9m se podem ver animais (ant\u00edlopes, etc.).<\/p>","protected":false},"excerpt":{"rendered":"<p>Le\u00a0secteur agroalimentaire\u00a0ou\u00a0secteur agro-alimentaire1\u00a0ou encore\u00a0complexe agro-industriel\u00a0est un secteur d&rsquo;activit\u00e9 correspondant \u00e0 l&rsquo;ensemble des entreprises des secteurs primaire (les\u00a0exploitations agricoles) qui produisent des\u00a0aliments\u00a0et secondaire (l&rsquo;industrie agroalimentaire) qui transforment ceux-ci en\u00a0aliments industriels. Il regroupe deux ensembles (n&rsquo;est pas comptabilis\u00e9 la part de secteur agricole compos\u00e9 des producteurs fermiers et leurs innombrables productions et transformations fermi\u00e8res de faibles volumes [&hellip;]<\/p>","protected":false},"author":1,"featured_media":0,"parent":0,"menu_order":0,"comment_status":"closed","ping_status":"closed","template":"","meta":{"give_campaign_id":0,"inline_featured_image":false,"footnotes":""},"class_list":["post-7232","page","type-page","status-publish","hentry"],"yoast_head":"<!-- This site is optimized with the Yoast SEO plugin v26.1 - https:\/\/yoast.com\/wordpress\/plugins\/seo\/ -->\n<title>Agroalimentaire - Conseil Strat\u00e9gique National pour le D\u00e9veloppement<\/title>\n<meta name=\"description\" content=\"Le secteur agroalimentaire ou secteur agro-alimentaire ou encore complexe agro-industriel est un secteur d&#039;activit\u00e9 correspondant \u00e0 l&#039;ense...\" \/>\n<meta name=\"robots\" content=\"index, follow, max-snippet:-1, max-image-preview:large, max-video-preview:-1\" \/>\n<link rel=\"canonical\" href=\"https:\/\/csnd-rdc.net\/pt\/agroalimentaire\/\" \/>\n<meta property=\"og:locale\" content=\"pt_PT\" \/>\n<meta property=\"og:type\" content=\"article\" \/>\n<meta property=\"og:title\" content=\"Agroalimentaire - Conseil Strat\u00e9gique National pour le D\u00e9veloppement\" \/>\n<meta property=\"og:description\" content=\"Le secteur agroalimentaire ou secteur agro-alimentaire ou encore complexe agro-industriel est un secteur d&#039;activit\u00e9 correspondant \u00e0 l&#039;ense...\" \/>\n<meta property=\"og:url\" content=\"https:\/\/csnd-rdc.net\/pt\/agroalimentaire\/\" \/>\n<meta property=\"og:site_name\" content=\"Conseil Strat\u00e9gique National pour le D\u00e9veloppement\" \/>\n<meta property=\"article:modified_time\" content=\"2021-11-21T21:01:03+00:00\" \/>\n<meta property=\"og:image\" content=\"https:\/\/csnd-rdc.net\/wp-content\/uploads\/2021\/10\/Ferme-de-FUTUKA-300x225.jpg\" \/>\n<meta name=\"twitter:card\" content=\"summary_large_image\" \/>\n<meta name=\"twitter:label1\" content=\"Tempo estimado de leitura\" \/>\n\t<meta name=\"twitter:data1\" content=\"2 minutos\" \/>\n<script type=\"application\/ld+json\" class=\"yoast-schema-graph\">{\"@context\":\"https:\/\/schema.org\",\"@graph\":[{\"@type\":\"WebPage\",\"@id\":\"https:\/\/csnd-rdc.net\/agroalimentaire\/\",\"url\":\"https:\/\/csnd-rdc.net\/agroalimentaire\/\",\"name\":\"Agroalimentaire - Conseil Strat\u00e9gique National pour le D\u00e9veloppement\",\"isPartOf\":{\"@id\":\"https:\/\/csnd-rdc.net\/#website\"},\"primaryImageOfPage\":{\"@id\":\"https:\/\/csnd-rdc.net\/agroalimentaire\/#primaryimage\"},\"image\":{\"@id\":\"https:\/\/csnd-rdc.net\/agroalimentaire\/#primaryimage\"},\"thumbnailUrl\":\"https:\/\/csnd-rdc.net\/wp-content\/uploads\/2021\/10\/Ferme-de-FUTUKA-300x225.jpg\",\"datePublished\":\"2021-10-11T10:54:15+00:00\",\"dateModified\":\"2021-11-21T21:01:03+00:00\",\"description\":\"Le secteur agroalimentaire ou secteur agro-alimentaire ou encore complexe agro-industriel est un secteur d'activit\u00e9 correspondant \u00e0 l'ense...\",\"breadcrumb\":{\"@id\":\"https:\/\/csnd-rdc.net\/agroalimentaire\/#breadcrumb\"},\"inLanguage\":\"pt-PT\",\"potentialAction\":[{\"@type\":\"ReadAction\",\"target\":[\"https:\/\/csnd-rdc.net\/agroalimentaire\/\"]}]},{\"@type\":\"ImageObject\",\"inLanguage\":\"pt-PT\",\"@id\":\"https:\/\/csnd-rdc.net\/agroalimentaire\/#primaryimage\",\"url\":\"https:\/\/csnd-rdc.net\/wp-content\/uploads\/2021\/10\/Ferme-de-FUTUKA-300x225.jpg\",\"contentUrl\":\"https:\/\/csnd-rdc.net\/wp-content\/uploads\/2021\/10\/Ferme-de-FUTUKA-300x225.jpg\"},{\"@type\":\"BreadcrumbList\",\"@id\":\"https:\/\/csnd-rdc.net\/agroalimentaire\/#breadcrumb\",\"itemListElement\":[{\"@type\":\"ListItem\",\"position\":1,\"name\":\"Accueil\",\"item\":\"https:\/\/csnd-rdc.net\/\"},{\"@type\":\"ListItem\",\"position\":2,\"name\":\"Agroalimentaire\"}]},{\"@type\":\"WebSite\",\"@id\":\"https:\/\/csnd-rdc.net\/#website\",\"url\":\"https:\/\/csnd-rdc.net\/\",\"name\":\"Conseil Strat\u00e9gique National pour le D\u00e9veloppement\",\"description\":\"Site Web Officiel - D\u00e9velopp\u00e9 par E-Business Afrika Sarl\",\"potentialAction\":[{\"@type\":\"SearchAction\",\"target\":{\"@type\":\"EntryPoint\",\"urlTemplate\":\"https:\/\/csnd-rdc.net\/?s={search_term_string}\"},\"query-input\":{\"@type\":\"PropertyValueSpecification\",\"valueRequired\":true,\"valueName\":\"search_term_string\"}}],\"inLanguage\":\"pt-PT\"}]}<\/script>\n<!-- \/ Yoast SEO plugin. -->","yoast_head_json":{"title":"Agroalimentar - Conselho Estrat\u00e9gico Nacional para o Desenvolvimento","description":"O sector agroalimentar, sector agroalimentar ou complexo agroindustrial \u00e9 um sector de atividade correspondente \u00e0 ind\u00fastria alimentar.","robots":{"index":"index","follow":"follow","max-snippet":"max-snippet:-1","max-image-preview":"max-image-preview:large","max-video-preview":"max-video-preview:-1"},"canonical":"https:\/\/csnd-rdc.net\/pt\/agroalimentaire\/","og_locale":"pt_PT","og_type":"article","og_title":"Agroalimentaire - Conseil Strat\u00e9gique National pour le D\u00e9veloppement","og_description":"Le secteur agroalimentaire ou secteur agro-alimentaire ou encore complexe agro-industriel est un secteur d'activit\u00e9 correspondant \u00e0 l'ense...","og_url":"https:\/\/csnd-rdc.net\/pt\/agroalimentaire\/","og_site_name":"Conseil Strat\u00e9gique National pour le D\u00e9veloppement","article_modified_time":"2021-11-21T21:01:03+00:00","og_image":[{"url":"https:\/\/csnd-rdc.net\/wp-content\/uploads\/2021\/10\/Ferme-de-FUTUKA-300x225.jpg","type":"","width":"","height":""}],"twitter_card":"summary_large_image","twitter_misc":{"Tempo estimado de leitura":"2 minutos"},"schema":{"@context":"https:\/\/schema.org","@graph":[{"@type":"WebPage","@id":"https:\/\/csnd-rdc.net\/agroalimentaire\/","url":"https:\/\/csnd-rdc.net\/agroalimentaire\/","name":"Agroalimentar - Conselho Estrat\u00e9gico Nacional para o Desenvolvimento","isPartOf":{"@id":"https:\/\/csnd-rdc.net\/#website"},"primaryImageOfPage":{"@id":"https:\/\/csnd-rdc.net\/agroalimentaire\/#primaryimage"},"image":{"@id":"https:\/\/csnd-rdc.net\/agroalimentaire\/#primaryimage"},"thumbnailUrl":"https:\/\/csnd-rdc.net\/wp-content\/uploads\/2021\/10\/Ferme-de-FUTUKA-300x225.jpg","datePublished":"2021-10-11T10:54:15+00:00","dateModified":"2021-11-21T21:01:03+00:00","description":"O sector agroalimentar, sector agroalimentar ou complexo agroindustrial \u00e9 um sector de atividade correspondente \u00e0 ind\u00fastria alimentar.","breadcrumb":{"@id":"https:\/\/csnd-rdc.net\/agroalimentaire\/#breadcrumb"},"inLanguage":"pt-PT","potentialAction":[{"@type":"ReadAction","target":["https:\/\/csnd-rdc.net\/agroalimentaire\/"]}]},{"@type":"ImageObject","inLanguage":"pt-PT","@id":"https:\/\/csnd-rdc.net\/agroalimentaire\/#primaryimage","url":"https:\/\/csnd-rdc.net\/wp-content\/uploads\/2021\/10\/Ferme-de-FUTUKA-300x225.jpg","contentUrl":"https:\/\/csnd-rdc.net\/wp-content\/uploads\/2021\/10\/Ferme-de-FUTUKA-300x225.jpg"},{"@type":"BreadcrumbList","@id":"https:\/\/csnd-rdc.net\/agroalimentaire\/#breadcrumb","itemListElement":[{"@type":"ListItem","position":1,"name":"Accueil","item":"https:\/\/csnd-rdc.net\/"},{"@type":"ListItem","position":2,"name":"Agroalimentaire"}]},{"@type":"WebSite","@id":"https:\/\/csnd-rdc.net\/#website","url":"https:\/\/csnd-rdc.net\/","name":"Conselho Estrat\u00e9gico Nacional para o Desenvolvimento","description":"S\u00edtio Web oficial - Desenvolvido por E-Business Afrika Sarl","potentialAction":[{"@type":"SearchAction","target":{"@type":"EntryPoint","urlTemplate":"https:\/\/csnd-rdc.net\/?s={search_term_string}"},"query-input":{"@type":"PropertyValueSpecification","valueRequired":true,"valueName":"search_term_string"}}],"inLanguage":"pt-PT"}]}},"campaignId":"","_links":{"self":[{"href":"https:\/\/csnd-rdc.net\/pt\/wp-json\/wp\/v2\/pages\/7232","targetHints":{"allow":["GET"]}}],"collection":[{"href":"https:\/\/csnd-rdc.net\/pt\/wp-json\/wp\/v2\/pages"}],"about":[{"href":"https:\/\/csnd-rdc.net\/pt\/wp-json\/wp\/v2\/types\/page"}],"author":[{"embeddable":true,"href":"https:\/\/csnd-rdc.net\/pt\/wp-json\/wp\/v2\/users\/1"}],"replies":[{"embeddable":true,"href":"https:\/\/csnd-rdc.net\/pt\/wp-json\/wp\/v2\/comments?post=7232"}],"version-history":[{"count":0,"href":"https:\/\/csnd-rdc.net\/pt\/wp-json\/wp\/v2\/pages\/7232\/revisions"}],"wp:attachment":[{"href":"https:\/\/csnd-rdc.net\/pt\/wp-json\/wp\/v2\/media?parent=7232"}],"curies":[{"name":"wp","href":"https:\/\/api.w.org\/{rel}","templated":true}]}}