{"id":6467,"date":"2021-09-06T12:11:56","date_gmt":"2021-09-06T11:11:56","guid":{"rendered":"https:\/\/www.csnd-rdc.net\/?page_id=6467"},"modified":"2021-09-06T12:11:56","modified_gmt":"2021-09-06T11:11:56","slug":"le-secteur-minier-en-rdc-congo","status":"publish","type":"page","link":"https:\/\/csnd-rdc.net\/pt\/le-secteur-minier-en-rdc-congo\/","title":{"rendered":"O sector mineiro na RDC Congo"},"content":{"rendered":"<table border=\"3\">\n<tbody>\n<tr>\n<td><em>A RDC \u00e9 um \"esc\u00e2ndalo geol\u00f3gico\" em termos dos seus vastos e diversificados recursos minerais (cobre, cobalto, coltan, ouro e diamantes). Primeiro produtor mundial de cobalto, uma mat\u00e9ria-prima estrat\u00e9gica para a ind\u00fastria autom\u00f3vel, a RDC \u00e9 tamb\u00e9m um importante produtor de cobre (primeiro produtor em \u00c1frica) e de ouro.<\/em><\/td>\n<\/tr>\n<\/tbody>\n<\/table>\n<p style=\"text-align: justify;\"><strong>O sector mineiro continua a ser o cora\u00e7\u00e3o da economia congolesa<\/strong><\/p>\n<div>\n<p style=\"text-align: justify;\">O c\u00f3digo mineiro de 2002, inspirado pelo Banco Mundial e concebido para atrair o investimento estrangeiro, incentivou o crescimento do sector mineiro. Nos \u00faltimos 10 anos, a ind\u00fastria mineira da RD Congo tem sido uma das mais din\u00e2micas da \u00c1frica Subsariana. Apesar de um ambiente operacional dif\u00edcil (dificuldades de abastecimento de \u00e1gua e de eletricidade e infra-estruturas de evacua\u00e7\u00e3o de min\u00e9rio com um desempenho deficiente), a abund\u00e2ncia de recursos minerais foi em grande parte respons\u00e1vel pelo bom desempenho da ind\u00fastria.<a title=\"\" href=\"https:\/\/espace.dgtresor.gouv.fr\/service\/fih\/commun\/commun\/INTERNET%20DG%20TRESOR\/Articles\/2020\/Le%20secteur%20minier%20en%20RD%20Congo%20rev%202.docx#_ftn1\"><sup>[1]<\/sup><\/a>\u00a0um sector que contribui com mais de 80% das receitas de exporta\u00e7\u00e3o do pa\u00eds.<\/p>\n<p style=\"text-align: justify;\">A invers\u00e3o do ciclo das mat\u00e9rias-primas e a subsequente recupera\u00e7\u00e3o dos pre\u00e7os mundiais em 2017 (cobre: +60% para 7100 $\/t, cobalto : +125,98 % para 71000 $\/t e o ouro +20% para 1300 $ por on\u00e7a) incentivou o crescimento dos volumes de produ\u00e7\u00e3o (+9,3 % para o cobre, +18% para o cobalto, +13,3 % para os diamantes e +5,7 % para o ouro). Apenas a produ\u00e7\u00e3o de petr\u00f3leo continua a registar uma tend\u00eancia decrescente (-4,8 %). Durante o primeiro trimestre de 2018, os pre\u00e7os do cobre, que permanecem elevados, ca\u00edram ligeiramente (-3% ou 6990 $\/T). No mesmo per\u00edodo, os pre\u00e7os do cobalto, uma mat\u00e9ria-prima estrat\u00e9gica para a ind\u00fastria de baterias de carros el\u00e9ctricos, continuaram a subir acentuadamente (+39%, de 71000 $\/T para 97000 $\/T). A procura mundial deste mineral, de que a RDC \u00e9 o primeiro produtor mundial (60% da oferta mundial), \u00e9 muito forte e dever\u00e1 aumentar a longo prazo, tendo em conta as necessidades da ind\u00fastria autom\u00f3vel, cuja procura poder\u00e1 passar de 90 000T\/ano para 122 000T\/ano at\u00e9 2025.<\/p>\n<p style=\"text-align: justify;\"><strong>A recess\u00e3o econ\u00f3mica em 2019<\/strong><\/p>\n<p style=\"text-align: justify;\"><strong>2019 foi marcado pela queda dos pre\u00e7os do cobre e do cobalto<a title=\"\" href=\"https:\/\/espace.dgtresor.gouv.fr\/service\/fih\/commun\/commun\/INTERNET%20DG%20TRESOR\/Articles\/2020\/Le%20secteur%20minier%20en%20RD%20Congo%20rev%202.docx#_ftn2\">[2]<\/a>.\u00a0<\/strong>Os pre\u00e7os do cobalto continuaram a cair de forma constante ao longo de 2019, caindo por um fator de 3 entre o pico atingido em mar\u00e7o de 2018 (95.000 $\/t) e os pre\u00e7os actuais (32.000 $\/t). Os pre\u00e7os do cobre tamb\u00e9m ca\u00edram em fases, de 6.500 $\/t em fevereiro para a marca simb\u00f3lica de 6.000 $\/t no in\u00edcio do ver\u00e3o. No final de dezembro, os pre\u00e7os mundiais do cobre situavam-se em 62,001 $\/t.<\/p>\n<p style=\"text-align: justify;\"><strong>Em termos de volumes de produ\u00e7\u00e3o, a produ\u00e7\u00e3o continuou a aumentar nos primeiros 6 meses do ano (+3% para o cobalto e +11% para o cobre).<\/strong> As perspectivas de produ\u00e7\u00e3o s\u00e3o mais variadas. V\u00e1rios projectos mineiros importantes est\u00e3o atualmente em desenvolvimento (projeto Kamoa-Kakula da Ivanhoe), tal como o projeto da mina de estanho da Alphamin. Por outro lado, v\u00e1rias minas importantes indicaram que est\u00e3o a considerar reduzir as suas opera\u00e7\u00f5es ou que est\u00e3o no vermelho (mina Tenke Fungurum\u00e9). A Glencore anunciou a suspens\u00e3o da produ\u00e7\u00e3o na sua mina de\u00a0<strong>Mina de Mutanda<\/strong>. Esta paragem tempor\u00e1ria deve-se ao esgotamento dos min\u00e9rios de \u00f3xido e \u00e0 passagem para a extra\u00e7\u00e3o de min\u00e9rio de sulfureto, que exige uma tecnologia de processamento diferente e um investimento de cerca de 500 milh\u00f5es de euros$. Esta suspens\u00e3o da produ\u00e7\u00e3o na maior mina de cobalto do mundo (Mutanda) ocorre numa altura de tens\u00e3o entre os principais operadores mineiros e o Governo. Prev\u00ea-se que tenha um impacto direto nas receitas p\u00fablicas nos pr\u00f3ximos meses. O Banco Mundial estima que o encerramento desta mina agravar\u00e1 automaticamente a balan\u00e7a de pagamentos em 2 pontos do PIB. O Grupo BANRO, uma das principais minas de ouro, decidiu suspender a produ\u00e7\u00e3o no Kivu do Sul e em Maniema devido \u00e0 situa\u00e7\u00e3o de seguran\u00e7a na sequ\u00eancia de ataques de rebeldes a v\u00e1rias das suas instala\u00e7\u00f5es.<\/p>\n<p style=\"text-align: justify;\"><strong>As receitas mineiras foram afectadas por este abrandamento.\u00a0<\/strong>O regime fiscal aplic\u00e1vel ao sector mineiro prev\u00ea o pagamento em presta\u00e7\u00f5es dos impostos devidos em 2019, com base nos rendimentos de 2018. Ao pre\u00e7o atual do cobalto, os pagamentos efectuados pelos mineiros sob a forma de adiantamentos dever\u00e3o ser, portanto, muito inferiores e, por conseguinte, resultar em cr\u00e9ditos fiscais, ou seja, em muito menos receitas fiscais para o Estado em 2020. As receitas fiscais mineiras representaram 37% das receitas do Estado, ou 1,6 Mds$ em 2018. Estas receitas, muito dependentes do desempenho do sector mineiro, dever\u00e3o diminuir mecanicamente, apesar de os adiantamentos sobre as receitas fiscais concedidos pelas grandes empresas mineiras j\u00e1 terem esgotado grande parte da margem de manobra do Estado e de as reservas cambiais continuarem baixas (1 semana de importa\u00e7\u00f5es). Com a queda dos pre\u00e7os, a produ\u00e7\u00e3o mineira gerou um crescimento de 4,5%, inferior ao registado em 2018 (+5,8%).<\/p>\n<p style=\"text-align: justify;\"><strong>\u00a0<\/strong><\/p>\n<p style=\"text-align: justify;\"><strong>O C\u00f3digo Mineiro de 2018<\/strong><\/p>\n<p style=\"text-align: justify;\"><strong>O c\u00f3digo mineiro de 2002 foi considerado muito favor\u00e1vel ao sector mineiro.<\/strong>\u00a0O novo c\u00f3digo mineiro, promulgado em mar\u00e7o de 2018, n\u00e3o \u00e9 t\u00e3o rigoroso. Principais empresas estrangeiras estabelecidas na RD Congo<a title=\"\" href=\"https:\/\/espace.dgtresor.gouv.fr\/service\/fih\/commun\/commun\/INTERNET%20DG%20TRESOR\/Articles\/2020\/Le%20secteur%20minier%20en%20RD%20Congo%20rev%202.docx#_ftn3\"><sup>[3]<\/sup><\/a>\u00a0tentou opor-se a algumas das medidas adoptadas, em especial \u00e0 supress\u00e3o da \"cl\u00e1usula de estabilidade\". Esta cl\u00e1usula previa a manuten\u00e7\u00e3o dos impostos ao seu n\u00edvel inicial durante um per\u00edodo de 10 anos. Para a ind\u00fastria, esta cl\u00e1usula era justificada pela amortiza\u00e7\u00e3o dos investimentos muito avultados realizados no sector (10 mil milh\u00f5es de euros$ segundo a ind\u00fastria). A supress\u00e3o desta cl\u00e1usula criaria uma instabilidade fiscal prejudicial ao clima de investimentos futuros no sector.<\/p>\n<p style=\"text-align: justify;\">\n<p style=\"text-align: justify;\"><strong>O novo c\u00f3digo, completado por regulamentos de aplica\u00e7\u00e3o, prev\u00ea, nomeadamente, :<\/strong><\/p>\n<p style=\"text-align: justify;\">\n<ul style=\"text-align: justify;\">\n<li>a supress\u00e3o da cl\u00e1usula de estabilidade de 10 anos, agora limitada a 5 anos;<\/li>\n<li>um aumento da participa\u00e7\u00e3o do Estado congol\u00eas nas empresas de explora\u00e7\u00e3o, de 5 para 10% ;<\/li>\n<li>rec\u00e1lculo dos royalties, aumentando as taxas sobre os min\u00e9rios de 2,5 para 3,5%, e at\u00e9 10% para min\u00e9rios estrat\u00e9gicos como o cobalto;<\/li>\n<li>a introdu\u00e7\u00e3o de um imposto de 50% sobre os superlucros quando os pre\u00e7os dos produtos de base aumentam mais de 25% em compara\u00e7\u00e3o com as previs\u00f5es efectuadas no estudo de viabilidade;<\/li>\n<li>tratamento fiscal menos vantajoso, aumento das obriga\u00e7\u00f5es de repatriamento de divisas,<\/li>\n<li>oportunidades de subcontrata\u00e7\u00e3o limitadas a entidades jur\u00eddicas de direito congol\u00eas e com capital congol\u00eas.<\/li>\n<\/ul>\n<p style=\"text-align: justify;\"><strong>\u00a0<\/strong><\/p>\n<p style=\"text-align: justify;\"><strong>O conte\u00fado local e a lei da subcontrata\u00e7\u00e3o<\/strong><\/p>\n<p style=\"text-align: justify;\">As autoridades querem encorajar a recupera\u00e7\u00e3o local de minerais atrav\u00e9s da transforma\u00e7\u00e3o local. At\u00e9 \u00e0 data, o novo c\u00f3digo mineiro teve sobretudo o efeito de cristalizar o descontentamento dos grandes operadores. No futuro, estes dever\u00e3o respeitar as novas regras do jogo, tais como <strong>partilha da produ\u00e7\u00e3o<\/strong>\u00a0como \u00e9 o caso do sector petrol\u00edfero.<\/p>\n<p style=\"text-align: justify;\">Para estimular a transforma\u00e7\u00e3o local de minerais, as autoridades tamb\u00e9m adoptaram em 2017 um <strong>lei da subcontrata\u00e7\u00e3o<\/strong>A Autoridade Reguladora foi oficialmente lan\u00e7ada em outubro de 2019. O artigo 6.\u00ba desta lei estabelece que\u00a0<em>\"A subcontrata\u00e7\u00e3o est\u00e1 reservada \u00e0s empresas congolesas promovidas por congoleses\". <\/em>visa dar mais espa\u00e7o \u00e0s empresas congolesas num sector ainda pouco inclusivo.<\/p>\n<p style=\"text-align: justify;\"><strong>\u00a0\u00a0\u00a0\u00a0\u00a0\u00a0\u00a0\u00a0\u00a0\u00a0\u00a0\u00a0\u00a0\u00a0\u00a0\u00a0\u00a0\u00a0\u00a0\u00a0\u00a0\u00a0\u00a0\u00a0\u00a0\u00a0\u00a0\u00a0<\/strong><\/p>\n<p style=\"text-align: justify;\"><strong>AP\u00caNDICES<\/strong><\/p>\n<p style=\"text-align: justify;\"><strong>\u00a0<\/strong><img decoding=\"async\" src=\"https:\/\/www.tresor.economie.gouv.fr\/Pays\/Pages\/c4657524-6a6d-4cf3-8391-9d70556e302b\/images\/b2e0167a-5c13-4013-9c2f-a7ab347a3e61\" alt=\"Pre\u00e7o do cobalto\" \/><\/p>\n<p style=\"text-align: justify;\"><strong>Pre\u00e7o do cobalto, mar\u00e7o de 2018 - ano civil de 2019<\/strong><\/p>\n<p style=\"text-align: justify;\"><em>Fonte: London Metal Exchange (LME)<\/em><\/p>\n<p style=\"text-align: justify;\"><img decoding=\"async\" src=\"https:\/\/www.tresor.economie.gouv.fr\/Pays\/Pages\/c4657524-6a6d-4cf3-8391-9d70556e302b\/images\/d3b94cb3-388c-4701-aaa8-b6059bdede83\" alt=\"Pre\u00e7o do cobre\" \/><\/p>\n<div style=\"text-align: justify;\">\n<p><strong>Pre\u00e7os do cobre, ano civil de 2019<\/strong><\/p>\n<p><em>Fonte: London Metal Exchange (LME)<\/em><\/p>\n<\/div>\n<div style=\"text-align: justify;\"><\/div>\n<div style=\"text-align: justify;\"><img fetchpriority=\"high\" decoding=\"async\" src=\"https:\/\/www.tresor.economie.gouv.fr\/Pays\/Pages\/c4657524-6a6d-4cf3-8391-9d70556e302b\/images\/0628457e-b807-48b9-8648-a4b55c922b42\" alt=\"As maiores minas de cobre\" width=\"509\" height=\"381\" \/><\/div>\n<div style=\"text-align: justify;\">\n<p><em>Fonte: Grupo Internacional de Estudos do Cobre; Wood Mackenzie<\/em><\/p>\n<\/div>\n<div style=\"text-align: justify;\"><\/div>\n<div style=\"text-align: justify;\"><img decoding=\"async\" src=\"https:\/\/www.tresor.economie.gouv.fr\/Pays\/Pages\/c4657524-6a6d-4cf3-8391-9d70556e302b\/images\/e5da0e12-15c8-4756-9da2-8557444b0ead\" alt=\"Mapas de s\u00edtios de minas\" \/><\/div>\n<div style=\"text-align: justify;\"><em>Fonte: Jornal online CongoVox<\/em><br clear=\"all\" \/><\/p>\n<hr align=\"left\" size=\"1\" width=\"33%\" \/>\n<\/div>\n<div>\n<div style=\"text-align: justify;\">\n<p><span style=\"font-size: 8pt;\"><a title=\"\" href=\"https:\/\/espace.dgtresor.gouv.fr\/service\/fih\/commun\/commun\/INTERNET%20DG%20TRESOR\/Articles\/2020\/Le%20secteur%20minier%20en%20RD%20Congo%20rev%202.docx#_ftnref1\">[1]<\/a>\u00a0O potencial de recursos naturais da RDC est\u00e1 estimado em 24 mil milh\u00f5es$ de minerais por explorar.<\/span><\/p>\n<\/div>\n<div style=\"text-align: justify;\">\n<p><span style=\"font-size: 8pt;\"><a title=\"\" href=\"https:\/\/espace.dgtresor.gouv.fr\/service\/fih\/commun\/commun\/INTERNET%20DG%20TRESOR\/Articles\/2020\/Le%20secteur%20minier%20en%20RD%20Congo%20rev%202.docx#_ftnref2\">[2]<\/a>\u00a0Ver Anexos 1 e 2<\/span><\/p>\n<\/div>\n<div>\n<p style=\"text-align: justify;\"><span style=\"font-size: 8pt;\"><a title=\"\" href=\"https:\/\/espace.dgtresor.gouv.fr\/service\/fih\/commun\/commun\/INTERNET%20DG%20TRESOR\/Articles\/2020\/Le%20secteur%20minier%20en%20RD%20Congo%20rev%202.docx#_ftnref3\">[3]<\/a>\u00a0Estas incluem a China Molybdenum, a Glencore (Su\u00ed\u00e7a), a AngloGold Ashanti (\u00c1frica do Sul), a Randgold (\u00c1frica do Sul\/Gr\u00e3-Bretanha) e a MMG (Austr\u00e1lia\/China).<\/span><\/p>\n<\/div>\n<\/div>\n<\/div>","protected":false},"excerpt":{"rendered":"<p>La RDC est \u00ab un scandale g\u00e9ologique \u00bb tant ses ressources mini\u00e8res sont importantes et diverses (Cuivre, cobalt, coltan, or, diamants). Premier producteur mondial de cobalt, une mati\u00e8re premi\u00e8re strat\u00e9gique pour l\u2019industrie automobile, la RDC est \u00e9galement un important acteur pour le cuivre (1\u00b0 producteur africain) et l\u2019or. Le secteur minier reste le c\u0153ur de [&hellip;]<\/p>","protected":false},"author":1,"featured_media":0,"parent":0,"menu_order":0,"comment_status":"closed","ping_status":"closed","template":"","meta":{"give_campaign_id":0,"inline_featured_image":false,"footnotes":""},"class_list":["post-6467","page","type-page","status-publish","hentry"],"yoast_head":"<!-- This site is optimized with the Yoast SEO plugin v26.1 - https:\/\/yoast.com\/wordpress\/plugins\/seo\/ -->\n<title>Le secteur minier en RDC Congo - Conseil Strat\u00e9gique National pour le D\u00e9veloppement<\/title>\n<meta name=\"description\" content=\"La RDC est \u00ab un scandale g\u00e9ologique \u00bb tant ses ressources mini\u00e8res sont importantes et diverses (Cuivre, cobalt, coltan, or, diamants).\" \/>\n<meta name=\"robots\" content=\"index, follow, max-snippet:-1, max-image-preview:large, max-video-preview:-1\" \/>\n<link rel=\"canonical\" href=\"https:\/\/csnd-rdc.net\/pt\/le-secteur-minier-en-rdc-congo\/\" \/>\n<meta property=\"og:locale\" content=\"pt_PT\" \/>\n<meta property=\"og:type\" content=\"article\" \/>\n<meta property=\"og:title\" content=\"Le secteur minier en RDC Congo - Conseil Strat\u00e9gique National pour le D\u00e9veloppement\" \/>\n<meta property=\"og:description\" content=\"La RDC est \u00ab un scandale g\u00e9ologique \u00bb tant ses ressources mini\u00e8res sont importantes et diverses (Cuivre, cobalt, coltan, or, diamants).\" \/>\n<meta property=\"og:url\" content=\"https:\/\/csnd-rdc.net\/pt\/le-secteur-minier-en-rdc-congo\/\" \/>\n<meta property=\"og:site_name\" content=\"Conseil Strat\u00e9gique National pour le D\u00e9veloppement\" \/>\n<meta property=\"og:image\" content=\"https:\/\/www.tresor.economie.gouv.fr\/Pays\/Pages\/c4657524-6a6d-4cf3-8391-9d70556e302b\/images\/b2e0167a-5c13-4013-9c2f-a7ab347a3e61\" \/>\n<meta name=\"twitter:card\" content=\"summary_large_image\" \/>\n<meta name=\"twitter:label1\" content=\"Tempo estimado de leitura\" \/>\n\t<meta name=\"twitter:data1\" content=\"7 minutos\" \/>\n<script type=\"application\/ld+json\" class=\"yoast-schema-graph\">{\"@context\":\"https:\/\/schema.org\",\"@graph\":[{\"@type\":\"WebPage\",\"@id\":\"https:\/\/csnd-rdc.net\/le-secteur-minier-en-rdc-congo\/\",\"url\":\"https:\/\/csnd-rdc.net\/le-secteur-minier-en-rdc-congo\/\",\"name\":\"Le secteur minier en RDC Congo - Conseil Strat\u00e9gique National pour le D\u00e9veloppement\",\"isPartOf\":{\"@id\":\"https:\/\/csnd-rdc.net\/#website\"},\"primaryImageOfPage\":{\"@id\":\"https:\/\/csnd-rdc.net\/le-secteur-minier-en-rdc-congo\/#primaryimage\"},\"image\":{\"@id\":\"https:\/\/csnd-rdc.net\/le-secteur-minier-en-rdc-congo\/#primaryimage\"},\"thumbnailUrl\":\"https:\/\/www.tresor.economie.gouv.fr\/Pays\/Pages\/c4657524-6a6d-4cf3-8391-9d70556e302b\/images\/b2e0167a-5c13-4013-9c2f-a7ab347a3e61\",\"datePublished\":\"2021-09-06T11:11:56+00:00\",\"description\":\"La RDC est \u00ab un scandale g\u00e9ologique \u00bb tant ses ressources mini\u00e8res sont importantes et diverses (Cuivre, cobalt, coltan, or, diamants).\",\"breadcrumb\":{\"@id\":\"https:\/\/csnd-rdc.net\/le-secteur-minier-en-rdc-congo\/#breadcrumb\"},\"inLanguage\":\"pt-PT\",\"potentialAction\":[{\"@type\":\"ReadAction\",\"target\":[\"https:\/\/csnd-rdc.net\/le-secteur-minier-en-rdc-congo\/\"]}]},{\"@type\":\"ImageObject\",\"inLanguage\":\"pt-PT\",\"@id\":\"https:\/\/csnd-rdc.net\/le-secteur-minier-en-rdc-congo\/#primaryimage\",\"url\":\"https:\/\/www.tresor.economie.gouv.fr\/Pays\/Pages\/c4657524-6a6d-4cf3-8391-9d70556e302b\/images\/b2e0167a-5c13-4013-9c2f-a7ab347a3e61\",\"contentUrl\":\"https:\/\/www.tresor.economie.gouv.fr\/Pays\/Pages\/c4657524-6a6d-4cf3-8391-9d70556e302b\/images\/b2e0167a-5c13-4013-9c2f-a7ab347a3e61\"},{\"@type\":\"BreadcrumbList\",\"@id\":\"https:\/\/csnd-rdc.net\/le-secteur-minier-en-rdc-congo\/#breadcrumb\",\"itemListElement\":[{\"@type\":\"ListItem\",\"position\":1,\"name\":\"Accueil\",\"item\":\"https:\/\/csnd-rdc.net\/\"},{\"@type\":\"ListItem\",\"position\":2,\"name\":\"Le secteur minier en RDC Congo\"}]},{\"@type\":\"WebSite\",\"@id\":\"https:\/\/csnd-rdc.net\/#website\",\"url\":\"https:\/\/csnd-rdc.net\/\",\"name\":\"Conseil Strat\u00e9gique National pour le D\u00e9veloppement\",\"description\":\"Site Web Officiel - D\u00e9velopp\u00e9 par E-Business Afrika Sarl\",\"potentialAction\":[{\"@type\":\"SearchAction\",\"target\":{\"@type\":\"EntryPoint\",\"urlTemplate\":\"https:\/\/csnd-rdc.net\/?s={search_term_string}\"},\"query-input\":{\"@type\":\"PropertyValueSpecification\",\"valueRequired\":true,\"valueName\":\"search_term_string\"}}],\"inLanguage\":\"pt-PT\"}]}<\/script>\n<!-- \/ Yoast SEO plugin. -->","yoast_head_json":{"title":"O sector mineiro na RDC Congo - Conseil Strat\u00e9gique National pour le D\u00e9veloppement","description":"A RDC \u00e9 um \"esc\u00e2ndalo geol\u00f3gico\" devido aos seus vastos e diversificados recursos minerais (cobre, cobalto, coltan, ouro e diamantes).","robots":{"index":"index","follow":"follow","max-snippet":"max-snippet:-1","max-image-preview":"max-image-preview:large","max-video-preview":"max-video-preview:-1"},"canonical":"https:\/\/csnd-rdc.net\/pt\/le-secteur-minier-en-rdc-congo\/","og_locale":"pt_PT","og_type":"article","og_title":"Le secteur minier en RDC Congo - Conseil Strat\u00e9gique National pour le D\u00e9veloppement","og_description":"La RDC est \u00ab un scandale g\u00e9ologique \u00bb tant ses ressources mini\u00e8res sont importantes et diverses (Cuivre, cobalt, coltan, or, diamants).","og_url":"https:\/\/csnd-rdc.net\/pt\/le-secteur-minier-en-rdc-congo\/","og_site_name":"Conseil Strat\u00e9gique National pour le D\u00e9veloppement","og_image":[{"url":"https:\/\/www.tresor.economie.gouv.fr\/Pays\/Pages\/c4657524-6a6d-4cf3-8391-9d70556e302b\/images\/b2e0167a-5c13-4013-9c2f-a7ab347a3e61","type":"","width":"","height":""}],"twitter_card":"summary_large_image","twitter_misc":{"Tempo estimado de leitura":"7 minutos"},"schema":{"@context":"https:\/\/schema.org","@graph":[{"@type":"WebPage","@id":"https:\/\/csnd-rdc.net\/le-secteur-minier-en-rdc-congo\/","url":"https:\/\/csnd-rdc.net\/le-secteur-minier-en-rdc-congo\/","name":"O sector mineiro na RDC Congo - Conseil Strat\u00e9gique National pour le D\u00e9veloppement","isPartOf":{"@id":"https:\/\/csnd-rdc.net\/#website"},"primaryImageOfPage":{"@id":"https:\/\/csnd-rdc.net\/le-secteur-minier-en-rdc-congo\/#primaryimage"},"image":{"@id":"https:\/\/csnd-rdc.net\/le-secteur-minier-en-rdc-congo\/#primaryimage"},"thumbnailUrl":"https:\/\/www.tresor.economie.gouv.fr\/Pays\/Pages\/c4657524-6a6d-4cf3-8391-9d70556e302b\/images\/b2e0167a-5c13-4013-9c2f-a7ab347a3e61","datePublished":"2021-09-06T11:11:56+00:00","description":"A RDC \u00e9 um \"esc\u00e2ndalo geol\u00f3gico\" devido aos seus vastos e diversificados recursos minerais (cobre, cobalto, coltan, ouro e diamantes).","breadcrumb":{"@id":"https:\/\/csnd-rdc.net\/le-secteur-minier-en-rdc-congo\/#breadcrumb"},"inLanguage":"pt-PT","potentialAction":[{"@type":"ReadAction","target":["https:\/\/csnd-rdc.net\/le-secteur-minier-en-rdc-congo\/"]}]},{"@type":"ImageObject","inLanguage":"pt-PT","@id":"https:\/\/csnd-rdc.net\/le-secteur-minier-en-rdc-congo\/#primaryimage","url":"https:\/\/www.tresor.economie.gouv.fr\/Pays\/Pages\/c4657524-6a6d-4cf3-8391-9d70556e302b\/images\/b2e0167a-5c13-4013-9c2f-a7ab347a3e61","contentUrl":"https:\/\/www.tresor.economie.gouv.fr\/Pays\/Pages\/c4657524-6a6d-4cf3-8391-9d70556e302b\/images\/b2e0167a-5c13-4013-9c2f-a7ab347a3e61"},{"@type":"BreadcrumbList","@id":"https:\/\/csnd-rdc.net\/le-secteur-minier-en-rdc-congo\/#breadcrumb","itemListElement":[{"@type":"ListItem","position":1,"name":"Accueil","item":"https:\/\/csnd-rdc.net\/"},{"@type":"ListItem","position":2,"name":"Le secteur minier en RDC Congo"}]},{"@type":"WebSite","@id":"https:\/\/csnd-rdc.net\/#website","url":"https:\/\/csnd-rdc.net\/","name":"Conselho Estrat\u00e9gico Nacional para o Desenvolvimento","description":"S\u00edtio Web oficial - Desenvolvido por E-Business Afrika Sarl","potentialAction":[{"@type":"SearchAction","target":{"@type":"EntryPoint","urlTemplate":"https:\/\/csnd-rdc.net\/?s={search_term_string}"},"query-input":{"@type":"PropertyValueSpecification","valueRequired":true,"valueName":"search_term_string"}}],"inLanguage":"pt-PT"}]}},"campaignId":"","_links":{"self":[{"href":"https:\/\/csnd-rdc.net\/pt\/wp-json\/wp\/v2\/pages\/6467","targetHints":{"allow":["GET"]}}],"collection":[{"href":"https:\/\/csnd-rdc.net\/pt\/wp-json\/wp\/v2\/pages"}],"about":[{"href":"https:\/\/csnd-rdc.net\/pt\/wp-json\/wp\/v2\/types\/page"}],"author":[{"embeddable":true,"href":"https:\/\/csnd-rdc.net\/pt\/wp-json\/wp\/v2\/users\/1"}],"replies":[{"embeddable":true,"href":"https:\/\/csnd-rdc.net\/pt\/wp-json\/wp\/v2\/comments?post=6467"}],"version-history":[{"count":0,"href":"https:\/\/csnd-rdc.net\/pt\/wp-json\/wp\/v2\/pages\/6467\/revisions"}],"wp:attachment":[{"href":"https:\/\/csnd-rdc.net\/pt\/wp-json\/wp\/v2\/media?parent=6467"}],"curies":[{"name":"wp","href":"https:\/\/api.w.org\/{rel}","templated":true}]}}