{"id":6383,"date":"2021-08-27T11:01:59","date_gmt":"2021-08-27T10:01:59","guid":{"rendered":"https:\/\/www.csnd-rdc.net\/?page_id=6383"},"modified":"2021-08-27T11:13:47","modified_gmt":"2021-08-27T10:13:47","slug":"les-investissements-surs","status":"publish","type":"page","link":"https:\/\/csnd-rdc.net\/pt\/les-investissements-surs\/","title":{"rendered":"Investimentos seguros"},"content":{"rendered":"<section id=\"s1n2\" class=\"section section1\">\n<p id=\"pa4\" class=\"para\" style=\"text-align: justify;\">Os Estados membros da OHADA oferecem aos investidores garantias jur\u00eddicas e judici\u00e1rias. Do ponto de vista jur\u00eddico, o legislador comunit\u00e1rio previu regras modernas aplic\u00e1veis \u00e0s sociedades, desde a sua cria\u00e7\u00e3o at\u00e9 \u00e0 sua fal\u00eancia.<\/p>\n<p id=\"pa5\" class=\"para\" style=\"text-align: justify;\">Entre os actos uniformes em vigor, tr\u00eas s\u00e3o particularmente importantes. Em primeiro lugar, o Ato Uniforme relativo \u00e0 Lei das Sociedades Comerciais e dos Agrupamentos de Interesse Econ\u00f3mico estabelece o quadro das actividades econ\u00f3micas. Este ato prev\u00ea para os operadores diversas formas de sociedade, desde as sociedades de pessoas \u00e0s sociedades an\u00f3nimas. O legislador da OHADA autoriza igualmente a cria\u00e7\u00e3o de sociedades unipessoais sob a forma de SARL ou SA. Em segundo lugar, para assegurar o cumprimento atempado dos compromissos, os investidores podem constituir garantias reais ou pessoais ao abrigo do Ato Uniforme dos T\u00edtulos. Por \u00faltimo, o terceiro ato uniforme essencial, do qual depende a efic\u00e1cia dos outros, diz respeito \u00e0 organiza\u00e7\u00e3o de procedimentos simplificados de cobran\u00e7a e de medidas de execu\u00e7\u00e3o. A sua aplica\u00e7\u00e3o deve permitir a cobran\u00e7a r\u00e1pida das d\u00edvidas e a execu\u00e7\u00e3o efectiva das decis\u00f5es judiciais (De Saba, 2005).<\/p>\n<p id=\"pa6\" class=\"para\" style=\"text-align: justify;\">Todos os actos uniformes adoptados t\u00eam a n\u00edtida vantagem de serem obrigat\u00f3rios e de aplica\u00e7\u00e3o direta na ordem jur\u00eddica interna dos Estados da OHADA. Qualquer disposi\u00e7\u00e3o legislativa ou regulamentar nacional que tenha o mesmo objeto que os actos uniformes \u00e9, por conseguinte, revogada.<\/p>\n<p id=\"pa7\" class=\"para\" style=\"text-align: justify;\">O ambiente criado pela nova lei das empresas d\u00e1 aos investidores uma vis\u00e3o clara do direito aplic\u00e1vel \u00e0s suas actividades. Deste modo, podem antecipar os riscos inerentes \u00e0s suas actividades. O direito da OHADA garante, assim, um grau de previsibilidade na resolu\u00e7\u00e3o de lit\u00edgios que n\u00e3o existia anteriormente.<\/p>\n<p id=\"pa8\" class=\"para\" style=\"text-align: justify;\">Em \u00faltima an\u00e1lise, o conjunto do trabalho legislativo da OHADA tem por objetivo tranquilizar os investidores. Com o mesmo objetivo, os promotores do novo direito dos neg\u00f3cios n\u00e3o se limitaram a redigir normas jur\u00eddicas. Procuraram igualmente fornecer garantias judiciais quanto \u00e0 sua aplica\u00e7\u00e3o.<\/p>\n<p class=\"para\" style=\"text-align: justify;\">A uniformiza\u00e7\u00e3o do direito iniciada pela OHADA seria apenas te\u00f3rica se as normas por ela adoptadas fossem aplicadas e interpretadas de forma diferente nos Estados-Membros. A unifica\u00e7\u00e3o jur\u00eddica devia necessariamente ser acompanhada de uma unifica\u00e7\u00e3o judicial para garantir aos operadores econ\u00f3micos o princ\u00edpio da igualdade de tratamento. Assim, foi criado um Tribunal Comum de Justi\u00e7a e Arbitragem (CCJA), dotado de privil\u00e9gios e imunidades diplom\u00e1ticas. Concretamente, a resolu\u00e7\u00e3o dos lit\u00edgios relativos \u00e0 aplica\u00e7\u00e3o dos actos uniformes compete, em primeira inst\u00e2ncia e em caso de recurso, aos tribunais dos Estados Contratantes. Os recursos sobre as quest\u00f5es de direito s\u00e3o da compet\u00eancia exclusiva da CCJA, que tem a sua sede em Abidjan (Rep\u00fablica da Costa do Marfim).<\/p>\n<\/section>","protected":false},"excerpt":{"rendered":"<p>Les \u00c9tats de l\u2019OHADA offrent aux investisseurs des garanties d\u2019ordre normatif et judiciaire. D\u2019un point de vue normatif, le l\u00e9gislateur communautaire a pr\u00e9vu des r\u00e8gles modernes applicables aux soci\u00e9t\u00e9s, depuis leur cr\u00e9ation jusqu\u2019\u00e0 leur faillite. Parmi les Actes uniformes en vigueur, trois sont particuli\u00e8rement importants. Premi\u00e8rement, l\u2019Acte uniforme relatif au droit des soci\u00e9t\u00e9s commerciales et [&hellip;]<\/p>","protected":false},"author":1,"featured_media":0,"parent":0,"menu_order":0,"comment_status":"closed","ping_status":"closed","template":"","meta":{"give_campaign_id":0,"inline_featured_image":false,"footnotes":""},"class_list":["post-6383","page","type-page","status-publish","hentry"],"yoast_head":"<!-- This site is optimized with the Yoast SEO plugin v26.1 - https:\/\/yoast.com\/wordpress\/plugins\/seo\/ -->\n<title>Les investissements s\u00fbrs - CSND Site Web Officiel<\/title>\n<meta name=\"description\" content=\"La capacit\u00e9 du continent africain \u00e0 mobiliser les fonds n\u00e9cessaires \u00e0 son d\u00e9veloppement est en dessous de z\u00e9ro en d\u00e9pit de ses atouts ...\" \/>\n<meta name=\"robots\" content=\"index, follow, max-snippet:-1, max-image-preview:large, max-video-preview:-1\" \/>\n<link rel=\"canonical\" href=\"https:\/\/csnd-rdc.net\/pt\/les-investissements-surs\/\" \/>\n<meta property=\"og:locale\" content=\"pt_PT\" \/>\n<meta property=\"og:type\" content=\"article\" \/>\n<meta property=\"og:title\" content=\"Les investissements s\u00fbrs - CSND Site Web Officiel\" \/>\n<meta property=\"og:description\" content=\"La capacit\u00e9 du continent africain \u00e0 mobiliser les fonds n\u00e9cessaires \u00e0 son d\u00e9veloppement est en dessous de z\u00e9ro en d\u00e9pit de ses atouts ...\" \/>\n<meta property=\"og:url\" content=\"https:\/\/csnd-rdc.net\/pt\/les-investissements-surs\/\" \/>\n<meta property=\"og:site_name\" content=\"Conseil Strat\u00e9gique National pour le D\u00e9veloppement\" \/>\n<meta property=\"article:modified_time\" content=\"2021-08-27T10:13:47+00:00\" \/>\n<meta name=\"twitter:card\" content=\"summary_large_image\" \/>\n<meta name=\"twitter:label1\" content=\"Tempo estimado de leitura\" \/>\n\t<meta name=\"twitter:data1\" content=\"2 minutos\" \/>\n<script type=\"application\/ld+json\" class=\"yoast-schema-graph\">{\"@context\":\"https:\/\/schema.org\",\"@graph\":[{\"@type\":\"WebPage\",\"@id\":\"https:\/\/csnd-rdc.net\/les-investissements-surs\/\",\"url\":\"https:\/\/csnd-rdc.net\/les-investissements-surs\/\",\"name\":\"Les investissements s\u00fbrs - CSND Site Web Officiel\",\"isPartOf\":{\"@id\":\"https:\/\/csnd-rdc.net\/#website\"},\"datePublished\":\"2021-08-27T10:01:59+00:00\",\"dateModified\":\"2021-08-27T10:13:47+00:00\",\"description\":\"La capacit\u00e9 du continent africain \u00e0 mobiliser les fonds n\u00e9cessaires \u00e0 son d\u00e9veloppement est en dessous de z\u00e9ro en d\u00e9pit de ses atouts ...\",\"breadcrumb\":{\"@id\":\"https:\/\/csnd-rdc.net\/les-investissements-surs\/#breadcrumb\"},\"inLanguage\":\"pt-PT\",\"potentialAction\":[{\"@type\":\"ReadAction\",\"target\":[\"https:\/\/csnd-rdc.net\/les-investissements-surs\/\"]}]},{\"@type\":\"BreadcrumbList\",\"@id\":\"https:\/\/csnd-rdc.net\/les-investissements-surs\/#breadcrumb\",\"itemListElement\":[{\"@type\":\"ListItem\",\"position\":1,\"name\":\"Accueil\",\"item\":\"https:\/\/csnd-rdc.net\/\"},{\"@type\":\"ListItem\",\"position\":2,\"name\":\"Les investissements s\u00fbrs\"}]},{\"@type\":\"WebSite\",\"@id\":\"https:\/\/csnd-rdc.net\/#website\",\"url\":\"https:\/\/csnd-rdc.net\/\",\"name\":\"Conseil Strat\u00e9gique National pour le D\u00e9veloppement\",\"description\":\"Site Web Officiel - D\u00e9velopp\u00e9 par E-Business Afrika Sarl\",\"potentialAction\":[{\"@type\":\"SearchAction\",\"target\":{\"@type\":\"EntryPoint\",\"urlTemplate\":\"https:\/\/csnd-rdc.net\/?s={search_term_string}\"},\"query-input\":{\"@type\":\"PropertyValueSpecification\",\"valueRequired\":true,\"valueName\":\"search_term_string\"}}],\"inLanguage\":\"pt-PT\"}]}<\/script>\n<!-- \/ Yoast SEO plugin. -->","yoast_head_json":{"title":"Investimentos seguros - CSND Official Website","description":"A capacidade do continente africano para mobilizar os fundos de que necessita para o desenvolvimento \u00e9 inferior a zero, apesar dos seus pontos fortes...","robots":{"index":"index","follow":"follow","max-snippet":"max-snippet:-1","max-image-preview":"max-image-preview:large","max-video-preview":"max-video-preview:-1"},"canonical":"https:\/\/csnd-rdc.net\/pt\/les-investissements-surs\/","og_locale":"pt_PT","og_type":"article","og_title":"Les investissements s\u00fbrs - CSND Site Web Officiel","og_description":"La capacit\u00e9 du continent africain \u00e0 mobiliser les fonds n\u00e9cessaires \u00e0 son d\u00e9veloppement est en dessous de z\u00e9ro en d\u00e9pit de ses atouts ...","og_url":"https:\/\/csnd-rdc.net\/pt\/les-investissements-surs\/","og_site_name":"Conseil Strat\u00e9gique National pour le D\u00e9veloppement","article_modified_time":"2021-08-27T10:13:47+00:00","twitter_card":"summary_large_image","twitter_misc":{"Tempo estimado de leitura":"2 minutos"},"schema":{"@context":"https:\/\/schema.org","@graph":[{"@type":"WebPage","@id":"https:\/\/csnd-rdc.net\/les-investissements-surs\/","url":"https:\/\/csnd-rdc.net\/les-investissements-surs\/","name":"Investimentos seguros - CSND Official Website","isPartOf":{"@id":"https:\/\/csnd-rdc.net\/#website"},"datePublished":"2021-08-27T10:01:59+00:00","dateModified":"2021-08-27T10:13:47+00:00","description":"A capacidade do continente africano para mobilizar os fundos de que necessita para o desenvolvimento \u00e9 inferior a zero, apesar dos seus pontos fortes...","breadcrumb":{"@id":"https:\/\/csnd-rdc.net\/les-investissements-surs\/#breadcrumb"},"inLanguage":"pt-PT","potentialAction":[{"@type":"ReadAction","target":["https:\/\/csnd-rdc.net\/les-investissements-surs\/"]}]},{"@type":"BreadcrumbList","@id":"https:\/\/csnd-rdc.net\/les-investissements-surs\/#breadcrumb","itemListElement":[{"@type":"ListItem","position":1,"name":"Accueil","item":"https:\/\/csnd-rdc.net\/"},{"@type":"ListItem","position":2,"name":"Les investissements s\u00fbrs"}]},{"@type":"WebSite","@id":"https:\/\/csnd-rdc.net\/#website","url":"https:\/\/csnd-rdc.net\/","name":"Conselho Estrat\u00e9gico Nacional para o Desenvolvimento","description":"S\u00edtio Web oficial - Desenvolvido por E-Business Afrika Sarl","potentialAction":[{"@type":"SearchAction","target":{"@type":"EntryPoint","urlTemplate":"https:\/\/csnd-rdc.net\/?s={search_term_string}"},"query-input":{"@type":"PropertyValueSpecification","valueRequired":true,"valueName":"search_term_string"}}],"inLanguage":"pt-PT"}]}},"campaignId":"","_links":{"self":[{"href":"https:\/\/csnd-rdc.net\/pt\/wp-json\/wp\/v2\/pages\/6383","targetHints":{"allow":["GET"]}}],"collection":[{"href":"https:\/\/csnd-rdc.net\/pt\/wp-json\/wp\/v2\/pages"}],"about":[{"href":"https:\/\/csnd-rdc.net\/pt\/wp-json\/wp\/v2\/types\/page"}],"author":[{"embeddable":true,"href":"https:\/\/csnd-rdc.net\/pt\/wp-json\/wp\/v2\/users\/1"}],"replies":[{"embeddable":true,"href":"https:\/\/csnd-rdc.net\/pt\/wp-json\/wp\/v2\/comments?post=6383"}],"version-history":[{"count":0,"href":"https:\/\/csnd-rdc.net\/pt\/wp-json\/wp\/v2\/pages\/6383\/revisions"}],"wp:attachment":[{"href":"https:\/\/csnd-rdc.net\/pt\/wp-json\/wp\/v2\/media?parent=6383"}],"curies":[{"name":"wp","href":"https:\/\/api.w.org\/{rel}","templated":true}]}}