{"id":7232,"date":"2021-10-11T11:54:15","date_gmt":"2021-10-11T10:54:15","guid":{"rendered":"https:\/\/www.csnd-rdc.net\/?page_id=7232"},"modified":"2021-11-21T22:01:03","modified_gmt":"2021-11-21T21:01:03","slug":"agroalimentaire","status":"publish","type":"page","link":"https:\/\/csnd-rdc.net\/es\/agroalimentaire\/","title":{"rendered":"Industria alimentaria"},"content":{"rendered":"<p style=\"text-align: justify;\"><img fetchpriority=\"high\" decoding=\"async\" class=\"size-medium wp-image-7234 alignleft\" src=\"https:\/\/csnd-rdc.net\/wp-content\/uploads\/2021\/10\/Ferme-de-FUTUKA-300x225.jpg\" alt=\"\" width=\"300\" height=\"225\" srcset=\"https:\/\/csnd-rdc.net\/wp-content\/uploads\/2021\/10\/Ferme-de-FUTUKA-300x225.jpg 300w, https:\/\/csnd-rdc.net\/wp-content\/uploads\/2021\/10\/Ferme-de-FUTUKA-768x576.jpg 768w, https:\/\/csnd-rdc.net\/wp-content\/uploads\/2021\/10\/Ferme-de-FUTUKA-600x450.jpg 600w, https:\/\/csnd-rdc.net\/wp-content\/uploads\/2021\/10\/Ferme-de-FUTUKA.jpg 960w\" sizes=\"(max-width: 300px) 100vw, 300px\" \/>Le\u00a0<b>sector agroalimentario<\/b>\u00a0o\u00a0<b>industria alimentaria<\/b><sup id=\"cite_ref-1\" class=\"reference\"><a href=\"https:\/\/fr.wikipedia.org\/wiki\/Secteur_agroalimentaire#cite_note-1\">1<\/a><\/sup>\u00a0o incluso\u00a0<b>complejo agroindustrial<\/b>\u00a0es un sector de actividad que corresponde a todas las empresas del sector primario (el\u00a0<a title=\"Agricultura\" href=\"https:\/\/fr.wikipedia.org\/wiki\/Exploitation_agricole\">granjas<\/a>) que producen\u00a0<a class=\"mw-redirect\" title=\"Producto alimenticio\" href=\"https:\/\/fr.wikipedia.org\/wiki\/Produit_alimentaire\">alimentos<\/a>\u00a0y secundaria (la<a title=\"Industria alimentaria\" href=\"https:\/\/fr.wikipedia.org\/wiki\/Industrie_agroalimentaire\">industria alimentaria<\/a>) que los transforman en\u00a0<a title=\"Alimentaci\u00f3n industrial\" href=\"https:\/\/fr.wikipedia.org\/wiki\/Aliment_industriel\">alimentaci\u00f3n industrial<\/a>.<\/p>\n<p style=\"text-align: justify;\">Incluye dos grupos (no se incluye la parte del sector agrario formada por los productores agr\u00edcolas y sus innumerables productos agr\u00edcolas de peque\u00f1o volumen y transformaciones que se comercializan en\u00a0<a title=\"Venta directa\" href=\"https:\/\/fr.wikipedia.org\/wiki\/Vente_directe\">venta directa<\/a>)\u00a0:<\/p>\n<ul style=\"text-align: justify;\">\n<li>el\u00a0<a title=\"Agricultor\" href=\"https:\/\/fr.wikipedia.org\/wiki\/Agriculteur\">sector agr\u00edcola<\/a>que\u00a0<a title=\"Cr\u00eda\" href=\"https:\/\/fr.wikipedia.org\/wiki\/%C3%89levage\">estudiante<\/a>\u00a0el\u00a0<a title=\"Ganader\u00eda\" href=\"https:\/\/fr.wikipedia.org\/wiki\/B%C3%A9tail\">ganado<\/a>\u00a0(reba\u00f1os medianos y grandes), cultiva (cultivos herb\u00e1ceos) y vende los productos de la ganader\u00eda.\u00a0<a class=\"mw-redirect\" title=\"Producto agr\u00edcola\" href=\"https:\/\/fr.wikipedia.org\/wiki\/Produit_agricole\">productos agr\u00edcolas<\/a>\u00a0obtenidos de la industria agroalimentaria;<\/li>\n<li>l'<a title=\"Industria alimentaria\" href=\"https:\/\/fr.wikipedia.org\/wiki\/Industrie_agroalimentaire\">industria alimentaria<\/a>que transforma el ganado y las plantas cultivadas en productos alimentarios industriales.<\/li>\n<\/ul>\n<p style=\"text-align: justify;\">Este sector de actividad tiene su propia econom\u00eda, que agrupa las actividades de\u00a0<a title=\"Industria de transformaci\u00f3n\" href=\"https:\/\/fr.wikipedia.org\/wiki\/Industrie_de_transformation\">transformaci\u00f3n<\/a>\u00a0y\u00a0<a class=\"mw-redirect\" title=\"Marketing\" href=\"https:\/\/fr.wikipedia.org\/wiki\/Commercialisation\">marketing<\/a>\u00a0productos agroalimentarios como\u00a0<a title=\"Productos l\u00e1cteos\" href=\"https:\/\/fr.wikipedia.org\/wiki\/Produit_laitier\">productos l\u00e1cteos<\/a>\u00a0industriales.<\/p>\n<p style=\"text-align: justify;\">Culturas de<a title=\"Agroressource\" href=\"https:\/\/fr.wikipedia.org\/wiki\/Agroressource\">recursos agrarios<\/a>\u00a0para fines no alimentarios (productos farmac\u00e9uticos, qu\u00edmicos, textiles, energ\u00eda), aunque est\u00e9n vinculados a sectores como la industria alimentaria.\u00a0<a title=\"Agroindustria\" href=\"https:\/\/fr.wikipedia.org\/wiki\/Agro-industrie\">agroindustrial<\/a>\u00a0siguen formando parte de esta l\u00ednea general de negocio.<\/p>\n<p style=\"text-align: justify;\">O f\u00e1bricas que transforman productos agr\u00edcolas en alimentos listos para el consumo.<\/p>\n<p><strong>GRANJA FUTUKA<\/strong><\/p>\n<p><iframe title=\"MOISE KATUMBI RECIBE A DIPLOM\u00c1TICOS SUECOS Y CANADIENSES EN SU GRANJA DE FUTUKA\" width=\"800\" height=\"450\" src=\"https:\/\/www.youtube.com\/embed\/9Ed3r0Vct7Q?feature=oembed\" frameborder=\"0\" allow=\"accelerometer; autoplay; clipboard-write; encrypted-media; gyroscope; picture-in-picture\" allowfullscreen><\/iframe><\/p>\n<h1>La granja FUTUKA<\/h1>\n<p style=\"text-align: justify;\"><a href=\"http:\/\/www.katanga-tourisme.org\/files\/2013\/03\/030052012170121000000JA2681p071_01.jpg\"><img decoding=\"async\" class=\"size-medium wp-image-1371 alignleft\" src=\"https:\/\/csnd-rdc.net\/wp-content\/uploads\/2021\/11\/030052012170121000000ja2681p071_01-300x171.jpg\" sizes=\"(max-width: 257px) 100vw, 257px\" srcset=\"https:\/\/www.katanga-tourisme.org\/files\/2013\/03\/030052012170121000000JA2681p071_01-300x171.jpg 300w, https:\/\/www.katanga-tourisme.org\/files\/2013\/03\/030052012170121000000JA2681p071_01.jpg 350w\" alt=\"030052012170121000000JA2681p071_01\" width=\"257\" height=\"146\" \/><\/a><span class=\"dropcap2 black\">L<\/span>a granja Futuka est\u00e1 situada a 70 km de\u00a0<a href=\"http:\/\/www.katanga-tourisme.org\/index.php\/lubumbashi\/\" target=\"_blank\" rel=\"noopener\">Lubumbashi\u00a0<\/a>en el camino hacia\u00a0<strong>Kasenga.<\/strong>\u00a0Esto es competencia del gobernador provincial,\u00a0<a href=\"http:\/\/fr.wikipedia.org\/wiki\/Mo%C3%AFse_Katumbi_Chapwe\" target=\"_blank\" rel=\"noopener\">Mo\u00efse Katumbi<\/a>. El Grupo pretende dar ejemplo invirtiendo en\u00a0<strong>infraestructuras<\/strong>\u00a0<strong>agr\u00edcola<\/strong>\u00a0para aumentar el rendimiento y la producci\u00f3n local a escala\u00a0<strong>provincia<\/strong>como parte del nuevo\u00a0<strong>obligaci\u00f3n agr\u00edcola<\/strong>.<\/p>\n<p style=\"text-align: justify;\">De este modo, el objetivo a largo plazo es reducir las importaciones al tiempo que se garantiza un nivel m\u00ednimo de seguridad.<strong>autosuficiencia<\/strong>\u00a0<strong>alimentos<\/strong>\u00a0en esta zona especialmente pr\u00f3spera del pa\u00eds.<\/p>\n<p style=\"text-align: justify;\"><span class=\"dropcap2 black\">C<\/span>su dominio es una especie de\u00a0<strong>proyecto piloto<\/strong>\u00a0a nivel de\u00a0<strong>ecoturismo<\/strong>\u00a0y\u00a0<strong>desarrollo sostenible<\/strong>\u00a0(microcentral el\u00e9ctrica que abastece el emplazamiento y pronto un<strong>\u00a0sanidad local<\/strong>\u00a0cerca; pozos de paneles solares...).<\/p>\n<p style=\"text-align: justify;\">El lugar est\u00e1 situado junto al r\u00edo Kashobwe y est\u00e1 abierto a los visitantes. Se puede pescar, acampar e incluso ir de pesca.\u00a0<strong>paintball<\/strong>. Tambi\u00e9n se pueden ver animales (ant\u00edlopes, etc.).<\/p>","protected":false},"excerpt":{"rendered":"<p>Le\u00a0secteur agroalimentaire\u00a0ou\u00a0secteur agro-alimentaire1\u00a0ou encore\u00a0complexe agro-industriel\u00a0est un secteur d&rsquo;activit\u00e9 correspondant \u00e0 l&rsquo;ensemble des entreprises des secteurs primaire (les\u00a0exploitations agricoles) qui produisent des\u00a0aliments\u00a0et secondaire (l&rsquo;industrie agroalimentaire) qui transforment ceux-ci en\u00a0aliments industriels. Il regroupe deux ensembles (n&rsquo;est pas comptabilis\u00e9 la part de secteur agricole compos\u00e9 des producteurs fermiers et leurs innombrables productions et transformations fermi\u00e8res de faibles volumes [&hellip;]<\/p>","protected":false},"author":1,"featured_media":0,"parent":0,"menu_order":0,"comment_status":"closed","ping_status":"closed","template":"","meta":{"give_campaign_id":0,"inline_featured_image":false,"footnotes":""},"class_list":["post-7232","page","type-page","status-publish","hentry"],"yoast_head":"<!-- This site is optimized with the Yoast SEO plugin v26.1 - https:\/\/yoast.com\/wordpress\/plugins\/seo\/ -->\n<title>Agroalimentaire - Conseil Strat\u00e9gique National pour le D\u00e9veloppement<\/title>\n<meta name=\"description\" content=\"Le secteur agroalimentaire ou secteur agro-alimentaire ou encore complexe agro-industriel est un secteur d&#039;activit\u00e9 correspondant \u00e0 l&#039;ense...\" \/>\n<meta name=\"robots\" content=\"index, follow, max-snippet:-1, max-image-preview:large, max-video-preview:-1\" \/>\n<link rel=\"canonical\" href=\"https:\/\/csnd-rdc.net\/es\/agroalimentaire\/\" \/>\n<meta property=\"og:locale\" content=\"es_ES\" \/>\n<meta property=\"og:type\" content=\"article\" \/>\n<meta property=\"og:title\" content=\"Agroalimentaire - Conseil Strat\u00e9gique National pour le D\u00e9veloppement\" \/>\n<meta property=\"og:description\" content=\"Le secteur agroalimentaire ou secteur agro-alimentaire ou encore complexe agro-industriel est un secteur d&#039;activit\u00e9 correspondant \u00e0 l&#039;ense...\" \/>\n<meta property=\"og:url\" content=\"https:\/\/csnd-rdc.net\/es\/agroalimentaire\/\" \/>\n<meta property=\"og:site_name\" content=\"Conseil Strat\u00e9gique National pour le D\u00e9veloppement\" \/>\n<meta property=\"article:modified_time\" content=\"2021-11-21T21:01:03+00:00\" \/>\n<meta property=\"og:image\" content=\"https:\/\/csnd-rdc.net\/wp-content\/uploads\/2021\/10\/Ferme-de-FUTUKA-300x225.jpg\" \/>\n<meta name=\"twitter:card\" content=\"summary_large_image\" \/>\n<meta name=\"twitter:label1\" content=\"Tiempo de lectura\" \/>\n\t<meta name=\"twitter:data1\" content=\"2 minutos\" \/>\n<script type=\"application\/ld+json\" class=\"yoast-schema-graph\">{\"@context\":\"https:\/\/schema.org\",\"@graph\":[{\"@type\":\"WebPage\",\"@id\":\"https:\/\/csnd-rdc.net\/agroalimentaire\/\",\"url\":\"https:\/\/csnd-rdc.net\/agroalimentaire\/\",\"name\":\"Agroalimentaire - Conseil Strat\u00e9gique National pour le D\u00e9veloppement\",\"isPartOf\":{\"@id\":\"https:\/\/csnd-rdc.net\/#website\"},\"primaryImageOfPage\":{\"@id\":\"https:\/\/csnd-rdc.net\/agroalimentaire\/#primaryimage\"},\"image\":{\"@id\":\"https:\/\/csnd-rdc.net\/agroalimentaire\/#primaryimage\"},\"thumbnailUrl\":\"https:\/\/csnd-rdc.net\/wp-content\/uploads\/2021\/10\/Ferme-de-FUTUKA-300x225.jpg\",\"datePublished\":\"2021-10-11T10:54:15+00:00\",\"dateModified\":\"2021-11-21T21:01:03+00:00\",\"description\":\"Le secteur agroalimentaire ou secteur agro-alimentaire ou encore complexe agro-industriel est un secteur d'activit\u00e9 correspondant \u00e0 l'ense...\",\"breadcrumb\":{\"@id\":\"https:\/\/csnd-rdc.net\/agroalimentaire\/#breadcrumb\"},\"inLanguage\":\"es\",\"potentialAction\":[{\"@type\":\"ReadAction\",\"target\":[\"https:\/\/csnd-rdc.net\/agroalimentaire\/\"]}]},{\"@type\":\"ImageObject\",\"inLanguage\":\"es\",\"@id\":\"https:\/\/csnd-rdc.net\/agroalimentaire\/#primaryimage\",\"url\":\"https:\/\/csnd-rdc.net\/wp-content\/uploads\/2021\/10\/Ferme-de-FUTUKA-300x225.jpg\",\"contentUrl\":\"https:\/\/csnd-rdc.net\/wp-content\/uploads\/2021\/10\/Ferme-de-FUTUKA-300x225.jpg\"},{\"@type\":\"BreadcrumbList\",\"@id\":\"https:\/\/csnd-rdc.net\/agroalimentaire\/#breadcrumb\",\"itemListElement\":[{\"@type\":\"ListItem\",\"position\":1,\"name\":\"Accueil\",\"item\":\"https:\/\/csnd-rdc.net\/\"},{\"@type\":\"ListItem\",\"position\":2,\"name\":\"Agroalimentaire\"}]},{\"@type\":\"WebSite\",\"@id\":\"https:\/\/csnd-rdc.net\/#website\",\"url\":\"https:\/\/csnd-rdc.net\/\",\"name\":\"Conseil Strat\u00e9gique National pour le D\u00e9veloppement\",\"description\":\"Site Web Officiel - D\u00e9velopp\u00e9 par E-Business Afrika Sarl\",\"potentialAction\":[{\"@type\":\"SearchAction\",\"target\":{\"@type\":\"EntryPoint\",\"urlTemplate\":\"https:\/\/csnd-rdc.net\/?s={search_term_string}\"},\"query-input\":{\"@type\":\"PropertyValueSpecification\",\"valueRequired\":true,\"valueName\":\"search_term_string\"}}],\"inLanguage\":\"es\"}]}<\/script>\n<!-- \/ Yoast SEO plugin. -->","yoast_head_json":{"title":"Agroalimentaci\u00f3n - Consejo Estrat\u00e9gico Nacional de Desarrollo","description":"El sector agroalimentario, sector agroalimentario o complejo agroindustrial es un sector de actividad correspondiente a la industria alimentaria.","robots":{"index":"index","follow":"follow","max-snippet":"max-snippet:-1","max-image-preview":"max-image-preview:large","max-video-preview":"max-video-preview:-1"},"canonical":"https:\/\/csnd-rdc.net\/es\/agroalimentaire\/","og_locale":"es_ES","og_type":"article","og_title":"Agroalimentaire - Conseil Strat\u00e9gique National pour le D\u00e9veloppement","og_description":"Le secteur agroalimentaire ou secteur agro-alimentaire ou encore complexe agro-industriel est un secteur d'activit\u00e9 correspondant \u00e0 l'ense...","og_url":"https:\/\/csnd-rdc.net\/es\/agroalimentaire\/","og_site_name":"Conseil Strat\u00e9gique National pour le D\u00e9veloppement","article_modified_time":"2021-11-21T21:01:03+00:00","og_image":[{"url":"https:\/\/csnd-rdc.net\/wp-content\/uploads\/2021\/10\/Ferme-de-FUTUKA-300x225.jpg","type":"","width":"","height":""}],"twitter_card":"summary_large_image","twitter_misc":{"Tiempo de lectura":"2 minutos"},"schema":{"@context":"https:\/\/schema.org","@graph":[{"@type":"WebPage","@id":"https:\/\/csnd-rdc.net\/agroalimentaire\/","url":"https:\/\/csnd-rdc.net\/agroalimentaire\/","name":"Agroalimentaci\u00f3n - Consejo Estrat\u00e9gico Nacional de Desarrollo","isPartOf":{"@id":"https:\/\/csnd-rdc.net\/#website"},"primaryImageOfPage":{"@id":"https:\/\/csnd-rdc.net\/agroalimentaire\/#primaryimage"},"image":{"@id":"https:\/\/csnd-rdc.net\/agroalimentaire\/#primaryimage"},"thumbnailUrl":"https:\/\/csnd-rdc.net\/wp-content\/uploads\/2021\/10\/Ferme-de-FUTUKA-300x225.jpg","datePublished":"2021-10-11T10:54:15+00:00","dateModified":"2021-11-21T21:01:03+00:00","description":"El sector agroalimentario, sector agroalimentario o complejo agroindustrial es un sector de actividad correspondiente a la industria alimentaria.","breadcrumb":{"@id":"https:\/\/csnd-rdc.net\/agroalimentaire\/#breadcrumb"},"inLanguage":"es","potentialAction":[{"@type":"ReadAction","target":["https:\/\/csnd-rdc.net\/agroalimentaire\/"]}]},{"@type":"ImageObject","inLanguage":"es","@id":"https:\/\/csnd-rdc.net\/agroalimentaire\/#primaryimage","url":"https:\/\/csnd-rdc.net\/wp-content\/uploads\/2021\/10\/Ferme-de-FUTUKA-300x225.jpg","contentUrl":"https:\/\/csnd-rdc.net\/wp-content\/uploads\/2021\/10\/Ferme-de-FUTUKA-300x225.jpg"},{"@type":"BreadcrumbList","@id":"https:\/\/csnd-rdc.net\/agroalimentaire\/#breadcrumb","itemListElement":[{"@type":"ListItem","position":1,"name":"Accueil","item":"https:\/\/csnd-rdc.net\/"},{"@type":"ListItem","position":2,"name":"Agroalimentaire"}]},{"@type":"WebSite","@id":"https:\/\/csnd-rdc.net\/#website","url":"https:\/\/csnd-rdc.net\/","name":"Consejo Estrat\u00e9gico Nacional para el Desarrollo","description":"Sitio web oficial - Desarrollado por E-Business Afrika Sarl","potentialAction":[{"@type":"SearchAction","target":{"@type":"EntryPoint","urlTemplate":"https:\/\/csnd-rdc.net\/?s={search_term_string}"},"query-input":{"@type":"PropertyValueSpecification","valueRequired":true,"valueName":"search_term_string"}}],"inLanguage":"es"}]}},"campaignId":"","_links":{"self":[{"href":"https:\/\/csnd-rdc.net\/es\/wp-json\/wp\/v2\/pages\/7232","targetHints":{"allow":["GET"]}}],"collection":[{"href":"https:\/\/csnd-rdc.net\/es\/wp-json\/wp\/v2\/pages"}],"about":[{"href":"https:\/\/csnd-rdc.net\/es\/wp-json\/wp\/v2\/types\/page"}],"author":[{"embeddable":true,"href":"https:\/\/csnd-rdc.net\/es\/wp-json\/wp\/v2\/users\/1"}],"replies":[{"embeddable":true,"href":"https:\/\/csnd-rdc.net\/es\/wp-json\/wp\/v2\/comments?post=7232"}],"version-history":[{"count":0,"href":"https:\/\/csnd-rdc.net\/es\/wp-json\/wp\/v2\/pages\/7232\/revisions"}],"wp:attachment":[{"href":"https:\/\/csnd-rdc.net\/es\/wp-json\/wp\/v2\/media?parent=7232"}],"curies":[{"name":"wp","href":"https:\/\/api.w.org\/{rel}","templated":true}]}}