{"id":6467,"date":"2021-09-06T12:11:56","date_gmt":"2021-09-06T11:11:56","guid":{"rendered":"https:\/\/www.csnd-rdc.net\/?page_id=6467"},"modified":"2021-09-06T12:11:56","modified_gmt":"2021-09-06T11:11:56","slug":"le-secteur-minier-en-rdc-congo","status":"publish","type":"page","link":"https:\/\/csnd-rdc.net\/es\/le-secteur-minier-en-rdc-congo\/","title":{"rendered":"El sector minero en la RDC Congo"},"content":{"rendered":"<table border=\"3\">\n<tbody>\n<tr>\n<td><em>La RDC es un \"esc\u00e1ndalo geol\u00f3gico\" por sus vastos y diversos recursos minerales (cobre, cobalto, colt\u00e1n, oro y diamantes). Primer productor mundial de cobalto, materia prima estrat\u00e9gica para la industria automovil\u00edstica, la RDC es tambi\u00e9n un actor importante en cobre (primer productor africano) y oro.<\/em><\/td>\n<\/tr>\n<\/tbody>\n<\/table>\n<p style=\"text-align: justify;\"><strong>El sector minero sigue siendo el coraz\u00f3n de la econom\u00eda congole\u00f1a<\/strong><\/p>\n<div>\n<p style=\"text-align: justify;\">El c\u00f3digo minero de 2002, inspirado por el Banco Mundial y concebido para atraer la inversi\u00f3n extranjera, ha favorecido el auge del sector minero. En los \u00faltimos 10 a\u00f1os, la industria minera de la RD del Congo ha sido una de las m\u00e1s din\u00e1micas del \u00c1frica subsahariana. A pesar de un entorno operativo dif\u00edcil (dificultades de abastecimiento de agua y electricidad e infraestructuras de evacuaci\u00f3n de mineral poco eficaces), la abundancia de recursos minerales ha explicado en gran medida los buenos resultados de la industria.<a title=\"\" href=\"https:\/\/espace.dgtresor.gouv.fr\/service\/fih\/commun\/commun\/INTERNET%20DG%20TRESOR\/Articles\/2020\/Le%20secteur%20minier%20en%20RD%20Congo%20rev%202.docx#_ftn1\"><sup>[1]<\/sup><\/a>\u00a0un sector que aporta m\u00e1s de 80% de los ingresos de exportaci\u00f3n del pa\u00eds.<\/p>\n<p style=\"text-align: justify;\">La inversi\u00f3n del ciclo de las materias primas y el consiguiente repunte de los precios mundiales en 2017 (cobre: +60% hasta 7100 $\/t, cobalto : +125,98 % 71000 $\/t y oro +20% a 1300 $ por onza) ha fomentado el crecimiento de los vol\u00famenes de producci\u00f3n (+9,3 % para el cobre, +18% para el cobalto, +13,3 % para los diamantes y +5,7 % para el oro). Solo la producci\u00f3n de petr\u00f3leo mantiene una tendencia a la baja (-4,8 %). Durante el primer trimestre de 2018, los precios del cobre, que siguen siendo altos, cayeron ligeramente (-3% o 6990 $\/T). Durante el mismo periodo, los precios del cobalto, una materia prima estrat\u00e9gica para la industria de las bater\u00edas de coches el\u00e9ctricos, siguieron subiendo con fuerza (+39%, de 71000 $\/T a 97000 $\/T). La demanda mundial de este mineral, del que la RDC es el primer productor mundial (60% de la oferta mundial), es muy fuerte y va a aumentar a largo plazo, dadas las necesidades de la industria automovil\u00edstica, cuya demanda podr\u00eda pasar de 90.000T\/a\u00f1o a 122.000T\/a\u00f1o de aqu\u00ed a 2025.<\/p>\n<p style=\"text-align: justify;\"><strong>La recesi\u00f3n econ\u00f3mica en 2019<\/strong><\/p>\n<p style=\"text-align: justify;\"><strong>2019 estuvo marcado por la ca\u00edda de los precios del cobre y el cobalto<a title=\"\" href=\"https:\/\/espace.dgtresor.gouv.fr\/service\/fih\/commun\/commun\/INTERNET%20DG%20TRESOR\/Articles\/2020\/Le%20secteur%20minier%20en%20RD%20Congo%20rev%202.docx#_ftn2\">[2]<\/a>.\u00a0<\/strong>Los precios del cobalto han seguido cayendo de forma constante a lo largo de 2019, multiplic\u00e1ndose por 3 entre el m\u00e1ximo alcanzado en marzo de 2018 (95.000 $\/t) y los precios actuales (32.000 $\/t). Los precios del cobre tambi\u00e9n han ca\u00eddo de forma escalonada, desde 6.500 $\/t en febrero hasta la simb\u00f3lica marca de 6.000 $\/t a principios de verano. A finales de diciembre, los precios mundiales del cobre se situaban en 62.001 $\/t.<\/p>\n<p style=\"text-align: justify;\"><strong>En t\u00e9rminos de vol\u00famenes de producci\u00f3n, la producci\u00f3n sigui\u00f3 aumentando durante los 6 primeros meses del a\u00f1o (+3% para el cobalto y +11% para el cobre).<\/strong> Las perspectivas de producci\u00f3n son m\u00e1s variadas. Varios grandes proyectos mineros est\u00e1n en fase de desarrollo (proyecto Kamoa-Kakula de Ivanhoe), al igual que el proyecto de mina de esta\u00f1o de Alphamin. Por el contrario, varias minas importantes han indicado que est\u00e1n considerando reducir sus operaciones o se encuentran en n\u00fameros rojos (mina Tenke Fungurum\u00e9). Glencore anunci\u00f3 la suspensi\u00f3n de la producci\u00f3n en su mina de\u00a0<strong>Mina Mutanda<\/strong>. Esta parada temporal se debe al agotamiento de los minerales de \u00f3xido y al paso a la extracci\u00f3n de minerales de sulfuro, que requiere una tecnolog\u00eda de tratamiento diferente y una inversi\u00f3n de unos 500 millones de euros$. Esta suspensi\u00f3n de la producci\u00f3n en la mayor mina de cobalto del mundo (Mutanda) se produce en un momento de tensi\u00f3n entre los principales operadores mineros y el Gobierno. Se espera que tenga un impacto directo en los ingresos p\u00fablicos en los pr\u00f3ximos meses. El Banco Mundial estima que el cierre de esta mina empeorar\u00e1 autom\u00e1ticamente la balanza de pagos en 2 puntos del PIB. El Grupo BANRO, una de las principales minas de oro, ha decidido suspender la producci\u00f3n en Kivu del Sur y Maniema debido a la situaci\u00f3n de seguridad tras los ataques rebeldes a varias de sus explotaciones.<\/p>\n<p style=\"text-align: justify;\"><strong>Los ingresos de la miner\u00eda se han visto afectados por esta ralentizaci\u00f3n.\u00a0<\/strong>El r\u00e9gimen fiscal aplicable a la industria minera prev\u00e9 el pago a plazos de los impuestos adeudados en 2019, sobre la base de los ingresos de 2018. Al precio actual del cobalto, los pagos efectuados por los mineros en forma de anticipos deber\u00edan ser, por tanto, mucho m\u00e1s bajos y, por consiguiente, dar lugar a cr\u00e9ditos fiscales, es decir, a ingresos fiscales mucho menores para el Estado en 2020. Los ingresos fiscales de la miner\u00eda representaron 37% de los ingresos del Estado, es decir, 1,6 Mds$ en 2018. Estos ingresos, muy dependientes de los resultados del sector minero, van a disminuir mec\u00e1nicamente, a pesar de que los anticipos sobre los ingresos fiscales concedidos por las grandes empresas mineras ya han agotado una gran parte del margen de maniobra del Estado, y las reservas de divisas siguen siendo bajas (1 semana de importaciones). Con la ca\u00edda de los precios, la producci\u00f3n minera gener\u00f3 un crecimiento de 4,5%, inferior al de 2018 (+ 5,8%).<\/p>\n<p style=\"text-align: justify;\"><strong>\u00a0<\/strong><\/p>\n<p style=\"text-align: justify;\"><strong>El C\u00f3digo Minero de 2018<\/strong><\/p>\n<p style=\"text-align: justify;\"><strong>El c\u00f3digo minero de 2002 se consider\u00f3 muy favorable a la industria minera.<\/strong>\u00a0El nuevo c\u00f3digo minero, promulgado en marzo de 2018, no lo es tanto. Principales empresas extranjeras establecidas en la RD del Congo<a title=\"\" href=\"https:\/\/espace.dgtresor.gouv.fr\/service\/fih\/commun\/commun\/INTERNET%20DG%20TRESOR\/Articles\/2020\/Le%20secteur%20minier%20en%20RD%20Congo%20rev%202.docx#_ftn3\"><sup>[3]<\/sup><\/a>\u00a0intent\u00f3 oponerse a algunas de las medidas adoptadas, en particular la supresi\u00f3n de la \"cl\u00e1usula de estabilidad\". Esta cl\u00e1usula preve\u00eda el mantenimiento de los impuestos en su nivel inicial durante un periodo de 10 a\u00f1os. Para la industria, esta cl\u00e1usula se justificaba por la amortizaci\u00f3n de las fort\u00edsimas inversiones realizadas en el sector (10.000 millones$ seg\u00fan la industria). La supresi\u00f3n de esta cl\u00e1usula crear\u00eda una inestabilidad fiscal perjudicial para el clima de futuras inversiones en el sector.<\/p>\n<p style=\"text-align: justify;\">\n<p style=\"text-align: justify;\"><strong>El nuevo c\u00f3digo, completado por reglamentos de aplicaci\u00f3n, prev\u00e9 en particular :<\/strong><\/p>\n<p style=\"text-align: justify;\">\n<ul style=\"text-align: justify;\">\n<li>la supresi\u00f3n de la cl\u00e1usula de estabilidad de 10 a\u00f1os, ahora limitada a 5 a\u00f1os;<\/li>\n<li>un aumento de la participaci\u00f3n del Estado congole\u00f1o en las sociedades de explotaci\u00f3n, de 5 a 10% ;<\/li>\n<li>Rec\u00e1lculo de los c\u00e1nones aumentando los tipos de los minerales de 2,5 a 3,5%, y hasta 10% para los minerales estrat\u00e9gicos como el cobalto;<\/li>\n<li>la introducci\u00f3n de un impuesto de 50% sobre los superbeneficios cuando los precios de las materias primas suban m\u00e1s de 25% con respecto a las previsiones del estudio de viabilidad;<\/li>\n<li>un tratamiento fiscal menos ventajoso, mayores obligaciones de repatriaci\u00f3n de divisas,<\/li>\n<li>oportunidades de subcontrataci\u00f3n limitadas a entidades jur\u00eddicas regidas por la legislaci\u00f3n congole\u00f1a y con capital congole\u00f1o.<\/li>\n<\/ul>\n<p style=\"text-align: justify;\"><strong>\u00a0<\/strong><\/p>\n<p style=\"text-align: justify;\"><strong>Contenido local y ley de subcontrataci\u00f3n<\/strong><\/p>\n<p style=\"text-align: justify;\">Las autoridades quieren fomentar la recuperaci\u00f3n local de minerales mediante el procesamiento local. De momento, el nuevo c\u00f3digo minero ha tenido como principal efecto cristalizar el descontento de los grandes operadores. En el futuro, tendr\u00e1n que atenerse a las nuevas reglas del juego, como un <strong>reparto de la producci\u00f3n<\/strong>\u00a0como ocurre en la industria petrolera.<\/p>\n<p style=\"text-align: justify;\">Para impulsar el procesamiento local de minerales, en 2017 las autoridades aprobaron una nueva ley sobre el procesamiento de minerales. <strong>ley de subcontrataci\u00f3n<\/strong>La Autoridad Reguladora se puso en marcha oficialmente en octubre de 2019. El art\u00edculo 6 de esta ley establece que\u00a0<em>\"La subcontrataci\u00f3n est\u00e1 reservada a las empresas congole\u00f1as promovidas por congole\u00f1os\". <\/em>pretende dar m\u00e1s espacio a las empresas congole\u00f1as en un sector todav\u00eda poco inclusivo.<\/p>\n<p style=\"text-align: justify;\"><strong>\u00a0\u00a0\u00a0\u00a0\u00a0\u00a0\u00a0\u00a0\u00a0\u00a0\u00a0\u00a0\u00a0\u00a0\u00a0\u00a0\u00a0\u00a0\u00a0\u00a0\u00a0\u00a0\u00a0\u00a0\u00a0\u00a0\u00a0\u00a0<\/strong><\/p>\n<p style=\"text-align: justify;\"><strong>ANEXOS<\/strong><\/p>\n<p style=\"text-align: justify;\"><strong>\u00a0<\/strong><img decoding=\"async\" src=\"https:\/\/www.tresor.economie.gouv.fr\/Pays\/Pages\/c4657524-6a6d-4cf3-8391-9d70556e302b\/images\/b2e0167a-5c13-4013-9c2f-a7ab347a3e61\" alt=\"Precio del cobalto\" \/><\/p>\n<p style=\"text-align: justify;\"><strong>Precio del cobalto, marzo de 2018 - a\u00f1o natural 2019<\/strong><\/p>\n<p style=\"text-align: justify;\"><em>Fuente: Bolsa de Metales de Londres (LME)<\/em><\/p>\n<p style=\"text-align: justify;\"><img decoding=\"async\" src=\"https:\/\/www.tresor.economie.gouv.fr\/Pays\/Pages\/c4657524-6a6d-4cf3-8391-9d70556e302b\/images\/d3b94cb3-388c-4701-aaa8-b6059bdede83\" alt=\"Precio del cobre\" \/><\/p>\n<div style=\"text-align: justify;\">\n<p><strong>Precios del cobre, a\u00f1o natural 2019<\/strong><\/p>\n<p><em>Fuente: Bolsa de Metales de Londres (LME)<\/em><\/p>\n<\/div>\n<div style=\"text-align: justify;\"><\/div>\n<div style=\"text-align: justify;\"><img fetchpriority=\"high\" decoding=\"async\" src=\"https:\/\/www.tresor.economie.gouv.fr\/Pays\/Pages\/c4657524-6a6d-4cf3-8391-9d70556e302b\/images\/0628457e-b807-48b9-8648-a4b55c922b42\" alt=\"Las mayores minas de cobre\" width=\"509\" height=\"381\" \/><\/div>\n<div style=\"text-align: justify;\">\n<p><em>Fuente: International Copper Study Group; Wood Mackenzie<\/em><\/p>\n<\/div>\n<div style=\"text-align: justify;\"><\/div>\n<div style=\"text-align: justify;\"><img decoding=\"async\" src=\"https:\/\/www.tresor.economie.gouv.fr\/Pays\/Pages\/c4657524-6a6d-4cf3-8391-9d70556e302b\/images\/e5da0e12-15c8-4756-9da2-8557444b0ead\" alt=\"Mapas de las minas\" \/><\/div>\n<div style=\"text-align: justify;\"><em>Fuente: Diario digital CongoVox<\/em><br clear=\"all\" \/><\/p>\n<hr align=\"left\" size=\"1\" width=\"33%\" \/>\n<\/div>\n<div>\n<div style=\"text-align: justify;\">\n<p><span style=\"font-size: 8pt;\"><a title=\"\" href=\"https:\/\/espace.dgtresor.gouv.fr\/service\/fih\/commun\/commun\/INTERNET%20DG%20TRESOR\/Articles\/2020\/Le%20secteur%20minier%20en%20RD%20Congo%20rev%202.docx#_ftnref1\">[1]<\/a>\u00a0El potencial de recursos naturales de la RDC se estima en 24.000 millones$ de minerales sin explotar.<\/span><\/p>\n<\/div>\n<div style=\"text-align: justify;\">\n<p><span style=\"font-size: 8pt;\"><a title=\"\" href=\"https:\/\/espace.dgtresor.gouv.fr\/service\/fih\/commun\/commun\/INTERNET%20DG%20TRESOR\/Articles\/2020\/Le%20secteur%20minier%20en%20RD%20Congo%20rev%202.docx#_ftnref2\">[2]<\/a>\u00a0V\u00e9anse los anexos 1 y 2<\/span><\/p>\n<\/div>\n<div>\n<p style=\"text-align: justify;\"><span style=\"font-size: 8pt;\"><a title=\"\" href=\"https:\/\/espace.dgtresor.gouv.fr\/service\/fih\/commun\/commun\/INTERNET%20DG%20TRESOR\/Articles\/2020\/Le%20secteur%20minier%20en%20RD%20Congo%20rev%202.docx#_ftnref3\">[3]<\/a>\u00a0Entre ellas figuran China Molybdenum, Glencore (Suiza), AngloGold Ashanti (Sud\u00e1frica), Randgold (Sud\u00e1frica\/Gran Breta\u00f1a) y MMG (Australia\/China).<\/span><\/p>\n<\/div>\n<\/div>\n<\/div>","protected":false},"excerpt":{"rendered":"<p>La RDC est \u00ab un scandale g\u00e9ologique \u00bb tant ses ressources mini\u00e8res sont importantes et diverses (Cuivre, cobalt, coltan, or, diamants). Premier producteur mondial de cobalt, une mati\u00e8re premi\u00e8re strat\u00e9gique pour l\u2019industrie automobile, la RDC est \u00e9galement un important acteur pour le cuivre (1\u00b0 producteur africain) et l\u2019or. Le secteur minier reste le c\u0153ur de [&hellip;]<\/p>","protected":false},"author":1,"featured_media":0,"parent":0,"menu_order":0,"comment_status":"closed","ping_status":"closed","template":"","meta":{"give_campaign_id":0,"inline_featured_image":false,"footnotes":""},"class_list":["post-6467","page","type-page","status-publish","hentry"],"yoast_head":"<!-- This site is optimized with the Yoast SEO plugin v26.1 - https:\/\/yoast.com\/wordpress\/plugins\/seo\/ -->\n<title>Le secteur minier en RDC Congo - Conseil Strat\u00e9gique National pour le D\u00e9veloppement<\/title>\n<meta name=\"description\" content=\"La RDC est \u00ab un scandale g\u00e9ologique \u00bb tant ses ressources mini\u00e8res sont importantes et diverses (Cuivre, cobalt, coltan, or, diamants).\" \/>\n<meta name=\"robots\" content=\"index, follow, max-snippet:-1, max-image-preview:large, max-video-preview:-1\" \/>\n<link rel=\"canonical\" href=\"https:\/\/csnd-rdc.net\/es\/le-secteur-minier-en-rdc-congo\/\" \/>\n<meta property=\"og:locale\" content=\"es_ES\" \/>\n<meta property=\"og:type\" content=\"article\" \/>\n<meta property=\"og:title\" content=\"Le secteur minier en RDC Congo - Conseil Strat\u00e9gique National pour le D\u00e9veloppement\" \/>\n<meta property=\"og:description\" content=\"La RDC est \u00ab un scandale g\u00e9ologique \u00bb tant ses ressources mini\u00e8res sont importantes et diverses (Cuivre, cobalt, coltan, or, diamants).\" \/>\n<meta property=\"og:url\" content=\"https:\/\/csnd-rdc.net\/es\/le-secteur-minier-en-rdc-congo\/\" \/>\n<meta property=\"og:site_name\" content=\"Conseil Strat\u00e9gique National pour le D\u00e9veloppement\" \/>\n<meta property=\"og:image\" content=\"https:\/\/www.tresor.economie.gouv.fr\/Pays\/Pages\/c4657524-6a6d-4cf3-8391-9d70556e302b\/images\/b2e0167a-5c13-4013-9c2f-a7ab347a3e61\" \/>\n<meta name=\"twitter:card\" content=\"summary_large_image\" \/>\n<meta name=\"twitter:label1\" content=\"Tiempo de lectura\" \/>\n\t<meta name=\"twitter:data1\" content=\"7 minutos\" \/>\n<script type=\"application\/ld+json\" class=\"yoast-schema-graph\">{\"@context\":\"https:\/\/schema.org\",\"@graph\":[{\"@type\":\"WebPage\",\"@id\":\"https:\/\/csnd-rdc.net\/le-secteur-minier-en-rdc-congo\/\",\"url\":\"https:\/\/csnd-rdc.net\/le-secteur-minier-en-rdc-congo\/\",\"name\":\"Le secteur minier en RDC Congo - Conseil Strat\u00e9gique National pour le D\u00e9veloppement\",\"isPartOf\":{\"@id\":\"https:\/\/csnd-rdc.net\/#website\"},\"primaryImageOfPage\":{\"@id\":\"https:\/\/csnd-rdc.net\/le-secteur-minier-en-rdc-congo\/#primaryimage\"},\"image\":{\"@id\":\"https:\/\/csnd-rdc.net\/le-secteur-minier-en-rdc-congo\/#primaryimage\"},\"thumbnailUrl\":\"https:\/\/www.tresor.economie.gouv.fr\/Pays\/Pages\/c4657524-6a6d-4cf3-8391-9d70556e302b\/images\/b2e0167a-5c13-4013-9c2f-a7ab347a3e61\",\"datePublished\":\"2021-09-06T11:11:56+00:00\",\"description\":\"La RDC est \u00ab un scandale g\u00e9ologique \u00bb tant ses ressources mini\u00e8res sont importantes et diverses (Cuivre, cobalt, coltan, or, diamants).\",\"breadcrumb\":{\"@id\":\"https:\/\/csnd-rdc.net\/le-secteur-minier-en-rdc-congo\/#breadcrumb\"},\"inLanguage\":\"es\",\"potentialAction\":[{\"@type\":\"ReadAction\",\"target\":[\"https:\/\/csnd-rdc.net\/le-secteur-minier-en-rdc-congo\/\"]}]},{\"@type\":\"ImageObject\",\"inLanguage\":\"es\",\"@id\":\"https:\/\/csnd-rdc.net\/le-secteur-minier-en-rdc-congo\/#primaryimage\",\"url\":\"https:\/\/www.tresor.economie.gouv.fr\/Pays\/Pages\/c4657524-6a6d-4cf3-8391-9d70556e302b\/images\/b2e0167a-5c13-4013-9c2f-a7ab347a3e61\",\"contentUrl\":\"https:\/\/www.tresor.economie.gouv.fr\/Pays\/Pages\/c4657524-6a6d-4cf3-8391-9d70556e302b\/images\/b2e0167a-5c13-4013-9c2f-a7ab347a3e61\"},{\"@type\":\"BreadcrumbList\",\"@id\":\"https:\/\/csnd-rdc.net\/le-secteur-minier-en-rdc-congo\/#breadcrumb\",\"itemListElement\":[{\"@type\":\"ListItem\",\"position\":1,\"name\":\"Accueil\",\"item\":\"https:\/\/csnd-rdc.net\/\"},{\"@type\":\"ListItem\",\"position\":2,\"name\":\"Le secteur minier en RDC Congo\"}]},{\"@type\":\"WebSite\",\"@id\":\"https:\/\/csnd-rdc.net\/#website\",\"url\":\"https:\/\/csnd-rdc.net\/\",\"name\":\"Conseil Strat\u00e9gique National pour le D\u00e9veloppement\",\"description\":\"Site Web Officiel - D\u00e9velopp\u00e9 par E-Business Afrika Sarl\",\"potentialAction\":[{\"@type\":\"SearchAction\",\"target\":{\"@type\":\"EntryPoint\",\"urlTemplate\":\"https:\/\/csnd-rdc.net\/?s={search_term_string}\"},\"query-input\":{\"@type\":\"PropertyValueSpecification\",\"valueRequired\":true,\"valueName\":\"search_term_string\"}}],\"inLanguage\":\"es\"}]}<\/script>\n<!-- \/ Yoast SEO plugin. -->","yoast_head_json":{"title":"El sector minero en la RDC Congo - Conseil Strat\u00e9gique National pour le D\u00e9veloppement","description":"La RDC es un \"esc\u00e1ndalo geol\u00f3gico\" por sus vastos y diversos recursos minerales (cobre, cobalto, colt\u00e1n, oro y diamantes).","robots":{"index":"index","follow":"follow","max-snippet":"max-snippet:-1","max-image-preview":"max-image-preview:large","max-video-preview":"max-video-preview:-1"},"canonical":"https:\/\/csnd-rdc.net\/es\/le-secteur-minier-en-rdc-congo\/","og_locale":"es_ES","og_type":"article","og_title":"Le secteur minier en RDC Congo - Conseil Strat\u00e9gique National pour le D\u00e9veloppement","og_description":"La RDC est \u00ab un scandale g\u00e9ologique \u00bb tant ses ressources mini\u00e8res sont importantes et diverses (Cuivre, cobalt, coltan, or, diamants).","og_url":"https:\/\/csnd-rdc.net\/es\/le-secteur-minier-en-rdc-congo\/","og_site_name":"Conseil Strat\u00e9gique National pour le D\u00e9veloppement","og_image":[{"url":"https:\/\/www.tresor.economie.gouv.fr\/Pays\/Pages\/c4657524-6a6d-4cf3-8391-9d70556e302b\/images\/b2e0167a-5c13-4013-9c2f-a7ab347a3e61","type":"","width":"","height":""}],"twitter_card":"summary_large_image","twitter_misc":{"Tiempo de lectura":"7 minutos"},"schema":{"@context":"https:\/\/schema.org","@graph":[{"@type":"WebPage","@id":"https:\/\/csnd-rdc.net\/le-secteur-minier-en-rdc-congo\/","url":"https:\/\/csnd-rdc.net\/le-secteur-minier-en-rdc-congo\/","name":"El sector minero en la RDC Congo - Conseil Strat\u00e9gique National pour le D\u00e9veloppement","isPartOf":{"@id":"https:\/\/csnd-rdc.net\/#website"},"primaryImageOfPage":{"@id":"https:\/\/csnd-rdc.net\/le-secteur-minier-en-rdc-congo\/#primaryimage"},"image":{"@id":"https:\/\/csnd-rdc.net\/le-secteur-minier-en-rdc-congo\/#primaryimage"},"thumbnailUrl":"https:\/\/www.tresor.economie.gouv.fr\/Pays\/Pages\/c4657524-6a6d-4cf3-8391-9d70556e302b\/images\/b2e0167a-5c13-4013-9c2f-a7ab347a3e61","datePublished":"2021-09-06T11:11:56+00:00","description":"La RDC es un \"esc\u00e1ndalo geol\u00f3gico\" por sus vastos y diversos recursos minerales (cobre, cobalto, colt\u00e1n, oro y diamantes).","breadcrumb":{"@id":"https:\/\/csnd-rdc.net\/le-secteur-minier-en-rdc-congo\/#breadcrumb"},"inLanguage":"es","potentialAction":[{"@type":"ReadAction","target":["https:\/\/csnd-rdc.net\/le-secteur-minier-en-rdc-congo\/"]}]},{"@type":"ImageObject","inLanguage":"es","@id":"https:\/\/csnd-rdc.net\/le-secteur-minier-en-rdc-congo\/#primaryimage","url":"https:\/\/www.tresor.economie.gouv.fr\/Pays\/Pages\/c4657524-6a6d-4cf3-8391-9d70556e302b\/images\/b2e0167a-5c13-4013-9c2f-a7ab347a3e61","contentUrl":"https:\/\/www.tresor.economie.gouv.fr\/Pays\/Pages\/c4657524-6a6d-4cf3-8391-9d70556e302b\/images\/b2e0167a-5c13-4013-9c2f-a7ab347a3e61"},{"@type":"BreadcrumbList","@id":"https:\/\/csnd-rdc.net\/le-secteur-minier-en-rdc-congo\/#breadcrumb","itemListElement":[{"@type":"ListItem","position":1,"name":"Accueil","item":"https:\/\/csnd-rdc.net\/"},{"@type":"ListItem","position":2,"name":"Le secteur minier en RDC Congo"}]},{"@type":"WebSite","@id":"https:\/\/csnd-rdc.net\/#website","url":"https:\/\/csnd-rdc.net\/","name":"Consejo Estrat\u00e9gico Nacional para el Desarrollo","description":"Sitio web oficial - Desarrollado por E-Business Afrika Sarl","potentialAction":[{"@type":"SearchAction","target":{"@type":"EntryPoint","urlTemplate":"https:\/\/csnd-rdc.net\/?s={search_term_string}"},"query-input":{"@type":"PropertyValueSpecification","valueRequired":true,"valueName":"search_term_string"}}],"inLanguage":"es"}]}},"campaignId":"","_links":{"self":[{"href":"https:\/\/csnd-rdc.net\/es\/wp-json\/wp\/v2\/pages\/6467","targetHints":{"allow":["GET"]}}],"collection":[{"href":"https:\/\/csnd-rdc.net\/es\/wp-json\/wp\/v2\/pages"}],"about":[{"href":"https:\/\/csnd-rdc.net\/es\/wp-json\/wp\/v2\/types\/page"}],"author":[{"embeddable":true,"href":"https:\/\/csnd-rdc.net\/es\/wp-json\/wp\/v2\/users\/1"}],"replies":[{"embeddable":true,"href":"https:\/\/csnd-rdc.net\/es\/wp-json\/wp\/v2\/comments?post=6467"}],"version-history":[{"count":0,"href":"https:\/\/csnd-rdc.net\/es\/wp-json\/wp\/v2\/pages\/6467\/revisions"}],"wp:attachment":[{"href":"https:\/\/csnd-rdc.net\/es\/wp-json\/wp\/v2\/media?parent=6467"}],"curies":[{"name":"wp","href":"https:\/\/api.w.org\/{rel}","templated":true}]}}