{"id":6383,"date":"2021-08-27T11:01:59","date_gmt":"2021-08-27T10:01:59","guid":{"rendered":"https:\/\/www.csnd-rdc.net\/?page_id=6383"},"modified":"2021-08-27T11:13:47","modified_gmt":"2021-08-27T10:13:47","slug":"les-investissements-surs","status":"publish","type":"page","link":"https:\/\/csnd-rdc.net\/es\/les-investissements-surs\/","title":{"rendered":"Inversiones seguras"},"content":{"rendered":"<section id=\"s1n2\" class=\"section section1\">\n<p id=\"pa4\" class=\"para\" style=\"text-align: justify;\">Los Estados miembros de la OHADA ofrecen a los inversores garant\u00edas jur\u00eddicas y judiciales. Desde el punto de vista jur\u00eddico, el legislador comunitario ha previsto normas modernas aplicables a las empresas, desde su creaci\u00f3n hasta su quiebra.<\/p>\n<p id=\"pa5\" class=\"para\" style=\"text-align: justify;\">De las Leyes Uniformes en vigor, tres son especialmente importantes. En primer lugar, el Acto Uniforme relativo a la Ley de Sociedades Comerciales y Agrupaciones de Inter\u00e9s Econ\u00f3mico establece el marco de las actividades econ\u00f3micas. Pone a disposici\u00f3n de los operadores diversas formas de sociedad, que van desde las sociedades personalistas hasta las sociedades an\u00f3nimas. Los legisladores de la OHADA autorizan tambi\u00e9n la creaci\u00f3n de sociedades unipersonales en forma de SARL o SA. En segundo lugar, para garantizar el cumplimiento puntual de los compromisos, los inversores pueden suscribir garant\u00edas reales o personales en virtud de la Ley Uniforme de Valores. Por \u00faltimo, la tercera Ley Uniforme esencial, de la que depende la eficacia de las dem\u00e1s, se refiere a la organizaci\u00f3n de procedimientos simplificados de cobro y medidas de ejecuci\u00f3n. Su aplicaci\u00f3n debe permitir el cobro r\u00e1pido de las deudas y la ejecuci\u00f3n efectiva de las sentencias (De Saba, 2005).<\/p>\n<p id=\"pa6\" class=\"para\" style=\"text-align: justify;\">Todos los Actos Uniformes adoptados tienen la clara ventaja de ser obligatorios y de aplicaci\u00f3n directa en el ordenamiento jur\u00eddico interno de los Estados de la OHADA. Cualquier disposici\u00f3n legislativa o reglamentaria nacional que tenga el mismo objeto que los Actos Uniformes queda por tanto derogada.<\/p>\n<p id=\"pa7\" class=\"para\" style=\"text-align: justify;\">El entorno creado por el nuevo derecho mercantil ofrece a los inversores una visi\u00f3n clara de la legislaci\u00f3n aplicable a sus operaciones. Gracias a ello, pueden prever los riesgos inherentes a sus actividades. As\u00ed pues, el Derecho de la OHADA garantiza un grado de previsibilidad en la resoluci\u00f3n de litigios del que se carec\u00eda anteriormente.<\/p>\n<p id=\"pa8\" class=\"para\" style=\"text-align: justify;\">En \u00faltima instancia, la labor legislativa de la OHADA en su conjunto pretende tranquilizar a los inversores. Con el mismo fin, los promotores del nuevo derecho de sociedades no se han limitado a redactar normas jur\u00eddicas. Tambi\u00e9n se han preocupado de ofrecer garant\u00edas judiciales en cuanto a su aplicaci\u00f3n.<\/p>\n<p class=\"para\" style=\"text-align: justify;\">La unificaci\u00f3n del derecho iniciada por la OHADA seguir\u00eda siendo te\u00f3rica si las normas que establece se aplicaran e interpretaran de forma diferente en los Estados miembros. La unificaci\u00f3n jur\u00eddica deb\u00eda ir necesariamente acompa\u00f1ada de una unificaci\u00f3n judicial para garantizar a los operadores econ\u00f3micos el principio de igualdad de trato. Por ello se cre\u00f3 una Corte Com\u00fan de Justicia y Arbitraje (CCJA), dotada de privilegios e inmunidades diplom\u00e1ticas. En la pr\u00e1ctica, la resoluci\u00f3n de los litigios relativos a la aplicaci\u00f3n de los Actos Uniformes corresponde, en primera instancia y en apelaci\u00f3n, a los tribunales de los Estados contratantes. Los recursos sobre cuestiones de derecho son competencia exclusiva de la CCJA, que tiene su sede en Abiy\u00e1n (Rep\u00fablica de Costa de Marfil).<\/p>\n<\/section>","protected":false},"excerpt":{"rendered":"<p>Les \u00c9tats de l\u2019OHADA offrent aux investisseurs des garanties d\u2019ordre normatif et judiciaire. D\u2019un point de vue normatif, le l\u00e9gislateur communautaire a pr\u00e9vu des r\u00e8gles modernes applicables aux soci\u00e9t\u00e9s, depuis leur cr\u00e9ation jusqu\u2019\u00e0 leur faillite. Parmi les Actes uniformes en vigueur, trois sont particuli\u00e8rement importants. Premi\u00e8rement, l\u2019Acte uniforme relatif au droit des soci\u00e9t\u00e9s commerciales et [&hellip;]<\/p>","protected":false},"author":1,"featured_media":0,"parent":0,"menu_order":0,"comment_status":"closed","ping_status":"closed","template":"","meta":{"give_campaign_id":0,"inline_featured_image":false,"footnotes":""},"class_list":["post-6383","page","type-page","status-publish","hentry"],"yoast_head":"<!-- This site is optimized with the Yoast SEO plugin v26.1 - https:\/\/yoast.com\/wordpress\/plugins\/seo\/ -->\n<title>Les investissements s\u00fbrs - CSND Site Web Officiel<\/title>\n<meta name=\"description\" content=\"La capacit\u00e9 du continent africain \u00e0 mobiliser les fonds n\u00e9cessaires \u00e0 son d\u00e9veloppement est en dessous de z\u00e9ro en d\u00e9pit de ses atouts ...\" \/>\n<meta name=\"robots\" content=\"index, follow, max-snippet:-1, max-image-preview:large, max-video-preview:-1\" \/>\n<link rel=\"canonical\" href=\"https:\/\/csnd-rdc.net\/es\/les-investissements-surs\/\" \/>\n<meta property=\"og:locale\" content=\"es_ES\" \/>\n<meta property=\"og:type\" content=\"article\" \/>\n<meta property=\"og:title\" content=\"Les investissements s\u00fbrs - CSND Site Web Officiel\" \/>\n<meta property=\"og:description\" content=\"La capacit\u00e9 du continent africain \u00e0 mobiliser les fonds n\u00e9cessaires \u00e0 son d\u00e9veloppement est en dessous de z\u00e9ro en d\u00e9pit de ses atouts ...\" \/>\n<meta property=\"og:url\" content=\"https:\/\/csnd-rdc.net\/es\/les-investissements-surs\/\" \/>\n<meta property=\"og:site_name\" content=\"Conseil Strat\u00e9gique National pour le D\u00e9veloppement\" \/>\n<meta property=\"article:modified_time\" content=\"2021-08-27T10:13:47+00:00\" \/>\n<meta name=\"twitter:card\" content=\"summary_large_image\" \/>\n<meta name=\"twitter:label1\" content=\"Tiempo de lectura\" \/>\n\t<meta name=\"twitter:data1\" content=\"2 minutos\" \/>\n<script type=\"application\/ld+json\" class=\"yoast-schema-graph\">{\"@context\":\"https:\/\/schema.org\",\"@graph\":[{\"@type\":\"WebPage\",\"@id\":\"https:\/\/csnd-rdc.net\/les-investissements-surs\/\",\"url\":\"https:\/\/csnd-rdc.net\/les-investissements-surs\/\",\"name\":\"Les investissements s\u00fbrs - CSND Site Web Officiel\",\"isPartOf\":{\"@id\":\"https:\/\/csnd-rdc.net\/#website\"},\"datePublished\":\"2021-08-27T10:01:59+00:00\",\"dateModified\":\"2021-08-27T10:13:47+00:00\",\"description\":\"La capacit\u00e9 du continent africain \u00e0 mobiliser les fonds n\u00e9cessaires \u00e0 son d\u00e9veloppement est en dessous de z\u00e9ro en d\u00e9pit de ses atouts ...\",\"breadcrumb\":{\"@id\":\"https:\/\/csnd-rdc.net\/les-investissements-surs\/#breadcrumb\"},\"inLanguage\":\"es\",\"potentialAction\":[{\"@type\":\"ReadAction\",\"target\":[\"https:\/\/csnd-rdc.net\/les-investissements-surs\/\"]}]},{\"@type\":\"BreadcrumbList\",\"@id\":\"https:\/\/csnd-rdc.net\/les-investissements-surs\/#breadcrumb\",\"itemListElement\":[{\"@type\":\"ListItem\",\"position\":1,\"name\":\"Accueil\",\"item\":\"https:\/\/csnd-rdc.net\/\"},{\"@type\":\"ListItem\",\"position\":2,\"name\":\"Les investissements s\u00fbrs\"}]},{\"@type\":\"WebSite\",\"@id\":\"https:\/\/csnd-rdc.net\/#website\",\"url\":\"https:\/\/csnd-rdc.net\/\",\"name\":\"Conseil Strat\u00e9gique National pour le D\u00e9veloppement\",\"description\":\"Site Web Officiel - D\u00e9velopp\u00e9 par E-Business Afrika Sarl\",\"potentialAction\":[{\"@type\":\"SearchAction\",\"target\":{\"@type\":\"EntryPoint\",\"urlTemplate\":\"https:\/\/csnd-rdc.net\/?s={search_term_string}\"},\"query-input\":{\"@type\":\"PropertyValueSpecification\",\"valueRequired\":true,\"valueName\":\"search_term_string\"}}],\"inLanguage\":\"es\"}]}<\/script>\n<!-- \/ Yoast SEO plugin. -->","yoast_head_json":{"title":"Inversiones seguras - CSND Sitio web oficial","description":"La capacidad del continente africano para movilizar los fondos que necesita para su desarrollo est\u00e1 por debajo de cero, a pesar de sus...","robots":{"index":"index","follow":"follow","max-snippet":"max-snippet:-1","max-image-preview":"max-image-preview:large","max-video-preview":"max-video-preview:-1"},"canonical":"https:\/\/csnd-rdc.net\/es\/les-investissements-surs\/","og_locale":"es_ES","og_type":"article","og_title":"Les investissements s\u00fbrs - CSND Site Web Officiel","og_description":"La capacit\u00e9 du continent africain \u00e0 mobiliser les fonds n\u00e9cessaires \u00e0 son d\u00e9veloppement est en dessous de z\u00e9ro en d\u00e9pit de ses atouts ...","og_url":"https:\/\/csnd-rdc.net\/es\/les-investissements-surs\/","og_site_name":"Conseil Strat\u00e9gique National pour le D\u00e9veloppement","article_modified_time":"2021-08-27T10:13:47+00:00","twitter_card":"summary_large_image","twitter_misc":{"Tiempo de lectura":"2 minutos"},"schema":{"@context":"https:\/\/schema.org","@graph":[{"@type":"WebPage","@id":"https:\/\/csnd-rdc.net\/les-investissements-surs\/","url":"https:\/\/csnd-rdc.net\/les-investissements-surs\/","name":"Inversiones seguras - CSND Sitio web oficial","isPartOf":{"@id":"https:\/\/csnd-rdc.net\/#website"},"datePublished":"2021-08-27T10:01:59+00:00","dateModified":"2021-08-27T10:13:47+00:00","description":"La capacidad del continente africano para movilizar los fondos que necesita para su desarrollo est\u00e1 por debajo de cero, a pesar de sus...","breadcrumb":{"@id":"https:\/\/csnd-rdc.net\/les-investissements-surs\/#breadcrumb"},"inLanguage":"es","potentialAction":[{"@type":"ReadAction","target":["https:\/\/csnd-rdc.net\/les-investissements-surs\/"]}]},{"@type":"BreadcrumbList","@id":"https:\/\/csnd-rdc.net\/les-investissements-surs\/#breadcrumb","itemListElement":[{"@type":"ListItem","position":1,"name":"Accueil","item":"https:\/\/csnd-rdc.net\/"},{"@type":"ListItem","position":2,"name":"Les investissements s\u00fbrs"}]},{"@type":"WebSite","@id":"https:\/\/csnd-rdc.net\/#website","url":"https:\/\/csnd-rdc.net\/","name":"Consejo Estrat\u00e9gico Nacional para el Desarrollo","description":"Sitio web oficial - Desarrollado por E-Business Afrika Sarl","potentialAction":[{"@type":"SearchAction","target":{"@type":"EntryPoint","urlTemplate":"https:\/\/csnd-rdc.net\/?s={search_term_string}"},"query-input":{"@type":"PropertyValueSpecification","valueRequired":true,"valueName":"search_term_string"}}],"inLanguage":"es"}]}},"campaignId":"","_links":{"self":[{"href":"https:\/\/csnd-rdc.net\/es\/wp-json\/wp\/v2\/pages\/6383","targetHints":{"allow":["GET"]}}],"collection":[{"href":"https:\/\/csnd-rdc.net\/es\/wp-json\/wp\/v2\/pages"}],"about":[{"href":"https:\/\/csnd-rdc.net\/es\/wp-json\/wp\/v2\/types\/page"}],"author":[{"embeddable":true,"href":"https:\/\/csnd-rdc.net\/es\/wp-json\/wp\/v2\/users\/1"}],"replies":[{"embeddable":true,"href":"https:\/\/csnd-rdc.net\/es\/wp-json\/wp\/v2\/comments?post=6383"}],"version-history":[{"count":0,"href":"https:\/\/csnd-rdc.net\/es\/wp-json\/wp\/v2\/pages\/6383\/revisions"}],"wp:attachment":[{"href":"https:\/\/csnd-rdc.net\/es\/wp-json\/wp\/v2\/media?parent=6383"}],"curies":[{"name":"wp","href":"https:\/\/api.w.org\/{rel}","templated":true}]}}