{"id":7232,"date":"2021-10-11T11:54:15","date_gmt":"2021-10-11T10:54:15","guid":{"rendered":"https:\/\/www.csnd-rdc.net\/?page_id=7232"},"modified":"2021-11-21T22:01:03","modified_gmt":"2021-11-21T21:01:03","slug":"agroalimentaire","status":"publish","type":"page","link":"https:\/\/csnd-rdc.net\/en\/agroalimentaire\/","title":{"rendered":"Food industry"},"content":{"rendered":"<p style=\"text-align: justify;\"><img fetchpriority=\"high\" decoding=\"async\" class=\"size-medium wp-image-7234 alignleft\" src=\"https:\/\/csnd-rdc.net\/wp-content\/uploads\/2021\/10\/Ferme-de-FUTUKA-300x225.jpg\" alt=\"\" width=\"300\" height=\"225\" srcset=\"https:\/\/csnd-rdc.net\/wp-content\/uploads\/2021\/10\/Ferme-de-FUTUKA-300x225.jpg 300w, https:\/\/csnd-rdc.net\/wp-content\/uploads\/2021\/10\/Ferme-de-FUTUKA-768x576.jpg 768w, https:\/\/csnd-rdc.net\/wp-content\/uploads\/2021\/10\/Ferme-de-FUTUKA-600x450.jpg 600w, https:\/\/csnd-rdc.net\/wp-content\/uploads\/2021\/10\/Ferme-de-FUTUKA.jpg 960w\" sizes=\"(max-width: 300px) 100vw, 300px\" \/>Le\u00a0<b>agri-food sector<\/b>\u00a0or\u00a0<b>food industry<\/b><sup id=\"cite_ref-1\" class=\"reference\"><a href=\"https:\/\/fr.wikipedia.org\/wiki\/Secteur_agroalimentaire#cite_note-1\">1<\/a><\/sup>\u00a0or even\u00a0<b>agro-industrial complex<\/b>\u00a0is a sector of activity corresponding to all companies in the primary sector (the\u00a0<a title=\"Farming\" href=\"https:\/\/fr.wikipedia.org\/wiki\/Exploitation_agricole\">farms<\/a>) that produce\u00a0<a class=\"mw-redirect\" title=\"Food product\" href=\"https:\/\/fr.wikipedia.org\/wiki\/Produit_alimentaire\">food<\/a>\u00a0and secondary (the<a title=\"Food industry\" href=\"https:\/\/fr.wikipedia.org\/wiki\/Industrie_agroalimentaire\">food industry<\/a>) which transform them into\u00a0<a title=\"Industrial food\" href=\"https:\/\/fr.wikipedia.org\/wiki\/Aliment_industriel\">industrial food<\/a>.<\/p>\n<p style=\"text-align: justify;\">It includes two groups (not included is the part of the agricultural sector made up of farm producers and their innumerable small-volume farm products and transformations that are marketed in\u00a0<a title=\"Direct sales\" href=\"https:\/\/fr.wikipedia.org\/wiki\/Vente_directe\">direct selling<\/a>)\u00a0:<\/p>\n<ul style=\"text-align: justify;\">\n<li>the\u00a0<a title=\"Farmer\" href=\"https:\/\/fr.wikipedia.org\/wiki\/Agriculteur\">agricultural sector<\/a>which\u00a0<a title=\"Breeding\" href=\"https:\/\/fr.wikipedia.org\/wiki\/%C3%89levage\">student<\/a>\u00a0the\u00a0<a title=\"Livestock\" href=\"https:\/\/fr.wikipedia.org\/wiki\/B%C3%A9tail\">livestock<\/a>\u00a0(medium to large herds), grows crops (arable farming) and sells the products of the\u00a0<a class=\"mw-redirect\" title=\"Agricultural product\" href=\"https:\/\/fr.wikipedia.org\/wiki\/Produit_agricole\">farm products<\/a>\u00a0obtained from the agri-food industry;<\/li>\n<li>l'<a title=\"Food industry\" href=\"https:\/\/fr.wikipedia.org\/wiki\/Industrie_agroalimentaire\">food industry<\/a>which transforms livestock and cultivated plants into industrial food products.<\/li>\n<\/ul>\n<p style=\"text-align: justify;\">This sector of activity has its own economy, bringing together the activities of\u00a0<a title=\"Processing industry\" href=\"https:\/\/fr.wikipedia.org\/wiki\/Industrie_de_transformation\">transformation<\/a>\u00a0and\u00a0<a class=\"mw-redirect\" title=\"Marketing\" href=\"https:\/\/fr.wikipedia.org\/wiki\/Commercialisation\">marketing<\/a>\u00a0agri-food products such as\u00a0<a title=\"Dairy products\" href=\"https:\/\/fr.wikipedia.org\/wiki\/Produit_laitier\">dairy products<\/a>\u00a0industrialists.<\/p>\n<p style=\"text-align: justify;\">Cultures of<a title=\"Agroressource\" href=\"https:\/\/fr.wikipedia.org\/wiki\/Agroressource\">agroresources<\/a>\u00a0for non-food purposes (pharmaceuticals, chemicals, textiles, energy), even though they are linked to sectors such as the food industry.\u00a0<a title=\"Agro-industry\" href=\"https:\/\/fr.wikipedia.org\/wiki\/Agro-industrie\">agro-industrial<\/a>\u00a0remain part of this general business line.<\/p>\n<p style=\"text-align: justify;\">Or factories that process agricultural produce into ready-to-eat food.<\/p>\n<p><strong>FUTUKA FARM<\/strong><\/p>\n<p><iframe title=\"MOISE KATUMBI RECEIVES SWEDISH AND CANADIAN DIPLOMATS AT HIS FUTUKA FARM\" width=\"800\" height=\"450\" src=\"https:\/\/www.youtube.com\/embed\/9Ed3r0Vct7Q?feature=oembed\" frameborder=\"0\" allow=\"accelerometer; autoplay; clipboard-write; encrypted-media; gyroscope; picture-in-picture\" allowfullscreen><\/iframe><\/p>\n<h1>The FUTUKA farm<\/h1>\n<p style=\"text-align: justify;\"><a href=\"http:\/\/www.katanga-tourisme.org\/files\/2013\/03\/030052012170121000000JA2681p071_01.jpg\"><img decoding=\"async\" class=\"size-medium wp-image-1371 alignleft\" src=\"https:\/\/csnd-rdc.net\/wp-content\/uploads\/2021\/11\/030052012170121000000ja2681p071_01-300x171.jpg\" sizes=\"(max-width: 257px) 100vw, 257px\" srcset=\"https:\/\/www.katanga-tourisme.org\/files\/2013\/03\/030052012170121000000JA2681p071_01-300x171.jpg 300w, https:\/\/www.katanga-tourisme.org\/files\/2013\/03\/030052012170121000000JA2681p071_01.jpg 350w\" alt=\"030052012170121000000JA2681p071_01\" width=\"257\" height=\"146\" \/><\/a><span class=\"dropcap2 black\">L<\/span>he Futuka farm is located 70 km from\u00a0<a href=\"http:\/\/www.katanga-tourisme.org\/index.php\/lubumbashi\/\" target=\"_blank\" rel=\"noopener\">Lubumbashi\u00a0<\/a>on the road to\u00a0<strong>Kasenga.<\/strong>\u00a0This is the domain of the provincial governor,\u00a0<a href=\"http:\/\/fr.wikipedia.org\/wiki\/Mo%C3%AFse_Katumbi_Chapwe\" target=\"_blank\" rel=\"noopener\">Mo\u00efse Katumbi<\/a>. The Group intends to set an example by investing in\u00a0<strong>infrastructures<\/strong>\u00a0<strong>agricultural<\/strong>\u00a0to increase yields and local production on the scale of the\u00a0<strong>province<\/strong>as part of the new\u00a0<strong>agricultural obligation<\/strong>.<\/p>\n<p style=\"text-align: justify;\">In this way, the long-term aim is to reduce imports while ensuring a minimum level of safety.<strong>self-sufficiency<\/strong>\u00a0<strong>food<\/strong>\u00a0in this particularly prosperous part of the country.<\/p>\n<p style=\"text-align: justify;\"><span class=\"dropcap2 black\">C<\/span>his domain is a kind of\u00a0<strong>pilot project<\/strong>\u00a0at the level of\u00a0<strong>ecotourism<\/strong>\u00a0and\u00a0<strong>sustainable development<\/strong>\u00a0(micro-power station which supplies the site and soon a centre of<strong>\u00a0local health<\/strong>\u00a0nearby; solar panel wells...).<\/p>\n<p style=\"text-align: justify;\">The site is located along the Kashobwe River and is open to visitors. You can fish, camp and even go fishing.\u00a0<strong>paintball<\/strong>. Animals can also be seen (antelopes, etc.).<\/p>","protected":false},"excerpt":{"rendered":"<p>Le\u00a0secteur agroalimentaire\u00a0ou\u00a0secteur agro-alimentaire1\u00a0ou encore\u00a0complexe agro-industriel\u00a0est un secteur d&rsquo;activit\u00e9 correspondant \u00e0 l&rsquo;ensemble des entreprises des secteurs primaire (les\u00a0exploitations agricoles) qui produisent des\u00a0aliments\u00a0et secondaire (l&rsquo;industrie agroalimentaire) qui transforment ceux-ci en\u00a0aliments industriels. Il regroupe deux ensembles (n&rsquo;est pas comptabilis\u00e9 la part de secteur agricole compos\u00e9 des producteurs fermiers et leurs innombrables productions et transformations fermi\u00e8res de faibles volumes [&hellip;]<\/p>","protected":false},"author":1,"featured_media":0,"parent":0,"menu_order":0,"comment_status":"closed","ping_status":"closed","template":"","meta":{"give_campaign_id":0,"inline_featured_image":false,"footnotes":""},"class_list":["post-7232","page","type-page","status-publish","hentry"],"yoast_head":"<!-- This site is optimized with the Yoast SEO plugin v26.1 - https:\/\/yoast.com\/wordpress\/plugins\/seo\/ -->\n<title>Agroalimentaire - Conseil Strat\u00e9gique National pour le D\u00e9veloppement<\/title>\n<meta name=\"description\" content=\"Le secteur agroalimentaire ou secteur agro-alimentaire ou encore complexe agro-industriel est un secteur d&#039;activit\u00e9 correspondant \u00e0 l&#039;ense...\" \/>\n<meta name=\"robots\" content=\"index, follow, max-snippet:-1, max-image-preview:large, max-video-preview:-1\" \/>\n<link rel=\"canonical\" href=\"https:\/\/csnd-rdc.net\/en\/agroalimentaire\/\" \/>\n<meta property=\"og:locale\" content=\"en_GB\" \/>\n<meta property=\"og:type\" content=\"article\" \/>\n<meta property=\"og:title\" content=\"Agroalimentaire - Conseil Strat\u00e9gique National pour le D\u00e9veloppement\" \/>\n<meta property=\"og:description\" content=\"Le secteur agroalimentaire ou secteur agro-alimentaire ou encore complexe agro-industriel est un secteur d&#039;activit\u00e9 correspondant \u00e0 l&#039;ense...\" \/>\n<meta property=\"og:url\" content=\"https:\/\/csnd-rdc.net\/en\/agroalimentaire\/\" \/>\n<meta property=\"og:site_name\" content=\"Conseil Strat\u00e9gique National pour le D\u00e9veloppement\" \/>\n<meta property=\"article:modified_time\" content=\"2021-11-21T21:01:03+00:00\" \/>\n<meta property=\"og:image\" content=\"https:\/\/csnd-rdc.net\/wp-content\/uploads\/2021\/10\/Ferme-de-FUTUKA-300x225.jpg\" \/>\n<meta name=\"twitter:card\" content=\"summary_large_image\" \/>\n<meta name=\"twitter:label1\" content=\"Estimated reading time\" \/>\n\t<meta name=\"twitter:data1\" content=\"2 minutes\" \/>\n<script type=\"application\/ld+json\" class=\"yoast-schema-graph\">{\"@context\":\"https:\/\/schema.org\",\"@graph\":[{\"@type\":\"WebPage\",\"@id\":\"https:\/\/csnd-rdc.net\/agroalimentaire\/\",\"url\":\"https:\/\/csnd-rdc.net\/agroalimentaire\/\",\"name\":\"Agroalimentaire - Conseil Strat\u00e9gique National pour le D\u00e9veloppement\",\"isPartOf\":{\"@id\":\"https:\/\/csnd-rdc.net\/#website\"},\"primaryImageOfPage\":{\"@id\":\"https:\/\/csnd-rdc.net\/agroalimentaire\/#primaryimage\"},\"image\":{\"@id\":\"https:\/\/csnd-rdc.net\/agroalimentaire\/#primaryimage\"},\"thumbnailUrl\":\"https:\/\/csnd-rdc.net\/wp-content\/uploads\/2021\/10\/Ferme-de-FUTUKA-300x225.jpg\",\"datePublished\":\"2021-10-11T10:54:15+00:00\",\"dateModified\":\"2021-11-21T21:01:03+00:00\",\"description\":\"Le secteur agroalimentaire ou secteur agro-alimentaire ou encore complexe agro-industriel est un secteur d'activit\u00e9 correspondant \u00e0 l'ense...\",\"breadcrumb\":{\"@id\":\"https:\/\/csnd-rdc.net\/agroalimentaire\/#breadcrumb\"},\"inLanguage\":\"en-GB\",\"potentialAction\":[{\"@type\":\"ReadAction\",\"target\":[\"https:\/\/csnd-rdc.net\/agroalimentaire\/\"]}]},{\"@type\":\"ImageObject\",\"inLanguage\":\"en-GB\",\"@id\":\"https:\/\/csnd-rdc.net\/agroalimentaire\/#primaryimage\",\"url\":\"https:\/\/csnd-rdc.net\/wp-content\/uploads\/2021\/10\/Ferme-de-FUTUKA-300x225.jpg\",\"contentUrl\":\"https:\/\/csnd-rdc.net\/wp-content\/uploads\/2021\/10\/Ferme-de-FUTUKA-300x225.jpg\"},{\"@type\":\"BreadcrumbList\",\"@id\":\"https:\/\/csnd-rdc.net\/agroalimentaire\/#breadcrumb\",\"itemListElement\":[{\"@type\":\"ListItem\",\"position\":1,\"name\":\"Accueil\",\"item\":\"https:\/\/csnd-rdc.net\/\"},{\"@type\":\"ListItem\",\"position\":2,\"name\":\"Agroalimentaire\"}]},{\"@type\":\"WebSite\",\"@id\":\"https:\/\/csnd-rdc.net\/#website\",\"url\":\"https:\/\/csnd-rdc.net\/\",\"name\":\"Conseil Strat\u00e9gique National pour le D\u00e9veloppement\",\"description\":\"Site Web Officiel - D\u00e9velopp\u00e9 par E-Business Afrika Sarl\",\"potentialAction\":[{\"@type\":\"SearchAction\",\"target\":{\"@type\":\"EntryPoint\",\"urlTemplate\":\"https:\/\/csnd-rdc.net\/?s={search_term_string}\"},\"query-input\":{\"@type\":\"PropertyValueSpecification\",\"valueRequired\":true,\"valueName\":\"search_term_string\"}}],\"inLanguage\":\"en-GB\"}]}<\/script>\n<!-- \/ Yoast SEO plugin. -->","yoast_head_json":{"title":"Agri-food - National Strategic Council for Development","description":"The agri-food sector, agri-food sector or agri-industrial complex is a sector of activity corresponding to the food industry.","robots":{"index":"index","follow":"follow","max-snippet":"max-snippet:-1","max-image-preview":"max-image-preview:large","max-video-preview":"max-video-preview:-1"},"canonical":"https:\/\/csnd-rdc.net\/en\/agroalimentaire\/","og_locale":"en_GB","og_type":"article","og_title":"Agroalimentaire - Conseil Strat\u00e9gique National pour le D\u00e9veloppement","og_description":"Le secteur agroalimentaire ou secteur agro-alimentaire ou encore complexe agro-industriel est un secteur d'activit\u00e9 correspondant \u00e0 l'ense...","og_url":"https:\/\/csnd-rdc.net\/en\/agroalimentaire\/","og_site_name":"Conseil Strat\u00e9gique National pour le D\u00e9veloppement","article_modified_time":"2021-11-21T21:01:03+00:00","og_image":[{"url":"https:\/\/csnd-rdc.net\/wp-content\/uploads\/2021\/10\/Ferme-de-FUTUKA-300x225.jpg","type":"","width":"","height":""}],"twitter_card":"summary_large_image","twitter_misc":{"Estimated reading time":"2 minutes"},"schema":{"@context":"https:\/\/schema.org","@graph":[{"@type":"WebPage","@id":"https:\/\/csnd-rdc.net\/agroalimentaire\/","url":"https:\/\/csnd-rdc.net\/agroalimentaire\/","name":"Agri-food - National Strategic Council for Development","isPartOf":{"@id":"https:\/\/csnd-rdc.net\/#website"},"primaryImageOfPage":{"@id":"https:\/\/csnd-rdc.net\/agroalimentaire\/#primaryimage"},"image":{"@id":"https:\/\/csnd-rdc.net\/agroalimentaire\/#primaryimage"},"thumbnailUrl":"https:\/\/csnd-rdc.net\/wp-content\/uploads\/2021\/10\/Ferme-de-FUTUKA-300x225.jpg","datePublished":"2021-10-11T10:54:15+00:00","dateModified":"2021-11-21T21:01:03+00:00","description":"The agri-food sector, agri-food sector or agri-industrial complex is a sector of activity corresponding to the food industry.","breadcrumb":{"@id":"https:\/\/csnd-rdc.net\/agroalimentaire\/#breadcrumb"},"inLanguage":"en-GB","potentialAction":[{"@type":"ReadAction","target":["https:\/\/csnd-rdc.net\/agroalimentaire\/"]}]},{"@type":"ImageObject","inLanguage":"en-GB","@id":"https:\/\/csnd-rdc.net\/agroalimentaire\/#primaryimage","url":"https:\/\/csnd-rdc.net\/wp-content\/uploads\/2021\/10\/Ferme-de-FUTUKA-300x225.jpg","contentUrl":"https:\/\/csnd-rdc.net\/wp-content\/uploads\/2021\/10\/Ferme-de-FUTUKA-300x225.jpg"},{"@type":"BreadcrumbList","@id":"https:\/\/csnd-rdc.net\/agroalimentaire\/#breadcrumb","itemListElement":[{"@type":"ListItem","position":1,"name":"Accueil","item":"https:\/\/csnd-rdc.net\/"},{"@type":"ListItem","position":2,"name":"Agroalimentaire"}]},{"@type":"WebSite","@id":"https:\/\/csnd-rdc.net\/#website","url":"https:\/\/csnd-rdc.net\/","name":"National Strategic Council for Development","description":"Official Website - Developed by E-Business Afrika Sarl","potentialAction":[{"@type":"SearchAction","target":{"@type":"EntryPoint","urlTemplate":"https:\/\/csnd-rdc.net\/?s={search_term_string}"},"query-input":{"@type":"PropertyValueSpecification","valueRequired":true,"valueName":"search_term_string"}}],"inLanguage":"en-GB"}]}},"campaignId":"","_links":{"self":[{"href":"https:\/\/csnd-rdc.net\/en\/wp-json\/wp\/v2\/pages\/7232","targetHints":{"allow":["GET"]}}],"collection":[{"href":"https:\/\/csnd-rdc.net\/en\/wp-json\/wp\/v2\/pages"}],"about":[{"href":"https:\/\/csnd-rdc.net\/en\/wp-json\/wp\/v2\/types\/page"}],"author":[{"embeddable":true,"href":"https:\/\/csnd-rdc.net\/en\/wp-json\/wp\/v2\/users\/1"}],"replies":[{"embeddable":true,"href":"https:\/\/csnd-rdc.net\/en\/wp-json\/wp\/v2\/comments?post=7232"}],"version-history":[{"count":0,"href":"https:\/\/csnd-rdc.net\/en\/wp-json\/wp\/v2\/pages\/7232\/revisions"}],"wp:attachment":[{"href":"https:\/\/csnd-rdc.net\/en\/wp-json\/wp\/v2\/media?parent=7232"}],"curies":[{"name":"wp","href":"https:\/\/api.w.org\/{rel}","templated":true}]}}