{"id":6941,"date":"2021-10-06T20:54:10","date_gmt":"2021-10-06T19:54:10","guid":{"rendered":"https:\/\/www.csnd-rdc.net\/?page_id=6941"},"modified":"2021-12-21T08:52:59","modified_gmt":"2021-12-21T07:52:59","slug":"nos-experts","status":"publish","type":"page","link":"https:\/\/csnd-rdc.net\/en\/nos-experts\/","title":{"rendered":"Our experts"},"content":{"rendered":"<p>[awsmteam id=\u00a0\u00bb6939&Prime;]<\/p>","protected":false},"excerpt":{"rendered":"<p>[awsmteam id=\u00a0\u00bb6939&Prime;]<\/p>","protected":false},"author":1,"featured_media":0,"parent":0,"menu_order":0,"comment_status":"closed","ping_status":"closed","template":"elementor_theme","meta":{"give_campaign_id":0,"inline_featured_image":false,"footnotes":""},"class_list":["post-6941","page","type-page","status-publish","hentry"],"yoast_head":"<!-- This site is optimized with the Yoast SEO plugin v26.1 - https:\/\/yoast.com\/wordpress\/plugins\/seo\/ -->\n<title>Nos Experts - Conseil Strat\u00e9gique National pour le D\u00e9veloppement<\/title>\n<meta name=\"description\" content=\"Nous faisons des \u00e9changes d\u2019id\u00e9es avec les r\u00e9seaux nationaux, r\u00e9gionaux et internationaux en ; des \u00e9tudes cr\u00e9dibles et certifi\u00e9es...\" \/>\n<meta name=\"robots\" content=\"index, follow, max-snippet:-1, max-image-preview:large, max-video-preview:-1\" \/>\n<link rel=\"canonical\" href=\"https:\/\/csnd-rdc.net\/en\/nos-experts\/\" \/>\n<meta property=\"og:locale\" content=\"en_GB\" \/>\n<meta property=\"og:type\" content=\"article\" \/>\n<meta property=\"og:title\" content=\"Nos Experts - Conseil Strat\u00e9gique National pour le D\u00e9veloppement\" \/>\n<meta property=\"og:description\" content=\"Nous faisons des \u00e9changes d\u2019id\u00e9es avec les r\u00e9seaux nationaux, r\u00e9gionaux et internationaux en ; des \u00e9tudes cr\u00e9dibles et certifi\u00e9es...\" \/>\n<meta property=\"og:url\" content=\"https:\/\/csnd-rdc.net\/en\/nos-experts\/\" \/>\n<meta property=\"og:site_name\" content=\"Conseil Strat\u00e9gique National pour le D\u00e9veloppement\" \/>\n<meta property=\"article:modified_time\" content=\"2021-12-21T07:52:59+00:00\" \/>\n<meta name=\"twitter:card\" content=\"summary_large_image\" \/>\n<meta name=\"twitter:label1\" content=\"Estimated reading time\" \/>\n\t<meta name=\"twitter:data1\" content=\"1 minute\" \/>\n<script type=\"application\/ld+json\" class=\"yoast-schema-graph\">{\"@context\":\"https:\/\/schema.org\",\"@graph\":[{\"@type\":\"WebPage\",\"@id\":\"https:\/\/csnd-rdc.net\/nos-experts\/\",\"url\":\"https:\/\/csnd-rdc.net\/nos-experts\/\",\"name\":\"Nos Experts - Conseil Strat\u00e9gique National pour le D\u00e9veloppement\",\"isPartOf\":{\"@id\":\"https:\/\/csnd-rdc.net\/#website\"},\"datePublished\":\"2021-10-06T19:54:10+00:00\",\"dateModified\":\"2021-12-21T07:52:59+00:00\",\"description\":\"Nous faisons des \u00e9changes d\u2019id\u00e9es avec les r\u00e9seaux nationaux, r\u00e9gionaux et internationaux en ; des \u00e9tudes cr\u00e9dibles et certifi\u00e9es...\",\"breadcrumb\":{\"@id\":\"https:\/\/csnd-rdc.net\/nos-experts\/#breadcrumb\"},\"inLanguage\":\"en-GB\",\"potentialAction\":[{\"@type\":\"ReadAction\",\"target\":[\"https:\/\/csnd-rdc.net\/nos-experts\/\"]}]},{\"@type\":\"BreadcrumbList\",\"@id\":\"https:\/\/csnd-rdc.net\/nos-experts\/#breadcrumb\",\"itemListElement\":[{\"@type\":\"ListItem\",\"position\":1,\"name\":\"Accueil\",\"item\":\"https:\/\/csnd-rdc.net\/\"},{\"@type\":\"ListItem\",\"position\":2,\"name\":\"Nos Experts\"}]},{\"@type\":\"WebSite\",\"@id\":\"https:\/\/csnd-rdc.net\/#website\",\"url\":\"https:\/\/csnd-rdc.net\/\",\"name\":\"Conseil Strat\u00e9gique National pour le D\u00e9veloppement\",\"description\":\"Site Web Officiel - D\u00e9velopp\u00e9 par E-Business Afrika Sarl\",\"potentialAction\":[{\"@type\":\"SearchAction\",\"target\":{\"@type\":\"EntryPoint\",\"urlTemplate\":\"https:\/\/csnd-rdc.net\/?s={search_term_string}\"},\"query-input\":{\"@type\":\"PropertyValueSpecification\",\"valueRequired\":true,\"valueName\":\"search_term_string\"}}],\"inLanguage\":\"en-GB\"}]}<\/script>\n<!-- \/ Yoast SEO plugin. -->","yoast_head_json":{"title":"Our Experts - National Strategic Council for Development","description":"We exchange ideas with national, regional and international networks through credible, certified studies...","robots":{"index":"index","follow":"follow","max-snippet":"max-snippet:-1","max-image-preview":"max-image-preview:large","max-video-preview":"max-video-preview:-1"},"canonical":"https:\/\/csnd-rdc.net\/en\/nos-experts\/","og_locale":"en_GB","og_type":"article","og_title":"Nos Experts - Conseil Strat\u00e9gique National pour le D\u00e9veloppement","og_description":"Nous faisons des \u00e9changes d\u2019id\u00e9es avec les r\u00e9seaux nationaux, r\u00e9gionaux et internationaux en ; des \u00e9tudes cr\u00e9dibles et certifi\u00e9es...","og_url":"https:\/\/csnd-rdc.net\/en\/nos-experts\/","og_site_name":"Conseil Strat\u00e9gique National pour le D\u00e9veloppement","article_modified_time":"2021-12-21T07:52:59+00:00","twitter_card":"summary_large_image","twitter_misc":{"Estimated reading time":"1 minute"},"schema":{"@context":"https:\/\/schema.org","@graph":[{"@type":"WebPage","@id":"https:\/\/csnd-rdc.net\/nos-experts\/","url":"https:\/\/csnd-rdc.net\/nos-experts\/","name":"Our Experts - National Strategic Council for Development","isPartOf":{"@id":"https:\/\/csnd-rdc.net\/#website"},"datePublished":"2021-10-06T19:54:10+00:00","dateModified":"2021-12-21T07:52:59+00:00","description":"We exchange ideas with national, regional and international networks through credible, certified studies...","breadcrumb":{"@id":"https:\/\/csnd-rdc.net\/nos-experts\/#breadcrumb"},"inLanguage":"en-GB","potentialAction":[{"@type":"ReadAction","target":["https:\/\/csnd-rdc.net\/nos-experts\/"]}]},{"@type":"BreadcrumbList","@id":"https:\/\/csnd-rdc.net\/nos-experts\/#breadcrumb","itemListElement":[{"@type":"ListItem","position":1,"name":"Accueil","item":"https:\/\/csnd-rdc.net\/"},{"@type":"ListItem","position":2,"name":"Nos Experts"}]},{"@type":"WebSite","@id":"https:\/\/csnd-rdc.net\/#website","url":"https:\/\/csnd-rdc.net\/","name":"National Strategic Council for Development","description":"Official Website - Developed by E-Business Afrika Sarl","potentialAction":[{"@type":"SearchAction","target":{"@type":"EntryPoint","urlTemplate":"https:\/\/csnd-rdc.net\/?s={search_term_string}"},"query-input":{"@type":"PropertyValueSpecification","valueRequired":true,"valueName":"search_term_string"}}],"inLanguage":"en-GB"}]}},"campaignId":"","_links":{"self":[{"href":"https:\/\/csnd-rdc.net\/en\/wp-json\/wp\/v2\/pages\/6941","targetHints":{"allow":["GET"]}}],"collection":[{"href":"https:\/\/csnd-rdc.net\/en\/wp-json\/wp\/v2\/pages"}],"about":[{"href":"https:\/\/csnd-rdc.net\/en\/wp-json\/wp\/v2\/types\/page"}],"author":[{"embeddable":true,"href":"https:\/\/csnd-rdc.net\/en\/wp-json\/wp\/v2\/users\/1"}],"replies":[{"embeddable":true,"href":"https:\/\/csnd-rdc.net\/en\/wp-json\/wp\/v2\/comments?post=6941"}],"version-history":[{"count":0,"href":"https:\/\/csnd-rdc.net\/en\/wp-json\/wp\/v2\/pages\/6941\/revisions"}],"wp:attachment":[{"href":"https:\/\/csnd-rdc.net\/en\/wp-json\/wp\/v2\/media?parent=6941"}],"curies":[{"name":"wp","href":"https:\/\/api.w.org\/{rel}","templated":true}]}}