{"id":6383,"date":"2021-08-27T11:01:59","date_gmt":"2021-08-27T10:01:59","guid":{"rendered":"https:\/\/www.csnd-rdc.net\/?page_id=6383"},"modified":"2021-08-27T11:13:47","modified_gmt":"2021-08-27T10:13:47","slug":"les-investissements-surs","status":"publish","type":"page","link":"https:\/\/csnd-rdc.net\/en\/les-investissements-surs\/","title":{"rendered":"Safe investments"},"content":{"rendered":"<section id=\"s1n2\" class=\"section section1\">\n<p id=\"pa4\" class=\"para\" style=\"text-align: justify;\">The OHADA member states offer investors legal and judicial guarantees. From a legal point of view, the Community legislator has provided for modern rules applicable to companies, from their creation to their bankruptcy.<\/p>\n<p id=\"pa5\" class=\"para\" style=\"text-align: justify;\">Of the Uniform Acts in force, three are particularly important. Firstly, the Uniform Act relating to the Law on Commercial Companies and Economic Interest Groups sets out the framework for economic activities. It provides operators with various forms of company, ranging from partnerships to joint stock companies. OHADA legislators also authorise the creation of single-person companies in the form of a SARL or SA. Secondly, to ensure the timely performance of commitments, investors may take out real or personal guarantees under the Uniform Act on Securities. Finally, the third essential Uniform Act, on which the effectiveness of the others depends, concerns the organisation of simplified recovery procedures and enforcement measures. Its implementation should enable the rapid recovery of debts and the effective enforcement of judgements (De Saba, 2005).<\/p>\n<p id=\"pa6\" class=\"para\" style=\"text-align: justify;\">All the Uniform Acts adopted have the clear advantage of being mandatory and of direct application in the internal legal order of the OHADA States. Any national legislative or regulatory provision having the same purpose as the Uniform Acts is therefore repealed.<\/p>\n<p id=\"pa7\" class=\"para\" style=\"text-align: justify;\">The environment created by the new business law gives investors a clear view of the law applicable to their operations. As a result, they can anticipate the risks inherent in their activities. OHADA law therefore guarantees a degree of predictability in the settlement of disputes that was previously lacking.<\/p>\n<p id=\"pa8\" class=\"para\" style=\"text-align: justify;\">Ultimately, OHADA's legislative work as a whole aims to reassure investors. To the same end, the promoters of the new business law have not confined themselves to drafting legal standards. They have also sought to provide judicial guarantees as to their application.<\/p>\n<p class=\"para\" style=\"text-align: justify;\">The standardisation of the law initiated by OHADA would remain theoretical if the standards it enacts were applied and interpreted differently in the Member States. Legal unification necessarily had to be accompanied by judicial unification to guarantee economic operators the principle of equal treatment. A Common Court of Justice and Arbitration (CCJA), with diplomatic privileges and immunities, was therefore created. In practical terms, the settlement of disputes relating to the application of the Uniform Acts is, at first instance and on appeal, a matter for the courts of the Contracting States. Appeals on points of law are the exclusive domain of the CCJA, which has its headquarters in Abidjan (Republic of C\u00f4te d'Ivoire).<\/p>\n<\/section>","protected":false},"excerpt":{"rendered":"<p>Les \u00c9tats de l\u2019OHADA offrent aux investisseurs des garanties d\u2019ordre normatif et judiciaire. D\u2019un point de vue normatif, le l\u00e9gislateur communautaire a pr\u00e9vu des r\u00e8gles modernes applicables aux soci\u00e9t\u00e9s, depuis leur cr\u00e9ation jusqu\u2019\u00e0 leur faillite. Parmi les Actes uniformes en vigueur, trois sont particuli\u00e8rement importants. Premi\u00e8rement, l\u2019Acte uniforme relatif au droit des soci\u00e9t\u00e9s commerciales et [&hellip;]<\/p>","protected":false},"author":1,"featured_media":0,"parent":0,"menu_order":0,"comment_status":"closed","ping_status":"closed","template":"","meta":{"give_campaign_id":0,"inline_featured_image":false,"footnotes":""},"class_list":["post-6383","page","type-page","status-publish","hentry"],"yoast_head":"<!-- This site is optimized with the Yoast SEO plugin v26.1 - https:\/\/yoast.com\/wordpress\/plugins\/seo\/ -->\n<title>Les investissements s\u00fbrs - CSND Site Web Officiel<\/title>\n<meta name=\"description\" content=\"La capacit\u00e9 du continent africain \u00e0 mobiliser les fonds n\u00e9cessaires \u00e0 son d\u00e9veloppement est en dessous de z\u00e9ro en d\u00e9pit de ses atouts ...\" \/>\n<meta name=\"robots\" content=\"index, follow, max-snippet:-1, max-image-preview:large, max-video-preview:-1\" \/>\n<link rel=\"canonical\" href=\"https:\/\/csnd-rdc.net\/en\/les-investissements-surs\/\" \/>\n<meta property=\"og:locale\" content=\"en_GB\" \/>\n<meta property=\"og:type\" content=\"article\" \/>\n<meta property=\"og:title\" content=\"Les investissements s\u00fbrs - CSND Site Web Officiel\" \/>\n<meta property=\"og:description\" content=\"La capacit\u00e9 du continent africain \u00e0 mobiliser les fonds n\u00e9cessaires \u00e0 son d\u00e9veloppement est en dessous de z\u00e9ro en d\u00e9pit de ses atouts ...\" \/>\n<meta property=\"og:url\" content=\"https:\/\/csnd-rdc.net\/en\/les-investissements-surs\/\" \/>\n<meta property=\"og:site_name\" content=\"Conseil Strat\u00e9gique National pour le D\u00e9veloppement\" \/>\n<meta property=\"article:modified_time\" content=\"2021-08-27T10:13:47+00:00\" \/>\n<meta name=\"twitter:card\" content=\"summary_large_image\" \/>\n<meta name=\"twitter:label1\" content=\"Estimated reading time\" \/>\n\t<meta name=\"twitter:data1\" content=\"2 minutes\" \/>\n<script type=\"application\/ld+json\" class=\"yoast-schema-graph\">{\"@context\":\"https:\/\/schema.org\",\"@graph\":[{\"@type\":\"WebPage\",\"@id\":\"https:\/\/csnd-rdc.net\/les-investissements-surs\/\",\"url\":\"https:\/\/csnd-rdc.net\/les-investissements-surs\/\",\"name\":\"Les investissements s\u00fbrs - CSND Site Web Officiel\",\"isPartOf\":{\"@id\":\"https:\/\/csnd-rdc.net\/#website\"},\"datePublished\":\"2021-08-27T10:01:59+00:00\",\"dateModified\":\"2021-08-27T10:13:47+00:00\",\"description\":\"La capacit\u00e9 du continent africain \u00e0 mobiliser les fonds n\u00e9cessaires \u00e0 son d\u00e9veloppement est en dessous de z\u00e9ro en d\u00e9pit de ses atouts ...\",\"breadcrumb\":{\"@id\":\"https:\/\/csnd-rdc.net\/les-investissements-surs\/#breadcrumb\"},\"inLanguage\":\"en-GB\",\"potentialAction\":[{\"@type\":\"ReadAction\",\"target\":[\"https:\/\/csnd-rdc.net\/les-investissements-surs\/\"]}]},{\"@type\":\"BreadcrumbList\",\"@id\":\"https:\/\/csnd-rdc.net\/les-investissements-surs\/#breadcrumb\",\"itemListElement\":[{\"@type\":\"ListItem\",\"position\":1,\"name\":\"Accueil\",\"item\":\"https:\/\/csnd-rdc.net\/\"},{\"@type\":\"ListItem\",\"position\":2,\"name\":\"Les investissements s\u00fbrs\"}]},{\"@type\":\"WebSite\",\"@id\":\"https:\/\/csnd-rdc.net\/#website\",\"url\":\"https:\/\/csnd-rdc.net\/\",\"name\":\"Conseil Strat\u00e9gique National pour le D\u00e9veloppement\",\"description\":\"Site Web Officiel - D\u00e9velopp\u00e9 par E-Business Afrika Sarl\",\"potentialAction\":[{\"@type\":\"SearchAction\",\"target\":{\"@type\":\"EntryPoint\",\"urlTemplate\":\"https:\/\/csnd-rdc.net\/?s={search_term_string}\"},\"query-input\":{\"@type\":\"PropertyValueSpecification\",\"valueRequired\":true,\"valueName\":\"search_term_string\"}}],\"inLanguage\":\"en-GB\"}]}<\/script>\n<!-- \/ Yoast SEO plugin. -->","yoast_head_json":{"title":"Safe investments - CSND Official Website","description":"The African continent's capacity to mobilise the funds it needs for development is below zero, despite its strengths...","robots":{"index":"index","follow":"follow","max-snippet":"max-snippet:-1","max-image-preview":"max-image-preview:large","max-video-preview":"max-video-preview:-1"},"canonical":"https:\/\/csnd-rdc.net\/en\/les-investissements-surs\/","og_locale":"en_GB","og_type":"article","og_title":"Les investissements s\u00fbrs - CSND Site Web Officiel","og_description":"La capacit\u00e9 du continent africain \u00e0 mobiliser les fonds n\u00e9cessaires \u00e0 son d\u00e9veloppement est en dessous de z\u00e9ro en d\u00e9pit de ses atouts ...","og_url":"https:\/\/csnd-rdc.net\/en\/les-investissements-surs\/","og_site_name":"Conseil Strat\u00e9gique National pour le D\u00e9veloppement","article_modified_time":"2021-08-27T10:13:47+00:00","twitter_card":"summary_large_image","twitter_misc":{"Estimated reading time":"2 minutes"},"schema":{"@context":"https:\/\/schema.org","@graph":[{"@type":"WebPage","@id":"https:\/\/csnd-rdc.net\/les-investissements-surs\/","url":"https:\/\/csnd-rdc.net\/les-investissements-surs\/","name":"Safe investments - CSND Official Website","isPartOf":{"@id":"https:\/\/csnd-rdc.net\/#website"},"datePublished":"2021-08-27T10:01:59+00:00","dateModified":"2021-08-27T10:13:47+00:00","description":"The African continent's capacity to mobilise the funds it needs for development is below zero, despite its strengths...","breadcrumb":{"@id":"https:\/\/csnd-rdc.net\/les-investissements-surs\/#breadcrumb"},"inLanguage":"en-GB","potentialAction":[{"@type":"ReadAction","target":["https:\/\/csnd-rdc.net\/les-investissements-surs\/"]}]},{"@type":"BreadcrumbList","@id":"https:\/\/csnd-rdc.net\/les-investissements-surs\/#breadcrumb","itemListElement":[{"@type":"ListItem","position":1,"name":"Accueil","item":"https:\/\/csnd-rdc.net\/"},{"@type":"ListItem","position":2,"name":"Les investissements s\u00fbrs"}]},{"@type":"WebSite","@id":"https:\/\/csnd-rdc.net\/#website","url":"https:\/\/csnd-rdc.net\/","name":"National Strategic Council for Development","description":"Official Website - Developed by E-Business Afrika Sarl","potentialAction":[{"@type":"SearchAction","target":{"@type":"EntryPoint","urlTemplate":"https:\/\/csnd-rdc.net\/?s={search_term_string}"},"query-input":{"@type":"PropertyValueSpecification","valueRequired":true,"valueName":"search_term_string"}}],"inLanguage":"en-GB"}]}},"campaignId":"","_links":{"self":[{"href":"https:\/\/csnd-rdc.net\/en\/wp-json\/wp\/v2\/pages\/6383","targetHints":{"allow":["GET"]}}],"collection":[{"href":"https:\/\/csnd-rdc.net\/en\/wp-json\/wp\/v2\/pages"}],"about":[{"href":"https:\/\/csnd-rdc.net\/en\/wp-json\/wp\/v2\/types\/page"}],"author":[{"embeddable":true,"href":"https:\/\/csnd-rdc.net\/en\/wp-json\/wp\/v2\/users\/1"}],"replies":[{"embeddable":true,"href":"https:\/\/csnd-rdc.net\/en\/wp-json\/wp\/v2\/comments?post=6383"}],"version-history":[{"count":0,"href":"https:\/\/csnd-rdc.net\/en\/wp-json\/wp\/v2\/pages\/6383\/revisions"}],"wp:attachment":[{"href":"https:\/\/csnd-rdc.net\/en\/wp-json\/wp\/v2\/media?parent=6383"}],"curies":[{"name":"wp","href":"https:\/\/api.w.org\/{rel}","templated":true}]}}