{"id":7232,"date":"2021-10-11T11:54:15","date_gmt":"2021-10-11T10:54:15","guid":{"rendered":"https:\/\/www.csnd-rdc.net\/?page_id=7232"},"modified":"2021-11-21T22:01:03","modified_gmt":"2021-11-21T21:01:03","slug":"agroalimentaire","status":"publish","type":"page","link":"https:\/\/csnd-rdc.net\/ar\/agroalimentaire\/","title":{"rendered":"\u0635\u0646\u0627\u0639\u0629 \u0627\u0644\u0623\u063a\u0630\u064a\u0629"},"content":{"rendered":"<p style=\"text-align: justify;\"><img fetchpriority=\"high\" decoding=\"async\" class=\"size-medium wp-image-7234 alignleft\" src=\"https:\/\/csnd-rdc.net\/wp-content\/uploads\/2021\/10\/Ferme-de-FUTUKA-300x225.jpg\" alt=\"\" width=\"300\" height=\"225\" srcset=\"https:\/\/csnd-rdc.net\/wp-content\/uploads\/2021\/10\/Ferme-de-FUTUKA-300x225.jpg 300w, https:\/\/csnd-rdc.net\/wp-content\/uploads\/2021\/10\/Ferme-de-FUTUKA-768x576.jpg 768w, https:\/\/csnd-rdc.net\/wp-content\/uploads\/2021\/10\/Ferme-de-FUTUKA-600x450.jpg 600w, https:\/\/csnd-rdc.net\/wp-content\/uploads\/2021\/10\/Ferme-de-FUTUKA.jpg 960w\" sizes=\"(max-width: 300px) 100vw, 300px\" \/>\u0644\u0648\u00a0<b>\u0642\u0637\u0627\u0639 \u0627\u0644\u0623\u063a\u0630\u064a\u0629 \u0627\u0644\u0632\u0631\u0627\u0639\u064a\u0629<\/b>\u00a0\u0623\u0648\u00a0<b>\u0635\u0646\u0627\u0639\u0629 \u0627\u0644\u0623\u063a\u0630\u064a\u0629<\/b><sup id=\"cite_ref-1\" class=\"reference\"><a href=\"https:\/\/fr.wikipedia.org\/wiki\/Secteur_agroalimentaire#cite_note-1\">1<\/a><\/sup>\u00a0\u0623\u0648 \u062d\u062a\u0649\u00a0<b>\u0645\u062c\u0645\u0639 \u0627\u0644\u0635\u0646\u0627\u0639\u0627\u062a \u0627\u0644\u0632\u0631\u0627\u0639\u064a\u0629<\/b>\u00a0\u0647\u0648 \u0642\u0637\u0627\u0639 \u0627\u0644\u0646\u0634\u0627\u0637 \u0627\u0644\u0645\u0646\u0627\u0638\u0631 \u0644\u062c\u0645\u064a\u0639 \u0627\u0644\u0634\u0631\u0643\u0627\u062a \u0641\u064a \u0627\u0644\u0642\u0637\u0627\u0639 \u0627\u0644\u0623\u0648\u0644\u064a (\u0642\u0637\u0627\u0639\u00a0<a title=\"\u0627\u0644\u0632\u0631\u0627\u0639\u0629\" href=\"https:\/\/fr.wikipedia.org\/wiki\/Exploitation_agricole\">\u0627\u0644\u0645\u0632\u0627\u0631\u0639<\/a>) \u0627\u0644\u062a\u064a \u062a\u0646\u062a\u062c\u00a0<a class=\"mw-redirect\" title=\"\u0645\u0646\u062a\u062c \u063a\u0630\u0627\u0626\u064a\" href=\"https:\/\/fr.wikipedia.org\/wiki\/Produit_alimentaire\">\u0627\u0644\u0637\u0639\u0627\u0645<\/a>\u00a0\u0648\u0627\u0644\u062b\u0627\u0646\u0648\u064a (\u0627\u0644<a title=\"\u0635\u0646\u0627\u0639\u0629 \u0627\u0644\u0623\u063a\u0630\u064a\u0629\" href=\"https:\/\/fr.wikipedia.org\/wiki\/Industrie_agroalimentaire\">\u0635\u0646\u0627\u0639\u0629 \u0627\u0644\u0623\u063a\u0630\u064a\u0629<\/a>) \u0648\u0627\u0644\u062a\u064a \u062a\u062d\u0648\u0644\u0647\u0627 \u0625\u0644\u0649\u00a0<a title=\"\u0627\u0644\u0623\u063a\u0630\u064a\u0629 \u0627\u0644\u0635\u0646\u0627\u0639\u064a\u0629\" href=\"https:\/\/fr.wikipedia.org\/wiki\/Aliment_industriel\">\u0627\u0644\u0623\u063a\u0630\u064a\u0629 \u0627\u0644\u0635\u0646\u0627\u0639\u064a\u0629<\/a>.<\/p>\n<p style=\"text-align: justify;\">\u0648\u064a\u0634\u0645\u0644 \u0645\u062c\u0645\u0648\u0639\u062a\u064a\u0646 (\u0644\u0627 \u064a\u0634\u0645\u0644 \u0630\u0644\u0643 \u0627\u0644\u062c\u0632\u0621 \u0645\u0646 \u0627\u0644\u0642\u0637\u0627\u0639 \u0627\u0644\u0632\u0631\u0627\u0639\u064a \u0627\u0644\u0645\u0643\u0648\u0646 \u0645\u0646 \u0627\u0644\u0645\u0646\u062a\u062c\u064a\u0646 \u0627\u0644\u0632\u0631\u0627\u0639\u064a\u064a\u0646 \u0648\u0645\u0646\u062a\u062c\u0627\u062a\u0647\u0645 \u0627\u0644\u0632\u0631\u0627\u0639\u064a\u0629 \u0627\u0644\u0635\u063a\u064a\u0631\u0629 \u0627\u0644\u062d\u062c\u0645 \u0627\u0644\u062a\u064a \u0644\u0627 \u062d\u0635\u0631 \u0644\u0647\u0627 \u0648\u0627\u0644\u062a\u062d\u0648\u064a\u0644\u0627\u062a \u0627\u0644\u062a\u064a \u064a\u062a\u0645 \u062a\u0633\u0648\u064a\u0642\u0647\u0627 \u0641\u064a\u00a0<a title=\"\u0627\u0644\u0645\u0628\u064a\u0639\u0627\u062a \u0627\u0644\u0645\u0628\u0627\u0634\u0631\u0629\" href=\"https:\/\/fr.wikipedia.org\/wiki\/Vente_directe\">\u0627\u0644\u0628\u064a\u0639 \u0627\u0644\u0645\u0628\u0627\u0634\u0631<\/a>)\u00a0:<\/p>\n<ul style=\"text-align: justify;\">\n<li>\u0641\u0625\u0646\u00a0<a title=\"\u0645\u0632\u0627\u0631\u0639\" href=\"https:\/\/fr.wikipedia.org\/wiki\/Agriculteur\">\u0627\u0644\u0642\u0637\u0627\u0639 \u0627\u0644\u0632\u0631\u0627\u0639\u064a<\/a>\u0648\u0627\u0644\u062a\u064a\u00a0<a title=\"\u0627\u0644\u062a\u0631\u0628\u064a\u0629\" href=\"https:\/\/fr.wikipedia.org\/wiki\/%C3%89levage\">\u0637\u0627\u0644\u0628<\/a>\u00a0\u0641\u0625\u0646\u00a0<a title=\"\u0627\u0644\u062b\u0631\u0648\u0629 \u0627\u0644\u062d\u064a\u0648\u0627\u0646\u064a\u0629\" href=\"https:\/\/fr.wikipedia.org\/wiki\/B%C3%A9tail\">\u0627\u0644\u0645\u0627\u0634\u064a\u0629<\/a>\u00a0(\u0642\u0637\u0639\u0627\u0646 \u0645\u062a\u0648\u0633\u0637\u0629 \u0625\u0644\u0649 \u0643\u0628\u064a\u0631\u0629)\u060c \u0648\u0632\u0631\u0627\u0639\u0629 \u0627\u0644\u0645\u062d\u0627\u0635\u064a\u0644 (\u0627\u0644\u0632\u0631\u0627\u0639\u0629 \u0627\u0644\u0635\u0627\u0644\u062d\u0629 \u0644\u0644\u0632\u0631\u0627\u0639\u0629) \u0648\u0628\u064a\u0639 \u0645\u0646\u062a\u062c\u0627\u062a\u00a0<a class=\"mw-redirect\" title=\"\u0627\u0644\u0645\u0646\u062a\u062c\u0627\u062a \u0627\u0644\u0632\u0631\u0627\u0639\u064a\u0629\" href=\"https:\/\/fr.wikipedia.org\/wiki\/Produit_agricole\">\u0645\u0646\u062a\u062c\u0627\u062a \u0627\u0644\u0645\u0632\u0631\u0639\u0629<\/a>\u00a0\u062a\u0645 \u0627\u0644\u062d\u0635\u0648\u0644 \u0639\u0644\u064a\u0647\u0627 \u0645\u0646 \u0635\u0646\u0627\u0639\u0629 \u0627\u0644\u0623\u063a\u0630\u064a\u0629 \u0627\u0644\u0632\u0631\u0627\u0639\u064a\u0629;<\/li>\n<li>l'<a title=\"\u0635\u0646\u0627\u0639\u0629 \u0627\u0644\u0623\u063a\u0630\u064a\u0629\" href=\"https:\/\/fr.wikipedia.org\/wiki\/Industrie_agroalimentaire\">\u0635\u0646\u0627\u0639\u0629 \u0627\u0644\u0623\u063a\u0630\u064a\u0629<\/a>\u0627\u0644\u062a\u064a \u062a\u062d\u0648\u0644 \u0627\u0644\u0645\u0627\u0634\u064a\u0629 \u0648\u0627\u0644\u0646\u0628\u0627\u062a\u0627\u062a \u0627\u0644\u0645\u0632\u0631\u0648\u0639\u0629 \u0625\u0644\u0649 \u0645\u0646\u062a\u062c\u0627\u062a \u063a\u0630\u0627\u0626\u064a\u0629 \u0635\u0646\u0627\u0639\u064a\u0629.<\/li>\n<\/ul>\n<p style=\"text-align: justify;\">\u0647\u0630\u0627 \u0627\u0644\u0642\u0637\u0627\u0639 \u0645\u0646 \u0627\u0644\u0646\u0634\u0627\u0637 \u0644\u0647 \u0627\u0642\u062a\u0635\u0627\u062f\u0647 \u0627\u0644\u062e\u0627\u0635\u060c \u062d\u064a\u062b \u064a\u062c\u0645\u0639 \u0628\u064a\u0646 \u0623\u0646\u0634\u0637\u0629\u00a0<a title=\"\u0635\u0646\u0627\u0639\u0629 \u0627\u0644\u0645\u0639\u0627\u0644\u062c\u0629\" href=\"https:\/\/fr.wikipedia.org\/wiki\/Industrie_de_transformation\">\u0627\u0644\u062a\u062d\u0648\u0644<\/a>\u00a0\u0648\u00a0<a class=\"mw-redirect\" title=\"\u0627\u0644\u062a\u0633\u0648\u064a\u0642\" href=\"https:\/\/fr.wikipedia.org\/wiki\/Commercialisation\">\u0627\u0644\u062a\u0633\u0648\u064a\u0642<\/a>\u00a0\u0627\u0644\u0645\u0646\u062a\u062c\u0627\u062a \u0627\u0644\u063a\u0630\u0627\u0626\u064a\u0629 \u0627\u0644\u0632\u0631\u0627\u0639\u064a\u0629 \u0645\u062b\u0644\u00a0<a title=\"\u0645\u0646\u062a\u062c\u0627\u062a \u0627\u0644\u0623\u0644\u0628\u0627\u0646\" href=\"https:\/\/fr.wikipedia.org\/wiki\/Produit_laitier\">\u0645\u0646\u062a\u062c\u0627\u062a \u0627\u0644\u0623\u0644\u0628\u0627\u0646<\/a>\u00a0\u0627\u0644\u0635\u0646\u0627\u0639\u064a\u064a\u0646.<\/p>\n<p style=\"text-align: justify;\">\u062b\u0642\u0627\u0641\u0627\u062a<a title=\"\u0623\u063a\u0631\u0648\u0631\u064a\u0633\u0648\u0631\u0633\u0648\u0631\u0633\" href=\"https:\/\/fr.wikipedia.org\/wiki\/Agroressource\">\u0627\u0644\u0645\u0648\u0627\u0631\u062f \u0627\u0644\u0632\u0631\u0627\u0639\u064a\u0629<\/a>\u00a0\u0644\u0644\u0623\u063a\u0631\u0627\u0636 \u063a\u064a\u0631 \u0627\u0644\u063a\u0630\u0627\u0626\u064a\u0629 (\u0627\u0644\u0645\u0633\u062a\u062d\u0636\u0631\u0627\u062a \u0627\u0644\u0635\u064a\u062f\u0644\u0627\u0646\u064a\u0629 \u0648\u0627\u0644\u0643\u064a\u0645\u0627\u0648\u064a\u0627\u062a \u0648\u0627\u0644\u0645\u0646\u0633\u0648\u062c\u0627\u062a \u0648\u0627\u0644\u0637\u0627\u0642\u0629)\u060c \u0639\u0644\u0649 \u0627\u0644\u0631\u063a\u0645 \u0645\u0646 \u0627\u0631\u062a\u0628\u0627\u0637\u0647\u0627 \u0628\u0642\u0637\u0627\u0639\u0627\u062a \u0645\u062d\u062f\u062f\u0629.\u00a0<a title=\"\u0627\u0644\u0635\u0646\u0627\u0639\u0629 \u0627\u0644\u0632\u0631\u0627\u0639\u064a\u0629\" href=\"https:\/\/fr.wikipedia.org\/wiki\/Agro-industrie\">\u0635\u0646\u0627\u0639\u0627\u062a \u0632\u0631\u0627\u0639\u064a\u0629 \u0635\u0646\u0627\u0639\u064a\u0629<\/a>\u00a0\u062a\u0638\u0644 \u062c\u0632\u0621\u064b\u0627 \u0645\u0646 \u062e\u0637 \u0627\u0644\u0623\u0639\u0645\u0627\u0644 \u0627\u0644\u0639\u0627\u0645 \u0647\u0630\u0627.<\/p>\n<p style=\"text-align: justify;\">\u0623\u0648 \u0627\u0644\u0645\u0635\u0627\u0646\u0639 \u0627\u0644\u062a\u064a \u062a\u0639\u0627\u0644\u062c \u0627\u0644\u0645\u0646\u062a\u062c\u0627\u062a \u0627\u0644\u0632\u0631\u0627\u0639\u064a\u0629 \u0644\u062a\u062d\u0648\u064a\u0644\u0647\u0627 \u0625\u0644\u0649 \u0637\u0639\u0627\u0645 \u062c\u0627\u0647\u0632 \u0644\u0644\u0623\u0643\u0644.<\/p>\n<p><strong>\u0645\u0632\u0631\u0639\u0629 \u0641\u0648\u062a\u0648\u0643\u0627<\/strong><\/p>\n<p><iframe title=\"\u0645\u0648\u064a\u0633 \u0643\u0627\u062a\u0648\u0645\u0628\u064a \u064a\u0633\u062a\u0642\u0628\u0644 \u0627\u0644\u062f\u0628\u0644\u0648\u0645\u0627\u0633\u064a\u064a\u0646 \u0627\u0644\u0633\u0648\u064a\u062f\u064a\u064a\u0646 \u0648\u0627\u0644\u0643\u0646\u062f\u064a\u064a\u0646 \u0641\u064a \u0645\u0632\u0631\u0639\u062a\u0647 \u0641\u064a \u0641\u0648\u062a\u0648\u0643\u0627\" width=\"800\" height=\"450\" src=\"https:\/\/www.youtube.com\/embed\/9Ed3r0Vct7Q?feature=oembed\" frameborder=\"0\" allow=\"accelerometer; autoplay; clipboard-write; encrypted-media; gyroscope; picture-in-picture\" allowfullscreen><\/iframe><\/p>\n<h1>\u0645\u0632\u0631\u0639\u0629 \u0641\u0648\u062a\u0648\u0643\u0627<\/h1>\n<p style=\"text-align: justify;\"><a href=\"http:\/\/www.katanga-tourisme.org\/files\/2013\/03\/030052012170121000000JA2681p071_01.jpg\"><img decoding=\"async\" class=\"size-medium wp-image-1371 alignleft\" src=\"https:\/\/csnd-rdc.net\/wp-content\/uploads\/2021\/11\/030052012170121000000ja2681p071_01-300x171.jpg\" sizes=\"(max-width: 257px) 100vw, 257px\" srcset=\"https:\/\/www.katanga-tourisme.org\/files\/2013\/03\/030052012170121000000JA2681p071_01-300x171.jpg 300w, https:\/\/www.katanga-tourisme.org\/files\/2013\/03\/030052012170121000000JA2681p071_01.jpg 350w\" alt=\"030052012170121000000JA2681p071_01\" width=\"257\" height=\"146\" \/><\/a><span class=\"dropcap2 black\">L<\/span>\u062a\u0642\u0639 \u0645\u0632\u0631\u0639\u0629 \u0641\u0648\u062a\u0648\u0643\u0627 \u0639\u0644\u0649 \u0628\u0639\u062f 70 \u0643\u0645 \u0645\u0646\u00a0<a href=\"http:\/\/www.katanga-tourisme.org\/index.php\/lubumbashi\/\" target=\"_blank\" rel=\"noopener\">\u0644\u0648\u0628\u0648\u0645\u0628\u0627\u0634\u064a\u00a0<\/a>\u0639\u0644\u0649 \u0627\u0644\u0637\u0631\u064a\u0642 \u0625\u0644\u0649\u00a0<strong>\u0643\u0627\u0633\u064a\u0646\u062c\u0627<\/strong>\u00a0\u0647\u0630\u0627 \u0645\u0646 \u0627\u062e\u062a\u0635\u0627\u0635 \u062d\u0627\u0643\u0645 \u0627\u0644\u0645\u0642\u0627\u0637\u0639\u0629,\u00a0<a href=\"http:\/\/fr.wikipedia.org\/wiki\/Mo%C3%AFse_Katumbi_Chapwe\" target=\"_blank\" rel=\"noopener\">\u0645\u0648\u064a\u0633 \u0643\u0627\u062a\u0648\u0645\u0628\u064a<\/a>. \u062a\u0639\u062a\u0632\u0645 \u0627\u0644\u0645\u062c\u0645\u0648\u0639\u0629 \u0623\u0646 \u062a\u0643\u0648\u0646 \u0645\u062b\u0627\u0644\u0627\u064b \u064a\u062d\u062a\u0630\u0649 \u0628\u0647 \u0645\u0646 \u062e\u0644\u0627\u0644 \u0627\u0644\u0627\u0633\u062a\u062b\u0645\u0627\u0631 \u0641\u064a\u00a0<strong>\u0627\u0644\u0628\u0646\u0649 \u0627\u0644\u062a\u062d\u062a\u064a\u0629<\/strong>\u00a0<strong>\u0627\u0644\u0632\u0631\u0627\u0639\u0629<\/strong>\u00a0\u0644\u0632\u064a\u0627\u062f\u0629 \u0627\u0644\u0645\u062d\u0627\u0635\u064a\u0644 \u0648\u0627\u0644\u0625\u0646\u062a\u0627\u062c \u0627\u0644\u0645\u062d\u0644\u064a \u0639\u0644\u0649 \u0646\u0637\u0627\u0642\u00a0<strong>\u0627\u0644\u0645\u062d\u0627\u0641\u0638\u0629<\/strong>\u0643\u062c\u0632\u0621 \u0645\u0646\u00a0<strong>\u0627\u0644\u0627\u0644\u062a\u0632\u0627\u0645 \u0627\u0644\u0632\u0631\u0627\u0639\u064a<\/strong>.<\/p>\n<p style=\"text-align: justify;\">\u0648\u0628\u0647\u0630\u0647 \u0627\u0644\u0637\u0631\u064a\u0642\u0629\u060c \u0641\u0625\u0646 \u0627\u0644\u0647\u062f\u0641 \u0637\u0648\u064a\u0644 \u0627\u0644\u0623\u062c\u0644 \u0647\u0648 \u062a\u0642\u0644\u064a\u0644 \u0627\u0644\u0648\u0627\u0631\u062f\u0627\u062a \u0645\u0639 \u0636\u0645\u0627\u0646 \u0627\u0644\u062d\u062f \u0627\u0644\u0623\u062f\u0646\u0649 \u0645\u0646 \u0627\u0644\u0633\u0644\u0627\u0645\u0629.<strong>\u0627\u0644\u0627\u0643\u062a\u0641\u0627\u0621 \u0627\u0644\u0630\u0627\u062a\u064a<\/strong>\u00a0<strong>\u0627\u0644\u0637\u0639\u0627\u0645<\/strong>\u00a0\u0641\u064a \u0647\u0630\u0627 \u0627\u0644\u062c\u0632\u0621 \u0627\u0644\u0645\u0632\u062f\u0647\u0631 \u0628\u0634\u0643\u0644 \u062e\u0627\u0635 \u0645\u0646 \u0627\u0644\u0628\u0644\u0627\u062f.<\/p>\n<p style=\"text-align: justify;\"><span class=\"dropcap2 black\">C<\/span>\u0645\u062c\u0627\u0644\u0647 \u0647\u0648 \u0646\u0648\u0639 \u0645\u0646\u00a0<strong>\u0645\u0634\u0631\u0648\u0639 \u062a\u062c\u0631\u064a\u0628\u064a<\/strong>\u00a0\u0639\u0644\u0649 \u0645\u0633\u062a\u0648\u0649\u00a0<strong>\u0627\u0644\u0633\u064a\u0627\u062d\u0629 \u0627\u0644\u0628\u064a\u0626\u064a\u0629<\/strong>\u00a0\u0648\u00a0<strong>\u0627\u0644\u062a\u0646\u0645\u064a\u0629 \u0627\u0644\u0645\u0633\u062a\u062f\u0627\u0645\u0629<\/strong>\u00a0(\u0645\u062d\u0637\u0629 \u0627\u0644\u0637\u0627\u0642\u0629 \u0627\u0644\u0635\u063a\u0631\u0649 \u0627\u0644\u062a\u064a \u062a\u0632\u0648\u062f \u0627\u0644\u0645\u0648\u0642\u0639 \u0648\u0642\u0631\u064a\u0628\u0627\u064b \u0645\u0631\u0643\u0632<strong>\u00a0\u0627\u0644\u0635\u062d\u0629 \u0627\u0644\u0645\u062d\u0644\u064a\u0629<\/strong>\u00a0\u0642\u0631\u064a\u0628\u0629\u061b \u0622\u0628\u0627\u0631 \u0627\u0644\u0623\u0644\u0648\u0627\u062d \u0627\u0644\u0634\u0645\u0633\u064a\u0629...).<\/p>\n<p style=\"text-align: justify;\">\u064a\u0642\u0639 \u0627\u0644\u0645\u0648\u0642\u0639 \u0639\u0644\u0649 \u0637\u0648\u0644 \u0646\u0647\u0631 \u0643\u0627\u0634\u0648\u0628\u0648\u064a \u0648\u0647\u0648 \u0645\u0641\u062a\u0648\u062d \u0644\u0644\u0632\u0648\u0627\u0631. \u064a\u0645\u0643\u0646\u0643 \u0627\u0644\u0635\u064a\u062f \u0648\u0627\u0644\u062a\u062e\u064a\u064a\u0645 \u0648\u062d\u062a\u0649 \u0627\u0644\u0630\u0647\u0627\u0628 \u0644\u0644\u0635\u064a\u062f.\u00a0<strong>\u0643\u0631\u0627\u062a \u0627\u0644\u0637\u0644\u0627\u0621<\/strong>. \u064a\u0645\u0643\u0646 \u0623\u064a\u0636\u064b\u0627 \u0631\u0624\u064a\u0629 \u0627\u0644\u062d\u064a\u0648\u0627\u0646\u0627\u062a (\u0627\u0644\u0638\u0628\u0627\u0621\u060c \u0625\u0644\u062e).<\/p>","protected":false},"excerpt":{"rendered":"<p>Le\u00a0secteur agroalimentaire\u00a0ou\u00a0secteur agro-alimentaire1\u00a0ou encore\u00a0complexe agro-industriel\u00a0est un secteur d&rsquo;activit\u00e9 correspondant \u00e0 l&rsquo;ensemble des entreprises des secteurs primaire (les\u00a0exploitations agricoles) qui produisent des\u00a0aliments\u00a0et secondaire (l&rsquo;industrie agroalimentaire) qui transforment ceux-ci en\u00a0aliments industriels. Il regroupe deux ensembles (n&rsquo;est pas comptabilis\u00e9 la part de secteur agricole compos\u00e9 des producteurs fermiers et leurs innombrables productions et transformations fermi\u00e8res de faibles volumes [&hellip;]<\/p>","protected":false},"author":1,"featured_media":0,"parent":0,"menu_order":0,"comment_status":"closed","ping_status":"closed","template":"","meta":{"give_campaign_id":0,"inline_featured_image":false,"footnotes":""},"class_list":["post-7232","page","type-page","status-publish","hentry"],"yoast_head":"<!-- This site is optimized with the Yoast SEO plugin v26.1 - https:\/\/yoast.com\/wordpress\/plugins\/seo\/ -->\n<title>Agroalimentaire - Conseil Strat\u00e9gique National pour le D\u00e9veloppement<\/title>\n<meta name=\"description\" content=\"Le secteur agroalimentaire ou secteur agro-alimentaire ou encore complexe agro-industriel est un secteur d&#039;activit\u00e9 correspondant \u00e0 l&#039;ense...\" \/>\n<meta name=\"robots\" content=\"index, follow, max-snippet:-1, max-image-preview:large, max-video-preview:-1\" \/>\n<link rel=\"canonical\" href=\"https:\/\/csnd-rdc.net\/ar\/agroalimentaire\/\" \/>\n<meta property=\"og:locale\" content=\"ar_AR\" \/>\n<meta property=\"og:type\" content=\"article\" \/>\n<meta property=\"og:title\" content=\"Agroalimentaire - Conseil Strat\u00e9gique National pour le D\u00e9veloppement\" \/>\n<meta property=\"og:description\" content=\"Le secteur agroalimentaire ou secteur agro-alimentaire ou encore complexe agro-industriel est un secteur d&#039;activit\u00e9 correspondant \u00e0 l&#039;ense...\" \/>\n<meta property=\"og:url\" content=\"https:\/\/csnd-rdc.net\/ar\/agroalimentaire\/\" \/>\n<meta property=\"og:site_name\" content=\"Conseil Strat\u00e9gique National pour le D\u00e9veloppement\" \/>\n<meta property=\"article:modified_time\" content=\"2021-11-21T21:01:03+00:00\" \/>\n<meta property=\"og:image\" content=\"https:\/\/csnd-rdc.net\/wp-content\/uploads\/2021\/10\/Ferme-de-FUTUKA-300x225.jpg\" \/>\n<meta name=\"twitter:card\" content=\"summary_large_image\" \/>\n<meta name=\"twitter:label1\" content=\"\u0648\u0642\u062a \u0627\u0644\u0642\u0631\u0627\u0621\u0629 \u0627\u0644\u0645\u064f\u0642\u062f\u0651\u0631\" \/>\n\t<meta name=\"twitter:data1\" content=\"\u062f\u0642\u064a\u0642\u062a\u0627\u0646\" \/>\n<script type=\"application\/ld+json\" class=\"yoast-schema-graph\">{\"@context\":\"https:\/\/schema.org\",\"@graph\":[{\"@type\":\"WebPage\",\"@id\":\"https:\/\/csnd-rdc.net\/agroalimentaire\/\",\"url\":\"https:\/\/csnd-rdc.net\/agroalimentaire\/\",\"name\":\"Agroalimentaire - Conseil Strat\u00e9gique National pour le D\u00e9veloppement\",\"isPartOf\":{\"@id\":\"https:\/\/csnd-rdc.net\/#website\"},\"primaryImageOfPage\":{\"@id\":\"https:\/\/csnd-rdc.net\/agroalimentaire\/#primaryimage\"},\"image\":{\"@id\":\"https:\/\/csnd-rdc.net\/agroalimentaire\/#primaryimage\"},\"thumbnailUrl\":\"https:\/\/csnd-rdc.net\/wp-content\/uploads\/2021\/10\/Ferme-de-FUTUKA-300x225.jpg\",\"datePublished\":\"2021-10-11T10:54:15+00:00\",\"dateModified\":\"2021-11-21T21:01:03+00:00\",\"description\":\"Le secteur agroalimentaire ou secteur agro-alimentaire ou encore complexe agro-industriel est un secteur d'activit\u00e9 correspondant \u00e0 l'ense...\",\"breadcrumb\":{\"@id\":\"https:\/\/csnd-rdc.net\/agroalimentaire\/#breadcrumb\"},\"inLanguage\":\"ar\",\"potentialAction\":[{\"@type\":\"ReadAction\",\"target\":[\"https:\/\/csnd-rdc.net\/agroalimentaire\/\"]}]},{\"@type\":\"ImageObject\",\"inLanguage\":\"ar\",\"@id\":\"https:\/\/csnd-rdc.net\/agroalimentaire\/#primaryimage\",\"url\":\"https:\/\/csnd-rdc.net\/wp-content\/uploads\/2021\/10\/Ferme-de-FUTUKA-300x225.jpg\",\"contentUrl\":\"https:\/\/csnd-rdc.net\/wp-content\/uploads\/2021\/10\/Ferme-de-FUTUKA-300x225.jpg\"},{\"@type\":\"BreadcrumbList\",\"@id\":\"https:\/\/csnd-rdc.net\/agroalimentaire\/#breadcrumb\",\"itemListElement\":[{\"@type\":\"ListItem\",\"position\":1,\"name\":\"Accueil\",\"item\":\"https:\/\/csnd-rdc.net\/\"},{\"@type\":\"ListItem\",\"position\":2,\"name\":\"Agroalimentaire\"}]},{\"@type\":\"WebSite\",\"@id\":\"https:\/\/csnd-rdc.net\/#website\",\"url\":\"https:\/\/csnd-rdc.net\/\",\"name\":\"Conseil Strat\u00e9gique National pour le D\u00e9veloppement\",\"description\":\"Site Web Officiel - D\u00e9velopp\u00e9 par E-Business Afrika Sarl\",\"potentialAction\":[{\"@type\":\"SearchAction\",\"target\":{\"@type\":\"EntryPoint\",\"urlTemplate\":\"https:\/\/csnd-rdc.net\/?s={search_term_string}\"},\"query-input\":{\"@type\":\"PropertyValueSpecification\",\"valueRequired\":true,\"valueName\":\"search_term_string\"}}],\"inLanguage\":\"ar\"}]}<\/script>\n<!-- \/ Yoast SEO plugin. -->","yoast_head_json":{"title":"\u0627\u0644\u0632\u0631\u0627\u0639\u0629 \u0627\u0644\u063a\u0630\u0627\u0626\u064a\u0629 - \u0627\u0644\u0645\u062c\u0644\u0633 \u0627\u0644\u0648\u0637\u0646\u064a \u0627\u0644\u0627\u0633\u062a\u0631\u0627\u062a\u064a\u062c\u064a \u0644\u0644\u062a\u0646\u0645\u064a\u0629 \u0627\u0644\u0632\u0631\u0627\u0639\u064a\u0629","description":"\u0642\u0637\u0627\u0639 \u0627\u0644\u0623\u063a\u0630\u064a\u0629 \u0627\u0644\u0632\u0631\u0627\u0639\u064a\u0629 \u0623\u0648 \u0642\u0637\u0627\u0639 \u0627\u0644\u0623\u063a\u0630\u064a\u0629 \u0627\u0644\u0632\u0631\u0627\u0639\u064a\u0629 \u0623\u0648 \u0642\u0637\u0627\u0639 \u0627\u0644\u0623\u063a\u0630\u064a\u0629 \u0627\u0644\u0632\u0631\u0627\u0639\u064a\u0629 \u0623\u0648 \u0627\u0644\u0645\u062c\u0645\u0639 \u0627\u0644\u0632\u0631\u0627\u0639\u064a \u0627\u0644\u0635\u0646\u0627\u0639\u064a \u0647\u0648 \u0642\u0637\u0627\u0639 \u0646\u0634\u0627\u0637 \u064a\u0642\u0627\u0628\u0644 \u0635\u0646\u0627\u0639\u0629 \u0627\u0644\u0623\u063a\u0630\u064a\u0629.","robots":{"index":"index","follow":"follow","max-snippet":"max-snippet:-1","max-image-preview":"max-image-preview:large","max-video-preview":"max-video-preview:-1"},"canonical":"https:\/\/csnd-rdc.net\/ar\/agroalimentaire\/","og_locale":"ar_AR","og_type":"article","og_title":"Agroalimentaire - Conseil Strat\u00e9gique National pour le D\u00e9veloppement","og_description":"Le secteur agroalimentaire ou secteur agro-alimentaire ou encore complexe agro-industriel est un secteur d'activit\u00e9 correspondant \u00e0 l'ense...","og_url":"https:\/\/csnd-rdc.net\/ar\/agroalimentaire\/","og_site_name":"Conseil Strat\u00e9gique National pour le D\u00e9veloppement","article_modified_time":"2021-11-21T21:01:03+00:00","og_image":[{"url":"https:\/\/csnd-rdc.net\/wp-content\/uploads\/2021\/10\/Ferme-de-FUTUKA-300x225.jpg","type":"","width":"","height":""}],"twitter_card":"summary_large_image","twitter_misc":{"\u0648\u0642\u062a \u0627\u0644\u0642\u0631\u0627\u0621\u0629 \u0627\u0644\u0645\u064f\u0642\u062f\u0651\u0631":"\u062f\u0642\u064a\u0642\u062a\u0627\u0646"},"schema":{"@context":"https:\/\/schema.org","@graph":[{"@type":"WebPage","@id":"https:\/\/csnd-rdc.net\/agroalimentaire\/","url":"https:\/\/csnd-rdc.net\/agroalimentaire\/","name":"\u0627\u0644\u0632\u0631\u0627\u0639\u0629 \u0627\u0644\u063a\u0630\u0627\u0626\u064a\u0629 - \u0627\u0644\u0645\u062c\u0644\u0633 \u0627\u0644\u0648\u0637\u0646\u064a \u0627\u0644\u0627\u0633\u062a\u0631\u0627\u062a\u064a\u062c\u064a \u0644\u0644\u062a\u0646\u0645\u064a\u0629 \u0627\u0644\u0632\u0631\u0627\u0639\u064a\u0629","isPartOf":{"@id":"https:\/\/csnd-rdc.net\/#website"},"primaryImageOfPage":{"@id":"https:\/\/csnd-rdc.net\/agroalimentaire\/#primaryimage"},"image":{"@id":"https:\/\/csnd-rdc.net\/agroalimentaire\/#primaryimage"},"thumbnailUrl":"https:\/\/csnd-rdc.net\/wp-content\/uploads\/2021\/10\/Ferme-de-FUTUKA-300x225.jpg","datePublished":"2021-10-11T10:54:15+00:00","dateModified":"2021-11-21T21:01:03+00:00","description":"\u0642\u0637\u0627\u0639 \u0627\u0644\u0623\u063a\u0630\u064a\u0629 \u0627\u0644\u0632\u0631\u0627\u0639\u064a\u0629 \u0623\u0648 \u0642\u0637\u0627\u0639 \u0627\u0644\u0623\u063a\u0630\u064a\u0629 \u0627\u0644\u0632\u0631\u0627\u0639\u064a\u0629 \u0623\u0648 \u0642\u0637\u0627\u0639 \u0627\u0644\u0623\u063a\u0630\u064a\u0629 \u0627\u0644\u0632\u0631\u0627\u0639\u064a\u0629 \u0623\u0648 \u0627\u0644\u0645\u062c\u0645\u0639 \u0627\u0644\u0632\u0631\u0627\u0639\u064a \u0627\u0644\u0635\u0646\u0627\u0639\u064a \u0647\u0648 \u0642\u0637\u0627\u0639 \u0646\u0634\u0627\u0637 \u064a\u0642\u0627\u0628\u0644 \u0635\u0646\u0627\u0639\u0629 \u0627\u0644\u0623\u063a\u0630\u064a\u0629.","breadcrumb":{"@id":"https:\/\/csnd-rdc.net\/agroalimentaire\/#breadcrumb"},"inLanguage":"ar","potentialAction":[{"@type":"ReadAction","target":["https:\/\/csnd-rdc.net\/agroalimentaire\/"]}]},{"@type":"ImageObject","inLanguage":"ar","@id":"https:\/\/csnd-rdc.net\/agroalimentaire\/#primaryimage","url":"https:\/\/csnd-rdc.net\/wp-content\/uploads\/2021\/10\/Ferme-de-FUTUKA-300x225.jpg","contentUrl":"https:\/\/csnd-rdc.net\/wp-content\/uploads\/2021\/10\/Ferme-de-FUTUKA-300x225.jpg"},{"@type":"BreadcrumbList","@id":"https:\/\/csnd-rdc.net\/agroalimentaire\/#breadcrumb","itemListElement":[{"@type":"ListItem","position":1,"name":"Accueil","item":"https:\/\/csnd-rdc.net\/"},{"@type":"ListItem","position":2,"name":"Agroalimentaire"}]},{"@type":"WebSite","@id":"https:\/\/csnd-rdc.net\/#website","url":"https:\/\/csnd-rdc.net\/","name":"\u0627\u0644\u0645\u062c\u0644\u0633 \u0627\u0644\u0627\u0633\u062a\u0631\u0627\u062a\u064a\u062c\u064a \u0627\u0644\u0648\u0637\u0646\u064a \u0644\u0644\u062a\u0646\u0645\u064a\u0629","description":"\u0627\u0644\u0645\u0648\u0642\u0639 \u0627\u0644\u0631\u0633\u0645\u064a - \u062a\u0645 \u062a\u0637\u0648\u064a\u0631\u0647 \u0628\u0648\u0627\u0633\u0637\u0629 \u0634\u0631\u0643\u0629 E-Business Afrika Sarl","potentialAction":[{"@type":"SearchAction","target":{"@type":"EntryPoint","urlTemplate":"https:\/\/csnd-rdc.net\/?s={search_term_string}"},"query-input":{"@type":"PropertyValueSpecification","valueRequired":true,"valueName":"search_term_string"}}],"inLanguage":"ar"}]}},"campaignId":"","_links":{"self":[{"href":"https:\/\/csnd-rdc.net\/ar\/wp-json\/wp\/v2\/pages\/7232","targetHints":{"allow":["GET"]}}],"collection":[{"href":"https:\/\/csnd-rdc.net\/ar\/wp-json\/wp\/v2\/pages"}],"about":[{"href":"https:\/\/csnd-rdc.net\/ar\/wp-json\/wp\/v2\/types\/page"}],"author":[{"embeddable":true,"href":"https:\/\/csnd-rdc.net\/ar\/wp-json\/wp\/v2\/users\/1"}],"replies":[{"embeddable":true,"href":"https:\/\/csnd-rdc.net\/ar\/wp-json\/wp\/v2\/comments?post=7232"}],"version-history":[{"count":0,"href":"https:\/\/csnd-rdc.net\/ar\/wp-json\/wp\/v2\/pages\/7232\/revisions"}],"wp:attachment":[{"href":"https:\/\/csnd-rdc.net\/ar\/wp-json\/wp\/v2\/media?parent=7232"}],"curies":[{"name":"wp","href":"https:\/\/api.w.org\/{rel}","templated":true}]}}