{"id":6383,"date":"2021-08-27T11:01:59","date_gmt":"2021-08-27T10:01:59","guid":{"rendered":"https:\/\/www.csnd-rdc.net\/?page_id=6383"},"modified":"2021-08-27T11:13:47","modified_gmt":"2021-08-27T10:13:47","slug":"les-investissements-surs","status":"publish","type":"page","link":"https:\/\/csnd-rdc.net\/ar\/les-investissements-surs\/","title":{"rendered":"\u0627\u0644\u0627\u0633\u062a\u062b\u0645\u0627\u0631\u0627\u062a \u0627\u0644\u0622\u0645\u0646\u0629"},"content":{"rendered":"<section id=\"s1n2\" class=\"section section1\">\n<p id=\"pa4\" class=\"para\" style=\"text-align: justify;\">\u0648\u062a\u0648\u0641\u0631 \u0627\u0644\u062f\u0648\u0644 \u0627\u0644\u0623\u0639\u0636\u0627\u0621 \u0641\u064a \u0645\u0646\u0638\u0645\u0629 \u0645\u0648\u0627\u0621\u0645\u0629 \u0642\u0648\u0627\u0646\u064a\u0646 \u0627\u0644\u0623\u0639\u0645\u0627\u0644 \u0641\u064a \u0623\u0641\u0631\u064a\u0642\u064a\u0627 \u0636\u0645\u0627\u0646\u0627\u062a \u0642\u0627\u0646\u0648\u0646\u064a\u0629 \u0648\u0642\u0636\u0627\u0626\u064a\u0629 \u0644\u0644\u0645\u0633\u062a\u062b\u0645\u0631\u064a\u0646. \u0641\u0645\u0646 \u0648\u062c\u0647\u0629 \u0646\u0638\u0631 \u0642\u0627\u0646\u0648\u0646\u064a\u0629\u060c \u0646\u0635 \u0645\u0634\u0631\u0639 \u0627\u0644\u062c\u0645\u0627\u0639\u0629 \u0639\u0644\u0649 \u0642\u0648\u0627\u0639\u062f \u062d\u062f\u064a\u062b\u0629 \u062a\u0646\u0637\u0628\u0642 \u0639\u0644\u0649 \u0627\u0644\u0634\u0631\u0643\u0627\u062a\u060c \u0645\u0646\u0630 \u0625\u0646\u0634\u0627\u0626\u0647\u0627 \u0648\u062d\u062a\u0649 \u0625\u0641\u0644\u0627\u0633\u0647\u0627.<\/p>\n<p id=\"pa5\" class=\"para\" style=\"text-align: justify;\">\u0648\u0645\u0646 \u0628\u064a\u0646 \u0627\u0644\u0642\u0648\u0627\u0646\u064a\u0646 \u0627\u0644\u0645\u0648\u062d\u062f\u0629 \u0627\u0644\u0645\u0639\u0645\u0648\u0644 \u0628\u0647\u0627\u060c \u0647\u0646\u0627\u0643 \u062b\u0644\u0627\u062b\u0629 \u0642\u0648\u0627\u0646\u064a\u0646 \u0630\u0627\u062a \u0623\u0647\u0645\u064a\u0629 \u062e\u0627\u0635\u0629. \u0623\u0648\u0644\u0627\u064b\u060c \u064a\u062d\u062f\u062f \u0627\u0644\u0642\u0627\u0646\u0648\u0646 \u0627\u0644\u0645\u0648\u062d\u062f \u0627\u0644\u0645\u062a\u0639\u0644\u0642 \u0628\u0642\u0627\u0646\u0648\u0646 \u0627\u0644\u0634\u0631\u0643\u0627\u062a \u0627\u0644\u062a\u062c\u0627\u0631\u064a\u0629 \u0648\u0645\u062c\u0645\u0648\u0639\u0627\u062a \u0627\u0644\u0645\u0635\u0627\u0644\u062d \u0627\u0644\u0627\u0642\u062a\u0635\u0627\u062f\u064a\u0629 \u0625\u0637\u0627\u0631 \u0627\u0644\u0623\u0646\u0634\u0637\u0629 \u0627\u0644\u0627\u0642\u062a\u0635\u0627\u062f\u064a\u0629. \u0648\u064a\u0648\u0641\u0631 \u0644\u0644\u0645\u0634\u063a\u0644\u064a\u0646 \u0623\u0634\u0643\u0627\u0644\u0627\u064b \u0645\u062e\u062a\u0644\u0641\u0629 \u0645\u0646 \u0627\u0644\u0634\u0631\u0643\u0627\u062a\u060c \u062a\u062a\u0631\u0627\u0648\u062d \u0628\u064a\u0646 \u0627\u0644\u0634\u0631\u0627\u0643\u0627\u062a \u0648\u0627\u0644\u0634\u0631\u0643\u0627\u062a \u0627\u0644\u0645\u0633\u0627\u0647\u0645\u0629. \u0643\u0645\u0627 \u064a\u062c\u064a\u0632 \u0627\u0644\u0645\u0634\u0631\u0639\u0648\u0646 \u0641\u064a \u0623\u0648\u0647\u0627\u062f\u0627 \u0625\u0646\u0634\u0627\u0621 \u0634\u0631\u0643\u0627\u062a \u0627\u0644\u0634\u062e\u0635 \u0627\u0644\u0648\u0627\u062d\u062f \u0641\u064a \u0634\u0643\u0644 \u0634\u0631\u0643\u0629 \u0630\u0627\u062a \u0645\u0633\u0624\u0648\u0644\u064a\u0629 \u0645\u062d\u062f\u0648\u062f\u0629 \u0623\u0648 \u0634\u0631\u0643\u0629 \u0645\u0633\u0627\u0647\u0645\u0629. \u0648\u062b\u0627\u0646\u064a\u064b\u0627\u060c \u0644\u0636\u0645\u0627\u0646 \u0627\u0644\u0648\u0641\u0627\u0621 \u0628\u0627\u0644\u0627\u0644\u062a\u0632\u0627\u0645\u0627\u062a \u0641\u064a \u0627\u0644\u0648\u0642\u062a \u0627\u0644\u0645\u0646\u0627\u0633\u0628\u060c \u064a\u062c\u0648\u0632 \u0644\u0644\u0645\u0633\u062a\u062b\u0645\u0631\u064a\u0646 \u0627\u0644\u062d\u0635\u0648\u0644 \u0639\u0644\u0649 \u0636\u0645\u0627\u0646\u0627\u062a \u062d\u0642\u064a\u0642\u064a\u0629 \u0623\u0648 \u0634\u062e\u0635\u064a\u0629 \u0628\u0645\u0648\u062c\u0628 \u0627\u0644\u0642\u0627\u0646\u0648\u0646 \u0627\u0644\u0645\u0648\u062d\u062f \u0644\u0644\u0623\u0648\u0631\u0627\u0642 \u0627\u0644\u0645\u0627\u0644\u064a\u0629. \u0648\u0623\u062e\u064a\u0631\u0627\u064b\u060c \u064a\u062a\u0639\u0644\u0642 \u0627\u0644\u0642\u0627\u0646\u0648\u0646 \u0627\u0644\u0645\u0648\u062d\u062f \u0627\u0644\u0623\u0633\u0627\u0633\u064a \u0627\u0644\u062b\u0627\u0644\u062b\u060c \u0627\u0644\u0630\u064a \u062a\u0639\u062a\u0645\u062f \u0639\u0644\u064a\u0647 \u0641\u0639\u0627\u0644\u064a\u0629 \u0627\u0644\u0642\u0648\u0627\u0646\u064a\u0646 \u0627\u0644\u0623\u062e\u0631\u0649\u060c \u0628\u062a\u0646\u0638\u064a\u0645 \u0625\u062c\u0631\u0627\u0621\u0627\u062a \u0627\u0644\u0627\u0633\u062a\u0631\u062f\u0627\u062f \u0627\u0644\u0645\u0628\u0633\u0637\u0629 \u0648\u062a\u062f\u0627\u0628\u064a\u0631 \u0627\u0644\u0625\u0646\u0641\u0627\u0630. \u0648\u064a\u0646\u0628\u063a\u064a \u0623\u0646 \u064a\u0645\u0643\u0651\u0646 \u062a\u0646\u0641\u064a\u0630\u0647 \u0645\u0646 \u0627\u0644\u0627\u0633\u062a\u0631\u062f\u0627\u062f \u0627\u0644\u0633\u0631\u064a\u0639 \u0644\u0644\u062f\u064a\u0648\u0646 \u0648\u0627\u0644\u0625\u0646\u0641\u0627\u0630 \u0627\u0644\u0641\u0639\u0627\u0644 \u0644\u0644\u0623\u062d\u0643\u0627\u0645 (De Saba, 2005).<\/p>\n<p id=\"pa6\" class=\"para\" style=\"text-align: justify;\">\u0648\u062a\u062a\u0645\u062a\u0639 \u062c\u0645\u064a\u0639 \u0627\u0644\u0642\u0648\u0627\u0646\u064a\u0646 \u0627\u0644\u0645\u0648\u062d\u062f\u0629 \u0627\u0644\u0645\u0639\u062a\u0645\u062f\u0629 \u0628\u0645\u064a\u0632\u0629 \u0648\u0627\u0636\u062d\u0629 \u062a\u062a\u0645\u062b\u0644 \u0641\u064a \u0643\u0648\u0646\u0647\u0627 \u0625\u0644\u0632\u0627\u0645\u064a\u0629 \u0648\u0630\u0627\u062a \u062a\u0637\u0628\u064a\u0642 \u0645\u0628\u0627\u0634\u0631 \u0641\u064a \u0627\u0644\u0646\u0638\u0627\u0645 \u0627\u0644\u0642\u0627\u0646\u0648\u0646\u064a \u0627\u0644\u062f\u0627\u062e\u0644\u064a \u0644\u062f\u0648\u0644 \u0627\u0644\u0645\u0646\u0638\u0645\u0629. \u0648\u0645\u0646 \u062b\u0645 \u0641\u0625\u0646 \u0623\u064a \u062d\u0643\u0645 \u062a\u0634\u0631\u064a\u0639\u064a \u0623\u0648 \u062a\u0646\u0638\u064a\u0645\u064a \u0648\u0637\u0646\u064a \u0644\u0647 \u0646\u0641\u0633 \u0627\u0644\u063a\u0631\u0636 \u0645\u0646 \u0627\u0644\u0642\u0648\u0627\u0646\u064a\u0646 \u0627\u0644\u0645\u0648\u062d\u062f\u0629 \u064a\u064f\u0644\u063a\u0649.<\/p>\n<p id=\"pa7\" class=\"para\" style=\"text-align: justify;\">\u0648\u062a\u062a\u064a\u062d \u0627\u0644\u0628\u064a\u0626\u0629 \u0627\u0644\u062a\u064a \u0623\u0648\u062c\u062f\u0647\u0627 \u0642\u0627\u0646\u0648\u0646 \u0627\u0644\u0623\u0639\u0645\u0627\u0644 \u0627\u0644\u062c\u062f\u064a\u062f \u0644\u0644\u0645\u0633\u062a\u062b\u0645\u0631\u064a\u0646 \u0631\u0624\u064a\u0629 \u0648\u0627\u0636\u062d\u0629 \u0644\u0644\u0642\u0627\u0646\u0648\u0646 \u0627\u0644\u0645\u0646\u0637\u0628\u0642 \u0639\u0644\u0649 \u0639\u0645\u0644\u064a\u0627\u062a\u0647\u0645. \u0648\u0646\u062a\u064a\u062c\u0629 \u0644\u0630\u0644\u0643\u060c \u064a\u0645\u0643\u0646\u0647\u0645 \u062a\u0648\u0642\u0639 \u0627\u0644\u0645\u062e\u0627\u0637\u0631 \u0627\u0644\u0643\u0627\u0645\u0646\u0629 \u0641\u064a \u0623\u0646\u0634\u0637\u062a\u0647\u0645. \u0648\u0628\u0627\u0644\u062a\u0627\u0644\u064a\u060c \u064a\u0636\u0645\u0646 \u0642\u0627\u0646\u0648\u0646 \u0623\u0648\u0647\u0627\u062f\u0627 \u062f\u0631\u062c\u0629 \u0645\u0646 \u0627\u0644\u0642\u062f\u0631\u0629 \u0639\u0644\u0649 \u0627\u0644\u062a\u0646\u0628\u0624 \u0641\u064a \u062a\u0633\u0648\u064a\u0629 \u0627\u0644\u0645\u0646\u0627\u0632\u0639\u0627\u062a \u0644\u0645 \u062a\u0643\u0646 \u0645\u062a\u0648\u0641\u0631\u0629 \u0641\u064a \u0627\u0644\u0633\u0627\u0628\u0642.<\/p>\n<p id=\"pa8\" class=\"para\" style=\"text-align: justify;\">\u0648\u0641\u064a \u0646\u0647\u0627\u064a\u0629 \u0627\u0644\u0645\u0637\u0627\u0641\u060c \u064a\u0647\u062f\u0641 \u0627\u0644\u0639\u0645\u0644 \u0627\u0644\u062a\u0634\u0631\u064a\u0639\u064a \u0644\u0644\u0645\u0646\u0638\u0645\u0629 \u0643\u0643\u0644 \u0625\u0644\u0649 \u0637\u0645\u0623\u0646\u0629 \u0627\u0644\u0645\u0633\u062a\u062b\u0645\u0631\u064a\u0646. \u0648\u0644\u062a\u062d\u0642\u064a\u0642 \u0627\u0644\u063a\u0627\u064a\u0629 \u0646\u0641\u0633\u0647\u0627\u060c \u0644\u0645 \u064a\u0642\u062a\u0635\u0631 \u0645\u0631\u0648\u062c\u0648 \u0642\u0627\u0646\u0648\u0646 \u0627\u0644\u0623\u0639\u0645\u0627\u0644 \u0627\u0644\u062c\u062f\u064a\u062f \u0639\u0644\u0649 \u0635\u064a\u0627\u063a\u0629 \u0627\u0644\u0645\u0639\u0627\u064a\u064a\u0631 \u0627\u0644\u0642\u0627\u0646\u0648\u0646\u064a\u0629. \u0641\u0642\u062f \u0633\u0639\u0648\u0627 \u0623\u064a\u0636\u064b\u0627 \u0625\u0644\u0649 \u062a\u0648\u0641\u064a\u0631 \u0636\u0645\u0627\u0646\u0627\u062a \u0642\u0636\u0627\u0626\u064a\u0629 \u0641\u064a\u0645\u0627 \u064a\u062a\u0639\u0644\u0642 \u0628\u062a\u0637\u0628\u064a\u0642\u0647\u0627.<\/p>\n<p class=\"para\" style=\"text-align: justify;\">\u0633\u064a\u0638\u0644 \u062a\u0648\u062d\u064a\u062f \u0627\u0644\u0642\u0627\u0646\u0648\u0646 \u0627\u0644\u0630\u064a \u0628\u062f\u0623\u062a\u0647 \u0645\u0646\u0638\u0645\u0629 \u0645\u0648\u0627\u0621\u0645\u0629 \u0642\u0648\u0627\u0646\u064a\u0646 \u0627\u0644\u0623\u0639\u0645\u0627\u0644 \u0627\u0644\u062a\u062c\u0627\u0631\u064a\u0629 \u0627\u0644\u0632\u0631\u0627\u0639\u064a\u0629 \u0627\u0644\u062f\u0648\u0644\u064a\u0629 \u0646\u0638\u0631\u064a\u0627\u064b \u0625\u0630\u0627 \u062a\u0645 \u062a\u0637\u0628\u064a\u0642 \u0627\u0644\u0645\u0639\u0627\u064a\u064a\u0631 \u0627\u0644\u062a\u064a \u062a\u0636\u0639\u0647\u0627 \u0648\u062a\u0641\u0633\u064a\u0631\u0647\u0627 \u0628\u0634\u0643\u0644 \u0645\u062e\u062a\u0644\u0641 \u0641\u064a \u0627\u0644\u062f\u0648\u0644 \u0627\u0644\u0623\u0639\u0636\u0627\u0621. \u0641\u0627\u0644\u062a\u0648\u062d\u064a\u062f \u0627\u0644\u0642\u0627\u0646\u0648\u0646\u064a \u0643\u0627\u0646 \u0644\u0627 \u0628\u062f \u0623\u0646 \u064a\u0643\u0648\u0646 \u0645\u0635\u062d\u0648\u0628\u0627\u064b \u0628\u0627\u0644\u0636\u0631\u0648\u0631\u0629 \u0628\u062a\u0648\u062d\u064a\u062f \u0642\u0636\u0627\u0626\u064a \u0644\u0636\u0645\u0627\u0646 \u0645\u0628\u062f\u0623 \u0627\u0644\u0645\u0633\u0627\u0648\u0627\u0629 \u0641\u064a \u0627\u0644\u0645\u0639\u0627\u0645\u0644\u0629 \u0644\u0644\u0645\u062a\u0639\u0627\u0645\u0644\u064a\u0646 \u0627\u0644\u0627\u0642\u062a\u0635\u0627\u062f\u064a\u064a\u0646. \u0644\u0630\u0644\u0643 \u062a\u0645 \u0625\u0646\u0634\u0627\u0621 \u0645\u062d\u0643\u0645\u0629 \u0627\u0644\u0639\u062f\u0644 \u0648\u0627\u0644\u062a\u062d\u0643\u064a\u0645 \u0627\u0644\u0645\u0634\u062a\u0631\u0643\u0629\u060c \u0627\u0644\u062a\u064a \u062a\u062a\u0645\u062a\u0639 \u0628\u0627\u0645\u062a\u064a\u0627\u0632\u0627\u062a \u0648\u062d\u0635\u0627\u0646\u0627\u062a \u062f\u0628\u0644\u0648\u0645\u0627\u0633\u064a\u0629. \u0645\u0646 \u0627\u0644\u0646\u0627\u062d\u064a\u0629 \u0627\u0644\u0639\u0645\u0644\u064a\u0629\u060c \u0641\u0625\u0646 \u062a\u0633\u0648\u064a\u0629 \u0627\u0644\u0645\u0646\u0627\u0632\u0639\u0627\u062a \u0627\u0644\u0645\u062a\u0639\u0644\u0642\u0629 \u0628\u062a\u0637\u0628\u064a\u0642 \u0627\u0644\u0642\u0648\u0627\u0646\u064a\u0646 \u0627\u0644\u0645\u0648\u062d\u062f\u0629 \u0647\u064a \u0645\u0646 \u0627\u062e\u062a\u0635\u0627\u0635 \u0645\u062d\u0627\u0643\u0645 \u0627\u0644\u062f\u0648\u0644 \u0627\u0644\u0645\u062a\u0639\u0627\u0642\u062f\u0629 \u0641\u064a \u0627\u0644\u0645\u0631\u062d\u0644\u0629 \u0627\u0644\u0627\u0628\u062a\u062f\u0627\u0626\u064a\u0629 \u0648\u0627\u0644\u0627\u0633\u062a\u0626\u0646\u0627\u0641. \u0623\u0645\u0627 \u0627\u0644\u0637\u0639\u0648\u0646 \u0627\u0644\u0645\u062a\u0639\u0644\u0642\u0629 \u0628\u0627\u0644\u0646\u0642\u0627\u0637 \u0627\u0644\u0642\u0627\u0646\u0648\u0646\u064a\u0629 \u0641\u0647\u064a \u0645\u0646 \u0627\u062e\u062a\u0635\u0627\u0635 \u0645\u062d\u0643\u0645\u0629 \u0627\u0644\u0639\u062f\u0644 \u0627\u0644\u062f\u0648\u0644\u064a\u0629 \u0627\u0644\u062a\u064a \u064a\u0648\u062c\u062f \u0645\u0642\u0631\u0647\u0627 \u0641\u064a \u0623\u0628\u064a\u062f\u062c\u0627\u0646 (\u062c\u0645\u0647\u0648\u0631\u064a\u0629 \u0643\u0648\u062a \u062f\u064a\u0641\u0648\u0627\u0631).<\/p>\n<\/section>","protected":false},"excerpt":{"rendered":"<p>Les \u00c9tats de l\u2019OHADA offrent aux investisseurs des garanties d\u2019ordre normatif et judiciaire. D\u2019un point de vue normatif, le l\u00e9gislateur communautaire a pr\u00e9vu des r\u00e8gles modernes applicables aux soci\u00e9t\u00e9s, depuis leur cr\u00e9ation jusqu\u2019\u00e0 leur faillite. Parmi les Actes uniformes en vigueur, trois sont particuli\u00e8rement importants. Premi\u00e8rement, l\u2019Acte uniforme relatif au droit des soci\u00e9t\u00e9s commerciales et [&hellip;]<\/p>","protected":false},"author":1,"featured_media":0,"parent":0,"menu_order":0,"comment_status":"closed","ping_status":"closed","template":"","meta":{"give_campaign_id":0,"inline_featured_image":false,"footnotes":""},"class_list":["post-6383","page","type-page","status-publish","hentry"],"yoast_head":"<!-- This site is optimized with the Yoast SEO plugin v26.1 - https:\/\/yoast.com\/wordpress\/plugins\/seo\/ -->\n<title>Les investissements s\u00fbrs - CSND Site Web Officiel<\/title>\n<meta name=\"description\" content=\"La capacit\u00e9 du continent africain \u00e0 mobiliser les fonds n\u00e9cessaires \u00e0 son d\u00e9veloppement est en dessous de z\u00e9ro en d\u00e9pit de ses atouts ...\" \/>\n<meta name=\"robots\" content=\"index, follow, max-snippet:-1, max-image-preview:large, max-video-preview:-1\" \/>\n<link rel=\"canonical\" href=\"https:\/\/csnd-rdc.net\/ar\/les-investissements-surs\/\" \/>\n<meta property=\"og:locale\" content=\"ar_AR\" \/>\n<meta property=\"og:type\" content=\"article\" \/>\n<meta property=\"og:title\" content=\"Les investissements s\u00fbrs - CSND Site Web Officiel\" \/>\n<meta property=\"og:description\" content=\"La capacit\u00e9 du continent africain \u00e0 mobiliser les fonds n\u00e9cessaires \u00e0 son d\u00e9veloppement est en dessous de z\u00e9ro en d\u00e9pit de ses atouts ...\" \/>\n<meta property=\"og:url\" content=\"https:\/\/csnd-rdc.net\/ar\/les-investissements-surs\/\" \/>\n<meta property=\"og:site_name\" content=\"Conseil Strat\u00e9gique National pour le D\u00e9veloppement\" \/>\n<meta property=\"article:modified_time\" content=\"2021-08-27T10:13:47+00:00\" \/>\n<meta name=\"twitter:card\" content=\"summary_large_image\" \/>\n<meta name=\"twitter:label1\" content=\"\u0648\u0642\u062a \u0627\u0644\u0642\u0631\u0627\u0621\u0629 \u0627\u0644\u0645\u064f\u0642\u062f\u0651\u0631\" \/>\n\t<meta name=\"twitter:data1\" content=\"\u062f\u0642\u064a\u0642\u062a\u0627\u0646\" \/>\n<script type=\"application\/ld+json\" class=\"yoast-schema-graph\">{\"@context\":\"https:\/\/schema.org\",\"@graph\":[{\"@type\":\"WebPage\",\"@id\":\"https:\/\/csnd-rdc.net\/les-investissements-surs\/\",\"url\":\"https:\/\/csnd-rdc.net\/les-investissements-surs\/\",\"name\":\"Les investissements s\u00fbrs - CSND Site Web Officiel\",\"isPartOf\":{\"@id\":\"https:\/\/csnd-rdc.net\/#website\"},\"datePublished\":\"2021-08-27T10:01:59+00:00\",\"dateModified\":\"2021-08-27T10:13:47+00:00\",\"description\":\"La capacit\u00e9 du continent africain \u00e0 mobiliser les fonds n\u00e9cessaires \u00e0 son d\u00e9veloppement est en dessous de z\u00e9ro en d\u00e9pit de ses atouts ...\",\"breadcrumb\":{\"@id\":\"https:\/\/csnd-rdc.net\/les-investissements-surs\/#breadcrumb\"},\"inLanguage\":\"ar\",\"potentialAction\":[{\"@type\":\"ReadAction\",\"target\":[\"https:\/\/csnd-rdc.net\/les-investissements-surs\/\"]}]},{\"@type\":\"BreadcrumbList\",\"@id\":\"https:\/\/csnd-rdc.net\/les-investissements-surs\/#breadcrumb\",\"itemListElement\":[{\"@type\":\"ListItem\",\"position\":1,\"name\":\"Accueil\",\"item\":\"https:\/\/csnd-rdc.net\/\"},{\"@type\":\"ListItem\",\"position\":2,\"name\":\"Les investissements s\u00fbrs\"}]},{\"@type\":\"WebSite\",\"@id\":\"https:\/\/csnd-rdc.net\/#website\",\"url\":\"https:\/\/csnd-rdc.net\/\",\"name\":\"Conseil Strat\u00e9gique National pour le D\u00e9veloppement\",\"description\":\"Site Web Officiel - D\u00e9velopp\u00e9 par E-Business Afrika Sarl\",\"potentialAction\":[{\"@type\":\"SearchAction\",\"target\":{\"@type\":\"EntryPoint\",\"urlTemplate\":\"https:\/\/csnd-rdc.net\/?s={search_term_string}\"},\"query-input\":{\"@type\":\"PropertyValueSpecification\",\"valueRequired\":true,\"valueName\":\"search_term_string\"}}],\"inLanguage\":\"ar\"}]}<\/script>\n<!-- \/ Yoast SEO plugin. -->","yoast_head_json":{"title":"\u0627\u0644\u0627\u0633\u062a\u062b\u0645\u0627\u0631\u0627\u062a \u0627\u0644\u0622\u0645\u0646\u0629 - \u0627\u0644\u0645\u0648\u0642\u0639 \u0627\u0644\u0631\u0633\u0645\u064a \u0644\u0634\u0628\u0643\u0629 CSND","description":"\u0625\u0646 \u0642\u062f\u0631\u0629 \u0627\u0644\u0642\u0627\u0631\u0629 \u0627\u0644\u0623\u0641\u0631\u064a\u0642\u064a\u0629 \u0639\u0644\u0649 \u062a\u0639\u0628\u0626\u0629 \u0627\u0644\u0623\u0645\u0648\u0627\u0644 \u0627\u0644\u062a\u064a \u062a\u062d\u062a\u0627\u062c\u0647\u0627 \u0645\u0646 \u0623\u062c\u0644 \u0627\u0644\u062a\u0646\u0645\u064a\u0629 \u0647\u064a \u062f\u0648\u0646 \u0627\u0644\u0635\u0641\u0631\u060c \u0639\u0644\u0649 \u0627\u0644\u0631\u063a\u0645 \u0645\u0646 \u0646\u0642\u0627\u0637 \u0627\u0644\u0642\u0648\u0629 \u0627\u0644\u062a\u064a \u062a\u062a\u0645\u062a\u0639 \u0628\u0647\u0627...","robots":{"index":"index","follow":"follow","max-snippet":"max-snippet:-1","max-image-preview":"max-image-preview:large","max-video-preview":"max-video-preview:-1"},"canonical":"https:\/\/csnd-rdc.net\/ar\/les-investissements-surs\/","og_locale":"ar_AR","og_type":"article","og_title":"Les investissements s\u00fbrs - CSND Site Web Officiel","og_description":"La capacit\u00e9 du continent africain \u00e0 mobiliser les fonds n\u00e9cessaires \u00e0 son d\u00e9veloppement est en dessous de z\u00e9ro en d\u00e9pit de ses atouts ...","og_url":"https:\/\/csnd-rdc.net\/ar\/les-investissements-surs\/","og_site_name":"Conseil Strat\u00e9gique National pour le D\u00e9veloppement","article_modified_time":"2021-08-27T10:13:47+00:00","twitter_card":"summary_large_image","twitter_misc":{"\u0648\u0642\u062a \u0627\u0644\u0642\u0631\u0627\u0621\u0629 \u0627\u0644\u0645\u064f\u0642\u062f\u0651\u0631":"\u062f\u0642\u064a\u0642\u062a\u0627\u0646"},"schema":{"@context":"https:\/\/schema.org","@graph":[{"@type":"WebPage","@id":"https:\/\/csnd-rdc.net\/les-investissements-surs\/","url":"https:\/\/csnd-rdc.net\/les-investissements-surs\/","name":"\u0627\u0644\u0627\u0633\u062a\u062b\u0645\u0627\u0631\u0627\u062a \u0627\u0644\u0622\u0645\u0646\u0629 - \u0627\u0644\u0645\u0648\u0642\u0639 \u0627\u0644\u0631\u0633\u0645\u064a \u0644\u0634\u0628\u0643\u0629 CSND","isPartOf":{"@id":"https:\/\/csnd-rdc.net\/#website"},"datePublished":"2021-08-27T10:01:59+00:00","dateModified":"2021-08-27T10:13:47+00:00","description":"\u0625\u0646 \u0642\u062f\u0631\u0629 \u0627\u0644\u0642\u0627\u0631\u0629 \u0627\u0644\u0623\u0641\u0631\u064a\u0642\u064a\u0629 \u0639\u0644\u0649 \u062a\u0639\u0628\u0626\u0629 \u0627\u0644\u0623\u0645\u0648\u0627\u0644 \u0627\u0644\u062a\u064a \u062a\u062d\u062a\u0627\u062c\u0647\u0627 \u0645\u0646 \u0623\u062c\u0644 \u0627\u0644\u062a\u0646\u0645\u064a\u0629 \u0647\u064a \u062f\u0648\u0646 \u0627\u0644\u0635\u0641\u0631\u060c \u0639\u0644\u0649 \u0627\u0644\u0631\u063a\u0645 \u0645\u0646 \u0646\u0642\u0627\u0637 \u0627\u0644\u0642\u0648\u0629 \u0627\u0644\u062a\u064a \u062a\u062a\u0645\u062a\u0639 \u0628\u0647\u0627...","breadcrumb":{"@id":"https:\/\/csnd-rdc.net\/les-investissements-surs\/#breadcrumb"},"inLanguage":"ar","potentialAction":[{"@type":"ReadAction","target":["https:\/\/csnd-rdc.net\/les-investissements-surs\/"]}]},{"@type":"BreadcrumbList","@id":"https:\/\/csnd-rdc.net\/les-investissements-surs\/#breadcrumb","itemListElement":[{"@type":"ListItem","position":1,"name":"Accueil","item":"https:\/\/csnd-rdc.net\/"},{"@type":"ListItem","position":2,"name":"Les investissements s\u00fbrs"}]},{"@type":"WebSite","@id":"https:\/\/csnd-rdc.net\/#website","url":"https:\/\/csnd-rdc.net\/","name":"\u0627\u0644\u0645\u062c\u0644\u0633 \u0627\u0644\u0627\u0633\u062a\u0631\u0627\u062a\u064a\u062c\u064a \u0627\u0644\u0648\u0637\u0646\u064a \u0644\u0644\u062a\u0646\u0645\u064a\u0629","description":"\u0627\u0644\u0645\u0648\u0642\u0639 \u0627\u0644\u0631\u0633\u0645\u064a - \u062a\u0645 \u062a\u0637\u0648\u064a\u0631\u0647 \u0628\u0648\u0627\u0633\u0637\u0629 \u0634\u0631\u0643\u0629 E-Business Afrika Sarl","potentialAction":[{"@type":"SearchAction","target":{"@type":"EntryPoint","urlTemplate":"https:\/\/csnd-rdc.net\/?s={search_term_string}"},"query-input":{"@type":"PropertyValueSpecification","valueRequired":true,"valueName":"search_term_string"}}],"inLanguage":"ar"}]}},"campaignId":"","_links":{"self":[{"href":"https:\/\/csnd-rdc.net\/ar\/wp-json\/wp\/v2\/pages\/6383","targetHints":{"allow":["GET"]}}],"collection":[{"href":"https:\/\/csnd-rdc.net\/ar\/wp-json\/wp\/v2\/pages"}],"about":[{"href":"https:\/\/csnd-rdc.net\/ar\/wp-json\/wp\/v2\/types\/page"}],"author":[{"embeddable":true,"href":"https:\/\/csnd-rdc.net\/ar\/wp-json\/wp\/v2\/users\/1"}],"replies":[{"embeddable":true,"href":"https:\/\/csnd-rdc.net\/ar\/wp-json\/wp\/v2\/comments?post=6383"}],"version-history":[{"count":0,"href":"https:\/\/csnd-rdc.net\/ar\/wp-json\/wp\/v2\/pages\/6383\/revisions"}],"wp:attachment":[{"href":"https:\/\/csnd-rdc.net\/ar\/wp-json\/wp\/v2\/media?parent=6383"}],"curies":[{"name":"wp","href":"https:\/\/api.w.org\/{rel}","templated":true}]}}